{"id":14174,"date":"2020-07-25T17:11:49","date_gmt":"2020-07-25T17:11:49","guid":{"rendered":"https:\/\/basakcilastik.com.tr\/?post_type=product&#038;p=14174"},"modified":"2020-07-25T17:11:50","modified_gmt":"2020-07-25T17:11:50","slug":"havali-tornavida-pistonlu-pg-30804","status":"publish","type":"product","link":"http:\/\/basakcilastik.com.tr\/?product=havali-tornavida-pistonlu-pg-30804","title":{"rendered":"Haval\u0131 Tornavida Pistonlu &#8211; PG 30804"},"content":{"rendered":"<p><strong>\u00dcr\u00fcn Teknik Bilgileri<\/strong><\/p>\n<table width=\"100%\">\n<tbody>\n<tr>\n<td width=\"50%\"><strong>Bits U\u00e7 \u00d6l\u00e7\u00fcs\u00fc<\/strong><\/td>\n<td width=\"50%\"><strong>1\/4 Veya 6,35<\/strong><\/td>\n<\/tr>\n<tr>\n<td><strong>Maximum Vida \u00d6l\u00e7\u00fcs\u00fc<\/strong><\/td>\n<td><strong>6 mm<\/strong><\/td>\n<\/tr>\n<tr>\n<td><strong>Serbest Devir d\/d<\/strong><\/td>\n<td><strong>1800<\/strong><\/td>\n<\/tr>\n<tr>\n<td><strong>Tork G\u00fcc\u00fc KG\/M<\/strong><\/td>\n<td><strong>45-145<\/strong><\/td>\n<\/tr>\n<tr>\n<td><strong>Hava Sarfiyat\u0131 M3\/d<\/strong><\/td>\n<td><strong>113<\/strong><\/td>\n<\/tr>\n<tr>\n<td><strong>Hava Ba\u011flant\u0131s\u0131<\/strong><\/td>\n<td><strong>1\/4&#8243;<\/strong><\/td>\n<\/tr>\n<tr>\n<td><strong>Kesintisiz \u00c7al\u0131\u015fma Komp.<\/strong><\/td>\n<td><strong>1,5 HP<\/strong><\/td>\n<\/tr>\n<tr>\n<td><strong>Uzunlu\u011fu<\/strong><\/td>\n<td><strong>178<\/strong><\/td>\n<\/tr>\n<tr>\n<td><strong>A\u011f\u0131rl\u0131\u011f\u0131 kg<\/strong><\/td>\n<td><strong>1,10<\/strong><\/td>\n<\/tr>\n<\/tbody>\n<\/table>\n<p>&nbsp;<\/p>\n","protected":false},"excerpt":{"rendered":"<p>\u00dcr\u00fcn Teknik Bilgileri Bits U\u00e7 \u00d6l\u00e7\u00fcs\u00fc 1\/4 Veya 6,35 Maximum Vida \u00d6l\u00e7\u00fcs\u00fc 6 mm Serbest Devir d\/d 1800 Tork G\u00fcc\u00fc KG\/M 45-145 Hava Sarfiyat\u0131 M3\/d 113 Hava Ba\u011flant\u0131s\u0131 1\/4&#8243; Kesintisiz \u00c7al\u0131\u015fma Komp. 1,5 HP Uzunlu\u011fu 178 A\u011f\u0131rl\u0131\u011f\u0131 kg 1,10 &nbsp;<\/p>\n","protected":false},"featured_media":14177,"comment_status":"open","ping_status":"closed","template":"","meta":[],"product_brand":[],"product_cat":[15,90,111],"product_tag":[],"class_list":{"0":"post-14174","1":"product","2":"type-product","3":"status-publish","4":"has-post-thumbnail","6":"product_cat-genel","7":"product_cat-havali-aletler","8":"product_cat-tornavidalar-havali-aletler","10":"first","11":"instock","12":"shipping-taxable","13":"product-type-simple"},"_links":{"self":[{"href":"http:\/\/basakcilastik.com.tr\/index.php?rest_route=\/wp\/v2\/product\/14174","targetHints":{"allow":["GET"]}}],"collection":[{"href":"http:\/\/basakcilastik.com.tr\/index.php?rest_route=\/wp\/v2\/product"}],"about":[{"href":"http:\/\/basakcilastik.com.tr\/index.php?rest_route=\/wp\/v2\/types\/product"}],"replies":[{"embeddable":true,"href":"http:\/\/basakcilastik.com.tr\/index.php?rest_route=%2Fwp%2Fv2%2Fcomments&post=14174"}],"wp:featuredmedia":[{"embeddable":true,"href":"http:\/\/basakcilastik.com.tr\/index.php?rest_route=\/wp\/v2\/media\/14177"}],"wp:attachment":[{"href":"http:\/\/basakcilastik.com.tr\/index.php?rest_route=%2Fwp%2Fv2%2Fmedia&parent=14174"}],"wp:term":[{"taxonomy":"product_brand","embeddable":true,"href":"http:\/\/basakcilastik.com.tr\/index.php?rest_route=%2Fwp%2Fv2%2Fproduct_brand&post=14174"},{"taxonomy":"product_cat","embeddable":true,"href":"http:\/\/basakcilastik.com.tr\/index.php?rest_route=%2Fwp%2Fv2%2Fproduct_cat&post=14174"},{"taxonomy":"product_tag","embeddable":true,"href":"http:\/\/basakcilastik.com.tr\/index.php?rest_route=%2Fwp%2Fv2%2Fproduct_tag&post=14174"}],"curies":[{"name":"wp","href":"https:\/\/api.w.org\/{rel}","templated":true}]}}