{"id":14162,"date":"2020-07-25T17:08:21","date_gmt":"2020-07-25T17:08:21","guid":{"rendered":"https:\/\/basakcilastik.com.tr\/?post_type=product&#038;p=14162"},"modified":"2020-07-25T17:08:22","modified_gmt":"2020-07-25T17:08:22","slug":"havali-tornavida-pg-30504","status":"publish","type":"product","link":"http:\/\/basakcilastik.com.tr\/?product=havali-tornavida-pg-30504","title":{"rendered":"Haval\u0131 Tornavida &#8211; PG 30504"},"content":{"rendered":"<p><strong>\u00dcr\u00fcn Teknik Bilgileri<\/strong><\/p>\n<table width=\"100%\">\n<tbody>\n<tr>\n<td width=\"50%\"><strong>Bits U\u00e7 \u00d6l\u00e7\u00fcs\u00fc<\/strong><\/td>\n<td width=\"50%\"><strong>1\/4 Veya 6,35<\/strong><\/td>\n<\/tr>\n<tr>\n<td><strong>Maximum Vida \u00d6l\u00e7\u00fcs\u00fc<\/strong><\/td>\n<td><strong>4 mm<\/strong><\/td>\n<\/tr>\n<tr>\n<td><strong>Serbest Devir d\/d<\/strong><\/td>\n<td><strong>1500<\/strong><\/td>\n<\/tr>\n<tr>\n<td><strong>Tork G\u00fcc\u00fc KG\/M<\/strong><\/td>\n<td><strong>11,5-35<\/strong><\/td>\n<\/tr>\n<tr>\n<td><strong>Hava Bas\u0131nc\u0131 kg\/cm2<\/strong><\/td>\n<td><strong>6,5<\/strong><\/td>\n<\/tr>\n<tr>\n<td><strong>Hava Sarfiyat\u0131 M3\/d<\/strong><\/td>\n<td><strong>142<\/strong><\/td>\n<\/tr>\n<tr>\n<td><strong>Hava Ba\u011flant\u0131s\u0131<\/strong><\/td>\n<td><strong>1\/8&#8243;<\/strong><\/td>\n<\/tr>\n<tr>\n<td><strong>Kesintisiz \u00c7al\u0131\u015fma Komp.<\/strong><\/td>\n<td><strong>1.5 HP<\/strong><\/td>\n<\/tr>\n<tr>\n<td><strong>Uzunlu\u011fu<\/strong><\/td>\n<td><strong>210<\/strong><\/td>\n<\/tr>\n<tr>\n<td><strong>A\u011f\u0131rl\u0131\u011f\u0131 kg<\/strong><\/td>\n<td><strong>0,60<\/strong><\/td>\n<\/tr>\n<\/tbody>\n<\/table>\n<p>&nbsp;<\/p>\n","protected":false},"excerpt":{"rendered":"<p>\u00dcr\u00fcn Teknik Bilgileri Bits U\u00e7 \u00d6l\u00e7\u00fcs\u00fc 1\/4 Veya 6,35 Maximum Vida \u00d6l\u00e7\u00fcs\u00fc 4 mm Serbest Devir d\/d 1500 Tork G\u00fcc\u00fc KG\/M 11,5-35 Hava Bas\u0131nc\u0131 kg\/cm2 6,5 Hava Sarfiyat\u0131 M3\/d 142 Hava Ba\u011flant\u0131s\u0131 1\/8&#8243; Kesintisiz \u00c7al\u0131\u015fma Komp. 1.5 HP Uzunlu\u011fu 210 A\u011f\u0131rl\u0131\u011f\u0131 kg 0,60 &nbsp;<\/p>\n","protected":false},"featured_media":14165,"comment_status":"open","ping_status":"closed","template":"","meta":[],"product_brand":[],"product_cat":[15,90,111],"product_tag":[],"class_list":{"0":"post-14162","1":"product","2":"type-product","3":"status-publish","4":"has-post-thumbnail","6":"product_cat-genel","7":"product_cat-havali-aletler","8":"product_cat-tornavidalar-havali-aletler","10":"first","11":"instock","12":"shipping-taxable","13":"product-type-simple"},"_links":{"self":[{"href":"http:\/\/basakcilastik.com.tr\/index.php?rest_route=\/wp\/v2\/product\/14162","targetHints":{"allow":["GET"]}}],"collection":[{"href":"http:\/\/basakcilastik.com.tr\/index.php?rest_route=\/wp\/v2\/product"}],"about":[{"href":"http:\/\/basakcilastik.com.tr\/index.php?rest_route=\/wp\/v2\/types\/product"}],"replies":[{"embeddable":true,"href":"http:\/\/basakcilastik.com.tr\/index.php?rest_route=%2Fwp%2Fv2%2Fcomments&post=14162"}],"wp:featuredmedia":[{"embeddable":true,"href":"http:\/\/basakcilastik.com.tr\/index.php?rest_route=\/wp\/v2\/media\/14165"}],"wp:attachment":[{"href":"http:\/\/basakcilastik.com.tr\/index.php?rest_route=%2Fwp%2Fv2%2Fmedia&parent=14162"}],"wp:term":[{"taxonomy":"product_brand","embeddable":true,"href":"http:\/\/basakcilastik.com.tr\/index.php?rest_route=%2Fwp%2Fv2%2Fproduct_brand&post=14162"},{"taxonomy":"product_cat","embeddable":true,"href":"http:\/\/basakcilastik.com.tr\/index.php?rest_route=%2Fwp%2Fv2%2Fproduct_cat&post=14162"},{"taxonomy":"product_tag","embeddable":true,"href":"http:\/\/basakcilastik.com.tr\/index.php?rest_route=%2Fwp%2Fv2%2Fproduct_tag&post=14162"}],"curies":[{"name":"wp","href":"https:\/\/api.w.org\/{rel}","templated":true}]}}