{"id":14141,"date":"2020-07-25T16:26:01","date_gmt":"2020-07-25T16:26:01","guid":{"rendered":"https:\/\/basakcilastik.com.tr\/?post_type=product&#038;p=14141"},"modified":"2020-07-25T16:26:01","modified_gmt":"2020-07-25T16:26:01","slug":"tecna-balanser-9354-9359","status":"publish","type":"product","link":"http:\/\/basakcilastik.com.tr\/?product=tecna-balanser-9354-9359","title":{"rendered":"Tecna Balanser 9354-9359"},"content":{"rendered":"<table width=\"300\">\n<tbody>\n<tr>\n<td><strong>KOD<\/strong><\/td>\n<td><strong>\u00a0KAPAS\u0130TE<\/strong><\/td>\n<td><strong>\u00a0UZUNLUK<\/strong><\/td>\n<td><strong>\u00a0A\u011eIRLIK<\/strong><\/td>\n<td><strong>HALAT<\/strong><\/td>\n<td><strong>G\u00d6VDE<\/strong><\/td>\n<\/tr>\n<tr>\n<td>9357<\/td>\n<td>14\u00f718<\/td>\n<td>2500 mm<\/td>\n<td>6,26<\/td>\n<td>\u0130nox<\/td>\n<td>Al\u00fcm.<\/td>\n<\/tr>\n<tr>\n<td>9358<\/td>\n<td>18\u00f722<\/td>\n<td>2500 mm<\/td>\n<td>5,89<\/td>\n<td>\u0130nox<\/td>\n<td>Al\u00fcm.<\/td>\n<\/tr>\n<tr>\n<td>9359<\/td>\n<td>22\u00f725<\/td>\n<td>2500 mm<\/td>\n<td>6,53<\/td>\n<td>\u0130nox<\/td>\n<td>Al\u00fcm.<\/td>\n<\/tr>\n<\/tbody>\n<\/table>\n<p>&nbsp;<\/p>\n","protected":false},"excerpt":{"rendered":"<p>KOD \u00a0KAPAS\u0130TE \u00a0UZUNLUK \u00a0A\u011eIRLIK HALAT G\u00d6VDE 9357 14\u00f718 2500 mm 6,26 \u0130nox Al\u00fcm. 9358 18\u00f722 2500 mm 5,89 \u0130nox Al\u00fcm. 9359 22\u00f725 2500 mm 6,53 \u0130nox Al\u00fcm. &nbsp;<\/p>\n","protected":false},"featured_media":14144,"comment_status":"open","ping_status":"closed","template":"","meta":[],"product_brand":[],"product_cat":[15,90,110],"product_tag":[],"class_list":{"0":"post-14141","1":"product","2":"type-product","3":"status-publish","4":"has-post-thumbnail","6":"product_cat-genel","7":"product_cat-havali-aletler","8":"product_cat-tecna-balanserler","10":"first","11":"instock","12":"shipping-taxable","13":"product-type-simple"},"_links":{"self":[{"href":"http:\/\/basakcilastik.com.tr\/index.php?rest_route=\/wp\/v2\/product\/14141","targetHints":{"allow":["GET"]}}],"collection":[{"href":"http:\/\/basakcilastik.com.tr\/index.php?rest_route=\/wp\/v2\/product"}],"about":[{"href":"http:\/\/basakcilastik.com.tr\/index.php?rest_route=\/wp\/v2\/types\/product"}],"replies":[{"embeddable":true,"href":"http:\/\/basakcilastik.com.tr\/index.php?rest_route=%2Fwp%2Fv2%2Fcomments&post=14141"}],"wp:featuredmedia":[{"embeddable":true,"href":"http:\/\/basakcilastik.com.tr\/index.php?rest_route=\/wp\/v2\/media\/14144"}],"wp:attachment":[{"href":"http:\/\/basakcilastik.com.tr\/index.php?rest_route=%2Fwp%2Fv2%2Fmedia&parent=14141"}],"wp:term":[{"taxonomy":"product_brand","embeddable":true,"href":"http:\/\/basakcilastik.com.tr\/index.php?rest_route=%2Fwp%2Fv2%2Fproduct_brand&post=14141"},{"taxonomy":"product_cat","embeddable":true,"href":"http:\/\/basakcilastik.com.tr\/index.php?rest_route=%2Fwp%2Fv2%2Fproduct_cat&post=14141"},{"taxonomy":"product_tag","embeddable":true,"href":"http:\/\/basakcilastik.com.tr\/index.php?rest_route=%2Fwp%2Fv2%2Fproduct_tag&post=14141"}],"curies":[{"name":"wp","href":"https:\/\/api.w.org\/{rel}","templated":true}]}}