{"id":14139,"date":"2020-07-25T16:25:29","date_gmt":"2020-07-25T16:25:29","guid":{"rendered":"https:\/\/basakcilastik.com.tr\/?post_type=product&#038;p=14139"},"modified":"2020-07-25T16:25:30","modified_gmt":"2020-07-25T16:25:30","slug":"tecna-balanser-9367-9369","status":"publish","type":"product","link":"http:\/\/basakcilastik.com.tr\/?product=tecna-balanser-9367-9369","title":{"rendered":"Tecna Balanser  9367-9369"},"content":{"rendered":"<table width=\"300\">\n<tbody>\n<tr>\n<td><strong>KOD<\/strong><\/td>\n<td><strong>\u00a0KAPAS\u0130TE<\/strong><\/td>\n<td><strong>\u00a0UZUNLUK<\/strong><\/td>\n<td><strong>\u00a0A\u011eIRLIK<\/strong><\/td>\n<td><strong>HALAT<\/strong><\/td>\n<td><strong>G\u00d6VDE<\/strong><\/td>\n<\/tr>\n<tr>\n<td>9367<\/td>\n<td>45\u00f755<\/td>\n<td>2000 mm<\/td>\n<td>11,03<\/td>\n<td>\u0130nox<\/td>\n<td>Al\u00fcm.<\/td>\n<\/tr>\n<tr>\n<td>9368<\/td>\n<td>55\u00f765<\/td>\n<td>2000 mm<\/td>\n<td>11,87<\/td>\n<td>\u0130nox<\/td>\n<td>Al\u00fcm.<\/td>\n<\/tr>\n<tr>\n<td>9369<\/td>\n<td>65\u00f775<\/td>\n<td>\u00a02000 mm<\/td>\n<td>12,67<\/td>\n<td>\u0130nox<\/td>\n<td>Al\u00fcm.<\/td>\n<\/tr>\n<tr>\n<td>9370<\/td>\n<td>75\u00f790<\/td>\n<td>2000 mm<\/td>\n<td>15,65<\/td>\n<td>\u0130nox<\/td>\n<td>Alm.<\/td>\n<\/tr>\n<tr>\n<td>9371<\/td>\n<td>90\u00f7105<\/td>\n<td>2000 mm<\/td>\n<td>16,58<\/td>\n<td>\u0130nox<\/td>\n<td>Alm.<\/td>\n<\/tr>\n<\/tbody>\n<\/table>\n<p>&nbsp;<\/p>\n","protected":false},"excerpt":{"rendered":"<p>KOD \u00a0KAPAS\u0130TE \u00a0UZUNLUK \u00a0A\u011eIRLIK HALAT G\u00d6VDE 9367 45\u00f755 2000 mm 11,03 \u0130nox Al\u00fcm. 9368 55\u00f765 2000 mm 11,87 \u0130nox Al\u00fcm. 9369 65\u00f775 \u00a02000 mm 12,67 \u0130nox Al\u00fcm. 9370 75\u00f790 2000 mm 15,65 \u0130nox Alm. 9371 90\u00f7105 2000 mm 16,58 \u0130nox Alm. &nbsp;<\/p>\n","protected":false},"featured_media":14142,"comment_status":"open","ping_status":"closed","template":"","meta":[],"product_brand":[],"product_cat":[15,90,110],"product_tag":[],"class_list":{"0":"post-14139","1":"product","2":"type-product","3":"status-publish","4":"has-post-thumbnail","6":"product_cat-genel","7":"product_cat-havali-aletler","8":"product_cat-tecna-balanserler","10":"first","11":"instock","12":"shipping-taxable","13":"product-type-simple"},"_links":{"self":[{"href":"http:\/\/basakcilastik.com.tr\/index.php?rest_route=\/wp\/v2\/product\/14139","targetHints":{"allow":["GET"]}}],"collection":[{"href":"http:\/\/basakcilastik.com.tr\/index.php?rest_route=\/wp\/v2\/product"}],"about":[{"href":"http:\/\/basakcilastik.com.tr\/index.php?rest_route=\/wp\/v2\/types\/product"}],"replies":[{"embeddable":true,"href":"http:\/\/basakcilastik.com.tr\/index.php?rest_route=%2Fwp%2Fv2%2Fcomments&post=14139"}],"wp:featuredmedia":[{"embeddable":true,"href":"http:\/\/basakcilastik.com.tr\/index.php?rest_route=\/wp\/v2\/media\/14142"}],"wp:attachment":[{"href":"http:\/\/basakcilastik.com.tr\/index.php?rest_route=%2Fwp%2Fv2%2Fmedia&parent=14139"}],"wp:term":[{"taxonomy":"product_brand","embeddable":true,"href":"http:\/\/basakcilastik.com.tr\/index.php?rest_route=%2Fwp%2Fv2%2Fproduct_brand&post=14139"},{"taxonomy":"product_cat","embeddable":true,"href":"http:\/\/basakcilastik.com.tr\/index.php?rest_route=%2Fwp%2Fv2%2Fproduct_cat&post=14139"},{"taxonomy":"product_tag","embeddable":true,"href":"http:\/\/basakcilastik.com.tr\/index.php?rest_route=%2Fwp%2Fv2%2Fproduct_tag&post=14139"}],"curies":[{"name":"wp","href":"https:\/\/api.w.org\/{rel}","templated":true}]}}