{"id":14135,"date":"2020-07-25T16:24:28","date_gmt":"2020-07-25T16:24:28","guid":{"rendered":"https:\/\/basakcilastik.com.tr\/?post_type=product&#038;p=14135"},"modified":"2020-07-25T16:24:29","modified_gmt":"2020-07-25T16:24:29","slug":"tecna-balanser-9320-9323","status":"publish","type":"product","link":"http:\/\/basakcilastik.com.tr\/?product=tecna-balanser-9320-9323","title":{"rendered":"Tecna Balanser  9320-9323"},"content":{"rendered":"<table width=\"300\">\n<tbody>\n<tr>\n<td><strong>KOD<\/strong><\/td>\n<td><strong>\u00a0KAPAS\u0130TE<\/strong><\/td>\n<td><strong>\u00a0UZUNLUK<\/strong><\/td>\n<td><strong>\u00a0A\u011eIRLIK<\/strong><\/td>\n<td><strong>HALAT<\/strong><\/td>\n<td><strong>G\u00d6VDE<\/strong><\/td>\n<\/tr>\n<tr>\n<td>9321<\/td>\n<td>2\u00f74<\/td>\n<td>\u00a02000 mm<\/td>\n<td>1,90<\/td>\n<td>\u0130nox<\/td>\n<td>Al\u00fcm.<\/td>\n<\/tr>\n<tr>\n<td>9322<\/td>\n<td>4\u00f76<\/td>\n<td>\u00a02000 mm<\/td>\n<td>1,98<\/td>\n<td>\u0130nox<\/td>\n<td>Al\u00fcm.<\/td>\n<\/tr>\n<tr>\n<td>9323<\/td>\n<td>6\u00f78<\/td>\n<td>2000 mm<\/td>\n<td>2,28<\/td>\n<td>\u0130nox<\/td>\n<td>Al\u00fcm.<\/td>\n<\/tr>\n<tr>\n<td>9339<\/td>\n<td>8\u00f710<\/td>\n<td>2000 mm<\/td>\n<td>3,43<\/td>\n<td>\u0130nox<\/td>\n<td>Al\u00fcm.<\/td>\n<\/tr>\n<tr>\n<td>9340<\/td>\n<td>10\u00f714<\/td>\n<td>2000 mm<\/td>\n<td>3,58<\/td>\n<td>\u0130nox<\/td>\n<td>Al\u00fcm.<\/td>\n<\/tr>\n<\/tbody>\n<\/table>\n<p>&nbsp;<\/p>\n","protected":false},"excerpt":{"rendered":"<p>KOD \u00a0KAPAS\u0130TE \u00a0UZUNLUK \u00a0A\u011eIRLIK HALAT G\u00d6VDE 9321 2\u00f74 \u00a02000 mm 1,90 \u0130nox Al\u00fcm. 9322 4\u00f76 \u00a02000 mm 1,98 \u0130nox Al\u00fcm. 9323 6\u00f78 2000 mm 2,28 \u0130nox Al\u00fcm. 9339 8\u00f710 2000 mm 3,43 \u0130nox Al\u00fcm. 9340 10\u00f714 2000 mm 3,58 \u0130nox Al\u00fcm. &nbsp;<\/p>\n","protected":false},"featured_media":14138,"comment_status":"open","ping_status":"closed","template":"","meta":[],"product_brand":[],"product_cat":[15,90,110],"product_tag":[],"class_list":{"0":"post-14135","1":"product","2":"type-product","3":"status-publish","4":"has-post-thumbnail","6":"product_cat-genel","7":"product_cat-havali-aletler","8":"product_cat-tecna-balanserler","10":"first","11":"instock","12":"shipping-taxable","13":"product-type-simple"},"_links":{"self":[{"href":"http:\/\/basakcilastik.com.tr\/index.php?rest_route=\/wp\/v2\/product\/14135","targetHints":{"allow":["GET"]}}],"collection":[{"href":"http:\/\/basakcilastik.com.tr\/index.php?rest_route=\/wp\/v2\/product"}],"about":[{"href":"http:\/\/basakcilastik.com.tr\/index.php?rest_route=\/wp\/v2\/types\/product"}],"replies":[{"embeddable":true,"href":"http:\/\/basakcilastik.com.tr\/index.php?rest_route=%2Fwp%2Fv2%2Fcomments&post=14135"}],"wp:featuredmedia":[{"embeddable":true,"href":"http:\/\/basakcilastik.com.tr\/index.php?rest_route=\/wp\/v2\/media\/14138"}],"wp:attachment":[{"href":"http:\/\/basakcilastik.com.tr\/index.php?rest_route=%2Fwp%2Fv2%2Fmedia&parent=14135"}],"wp:term":[{"taxonomy":"product_brand","embeddable":true,"href":"http:\/\/basakcilastik.com.tr\/index.php?rest_route=%2Fwp%2Fv2%2Fproduct_brand&post=14135"},{"taxonomy":"product_cat","embeddable":true,"href":"http:\/\/basakcilastik.com.tr\/index.php?rest_route=%2Fwp%2Fv2%2Fproduct_cat&post=14135"},{"taxonomy":"product_tag","embeddable":true,"href":"http:\/\/basakcilastik.com.tr\/index.php?rest_route=%2Fwp%2Fv2%2Fproduct_tag&post=14135"}],"curies":[{"name":"wp","href":"https:\/\/api.w.org\/{rel}","templated":true}]}}