{"id":14131,"date":"2020-07-25T16:23:25","date_gmt":"2020-07-25T16:23:25","guid":{"rendered":"https:\/\/basakcilastik.com.tr\/?post_type=product&#038;p=14131"},"modified":"2020-07-25T16:23:25","modified_gmt":"2020-07-25T16:23:25","slug":"tecna-balanser-9411-9414-9434-9444","status":"publish","type":"product","link":"http:\/\/basakcilastik.com.tr\/?product=tecna-balanser-9411-9414-9434-9444","title":{"rendered":"Tecna Balanser   9411-9414  &#8212;  9434-9444"},"content":{"rendered":"<table width=\"300\">\n<tbody>\n<tr>\n<td><strong>KOD<\/strong><\/td>\n<td><strong>\u00a0KAPAS\u0130TE<\/strong><\/td>\n<td><strong>\u00a0UZUNLUK<\/strong><\/td>\n<td><strong>\u00a0A\u011eIRLIK<\/strong><\/td>\n<td><strong>HALAT<\/strong><\/td>\n<td><strong>G\u00d6VDE<\/strong><\/td>\n<\/tr>\n<tr>\n<td>9435<\/td>\n<td>40\u00f750<\/td>\n<td>3000 mm<\/td>\n<td>23,65<\/td>\n<td>\u0130nox<\/td>\n<td>Al\u00fcm.<\/td>\n<\/tr>\n<tr>\n<td>9436<\/td>\n<td>50\u00f760<\/td>\n<td>3000 mm<\/td>\n<td>24,69<\/td>\n<td>\u0130nox<\/td>\n<td>Al\u00fcm.<\/td>\n<\/tr>\n<tr>\n<td>9441<\/td>\n<td>60\u00f770<\/td>\n<td>3000 mm<\/td>\n<td>25,56<\/td>\n<td>\u0130nox<\/td>\n<td>Al\u00fcm.<\/td>\n<\/tr>\n<tr>\n<td>\u00a09442<\/td>\n<td>70\u00f780<\/td>\n<td>3000 mm<\/td>\n<td>26,75<\/td>\n<td>\u0130nox<\/td>\n<td>Alm.<\/td>\n<\/tr>\n<tr>\n<td>9443<\/td>\n<td>80\u00f790<\/td>\n<td>3000 mm<\/td>\n<td>27,90<\/td>\n<td>\u0130nox<\/td>\n<td>Alm.<\/td>\n<\/tr>\n<tr>\n<td>9444<\/td>\n<td>80\u00f7100<\/td>\n<td>3000 mm<\/td>\n<td>28,46<\/td>\n<td>\u0130nox<\/td>\n<td>Alm.<\/td>\n<\/tr>\n<\/tbody>\n<\/table>\n<p>&nbsp;<\/p>\n","protected":false},"excerpt":{"rendered":"<p>KOD \u00a0KAPAS\u0130TE \u00a0UZUNLUK \u00a0A\u011eIRLIK HALAT G\u00d6VDE 9435 40\u00f750 3000 mm 23,65 \u0130nox Al\u00fcm. 9436 50\u00f760 3000 mm 24,69 \u0130nox Al\u00fcm. 9441 60\u00f770 3000 mm 25,56 \u0130nox Al\u00fcm. \u00a09442 70\u00f780 3000 mm 26,75 \u0130nox Alm. 9443 80\u00f790 3000 mm 27,90 \u0130nox Alm. 9444 80\u00f7100 3000 mm 28,46 \u0130nox Alm. &nbsp;<\/p>\n","protected":false},"featured_media":14134,"comment_status":"open","ping_status":"closed","template":"","meta":[],"product_brand":[],"product_cat":[15,90,110],"product_tag":[],"class_list":{"0":"post-14131","1":"product","2":"type-product","3":"status-publish","4":"has-post-thumbnail","6":"product_cat-genel","7":"product_cat-havali-aletler","8":"product_cat-tecna-balanserler","10":"first","11":"instock","12":"shipping-taxable","13":"product-type-simple"},"_links":{"self":[{"href":"http:\/\/basakcilastik.com.tr\/index.php?rest_route=\/wp\/v2\/product\/14131","targetHints":{"allow":["GET"]}}],"collection":[{"href":"http:\/\/basakcilastik.com.tr\/index.php?rest_route=\/wp\/v2\/product"}],"about":[{"href":"http:\/\/basakcilastik.com.tr\/index.php?rest_route=\/wp\/v2\/types\/product"}],"replies":[{"embeddable":true,"href":"http:\/\/basakcilastik.com.tr\/index.php?rest_route=%2Fwp%2Fv2%2Fcomments&post=14131"}],"wp:featuredmedia":[{"embeddable":true,"href":"http:\/\/basakcilastik.com.tr\/index.php?rest_route=\/wp\/v2\/media\/14134"}],"wp:attachment":[{"href":"http:\/\/basakcilastik.com.tr\/index.php?rest_route=%2Fwp%2Fv2%2Fmedia&parent=14131"}],"wp:term":[{"taxonomy":"product_brand","embeddable":true,"href":"http:\/\/basakcilastik.com.tr\/index.php?rest_route=%2Fwp%2Fv2%2Fproduct_brand&post=14131"},{"taxonomy":"product_cat","embeddable":true,"href":"http:\/\/basakcilastik.com.tr\/index.php?rest_route=%2Fwp%2Fv2%2Fproduct_cat&post=14131"},{"taxonomy":"product_tag","embeddable":true,"href":"http:\/\/basakcilastik.com.tr\/index.php?rest_route=%2Fwp%2Fv2%2Fproduct_tag&post=14131"}],"curies":[{"name":"wp","href":"https:\/\/api.w.org\/{rel}","templated":true}]}}