{"id":14040,"date":"2020-07-25T15:51:30","date_gmt":"2020-07-25T15:51:30","guid":{"rendered":"https:\/\/basakcilastik.com.tr\/?post_type=product&#038;p=14040"},"modified":"2020-07-25T15:51:31","modified_gmt":"2020-07-25T15:51:31","slug":"gav-balanser","status":"publish","type":"product","link":"http:\/\/basakcilastik.com.tr\/?product=gav-balanser","title":{"rendered":"GAV Balanser"},"content":{"rendered":"<table width=\"360\">\n<tbody>\n<tr>\n<td><strong>KOD<\/strong><\/td>\n<td><strong>\u00a0KAPAS\u0130TE<\/strong><\/td>\n<td><strong>\u00a0UZUNLUK<\/strong><\/td>\n<td>\u00a0<strong>A\u011eIRLIK<\/strong><\/td>\n<td><strong>HALAT<\/strong><\/td>\n<td><strong>G\u00d6VDE<\/strong><\/td>\n<\/tr>\n<tr>\n<td>BG-1<\/td>\n<td>0,5\u00f71<\/td>\n<td>2000 mm<\/td>\n<td>0,40<\/td>\n<td>\u0130nox<\/td>\n<td>Pls.<\/td>\n<\/tr>\n<tr>\n<td>BG-2<\/td>\n<td>1\u00f72<\/td>\n<td>2000 mm<\/td>\n<td>0,45<\/td>\n<td>\u0130nox<\/td>\n<td>Pls.<\/td>\n<\/tr>\n<tr>\n<td>BG-3<\/td>\n<td>2\u00f73<\/td>\n<td>2000 mm<\/td>\n<td>0,60<\/td>\n<td>\u0130nox<\/td>\n<td>Pls.<\/td>\n<\/tr>\n<\/tbody>\n<\/table>\n<p>&nbsp;<\/p>\n","protected":false},"excerpt":{"rendered":"<p>KOD \u00a0KAPAS\u0130TE \u00a0UZUNLUK \u00a0A\u011eIRLIK HALAT G\u00d6VDE BG-1 0,5\u00f71 2000 mm 0,40 \u0130nox Pls. BG-2 1\u00f72 2000 mm 0,45 \u0130nox Pls. BG-3 2\u00f73 2000 mm 0,60 \u0130nox Pls. &nbsp;<\/p>\n","protected":false},"featured_media":14043,"comment_status":"open","ping_status":"closed","template":"","meta":[],"product_brand":[],"product_cat":[15,90,110],"product_tag":[],"class_list":{"0":"post-14040","1":"product","2":"type-product","3":"status-publish","4":"has-post-thumbnail","6":"product_cat-genel","7":"product_cat-havali-aletler","8":"product_cat-tecna-balanserler","10":"first","11":"instock","12":"shipping-taxable","13":"product-type-simple"},"_links":{"self":[{"href":"http:\/\/basakcilastik.com.tr\/index.php?rest_route=\/wp\/v2\/product\/14040","targetHints":{"allow":["GET"]}}],"collection":[{"href":"http:\/\/basakcilastik.com.tr\/index.php?rest_route=\/wp\/v2\/product"}],"about":[{"href":"http:\/\/basakcilastik.com.tr\/index.php?rest_route=\/wp\/v2\/types\/product"}],"replies":[{"embeddable":true,"href":"http:\/\/basakcilastik.com.tr\/index.php?rest_route=%2Fwp%2Fv2%2Fcomments&post=14040"}],"wp:featuredmedia":[{"embeddable":true,"href":"http:\/\/basakcilastik.com.tr\/index.php?rest_route=\/wp\/v2\/media\/14043"}],"wp:attachment":[{"href":"http:\/\/basakcilastik.com.tr\/index.php?rest_route=%2Fwp%2Fv2%2Fmedia&parent=14040"}],"wp:term":[{"taxonomy":"product_brand","embeddable":true,"href":"http:\/\/basakcilastik.com.tr\/index.php?rest_route=%2Fwp%2Fv2%2Fproduct_brand&post=14040"},{"taxonomy":"product_cat","embeddable":true,"href":"http:\/\/basakcilastik.com.tr\/index.php?rest_route=%2Fwp%2Fv2%2Fproduct_cat&post=14040"},{"taxonomy":"product_tag","embeddable":true,"href":"http:\/\/basakcilastik.com.tr\/index.php?rest_route=%2Fwp%2Fv2%2Fproduct_tag&post=14040"}],"curies":[{"name":"wp","href":"https:\/\/api.w.org\/{rel}","templated":true}]}}