{"id":14036,"date":"2020-07-25T15:50:04","date_gmt":"2020-07-25T15:50:04","guid":{"rendered":"https:\/\/basakcilastik.com.tr\/?post_type=product&#038;p=14036"},"modified":"2020-07-25T15:50:05","modified_gmt":"2020-07-25T15:50:05","slug":"uclu-sartlandiricilar","status":"publish","type":"product","link":"http:\/\/basakcilastik.com.tr\/?product=uclu-sartlandiricilar","title":{"rendered":"\u00dc\u00e7l\u00fc \u015eartland\u0131r\u0131c\u0131lar"},"content":{"rendered":"<p><strong>\u00dcr\u00fcn Teknik Bilgileri<\/strong><\/p>\n<table width=\"100%\">\n<tbody>\n<tr>\n<td width=\"268\"><strong>Model<\/strong><\/td>\n<td width=\"281\"><strong>\u00d6l\u00e7\u00fc<\/strong><\/td>\n<\/tr>\n<tr>\n<td><strong>HNEC2000-02<\/strong><\/td>\n<td><strong>1\/4&#8243;<\/strong><\/td>\n<\/tr>\n<tr>\n<td><strong>HNEC4000-04<\/strong><\/td>\n<td><strong>1\/2&#8243;<\/strong><\/td>\n<\/tr>\n<tr>\n<td><strong>HNEC5000-10<\/strong><\/td>\n<td><strong>1&#8243;<\/strong><\/td>\n<\/tr>\n<\/tbody>\n<\/table>\n<p>&nbsp;<\/p>\n","protected":false},"excerpt":{"rendered":"<p>\u00dcr\u00fcn Teknik Bilgileri Model \u00d6l\u00e7\u00fc HNEC2000-02 1\/4&#8243; HNEC4000-04 1\/2&#8243; HNEC5000-10 1&#8243; &nbsp;<\/p>\n","protected":false},"featured_media":14039,"comment_status":"open","ping_status":"closed","template":"","meta":[],"product_brand":[],"product_cat":[15,90,109],"product_tag":[],"class_list":{"0":"post-14036","1":"product","2":"type-product","3":"status-publish","4":"has-post-thumbnail","6":"product_cat-genel","7":"product_cat-havali-aletler","8":"product_cat-sartlandiricilar","10":"first","11":"instock","12":"shipping-taxable","13":"product-type-simple"},"_links":{"self":[{"href":"http:\/\/basakcilastik.com.tr\/index.php?rest_route=\/wp\/v2\/product\/14036","targetHints":{"allow":["GET"]}}],"collection":[{"href":"http:\/\/basakcilastik.com.tr\/index.php?rest_route=\/wp\/v2\/product"}],"about":[{"href":"http:\/\/basakcilastik.com.tr\/index.php?rest_route=\/wp\/v2\/types\/product"}],"replies":[{"embeddable":true,"href":"http:\/\/basakcilastik.com.tr\/index.php?rest_route=%2Fwp%2Fv2%2Fcomments&post=14036"}],"wp:featuredmedia":[{"embeddable":true,"href":"http:\/\/basakcilastik.com.tr\/index.php?rest_route=\/wp\/v2\/media\/14039"}],"wp:attachment":[{"href":"http:\/\/basakcilastik.com.tr\/index.php?rest_route=%2Fwp%2Fv2%2Fmedia&parent=14036"}],"wp:term":[{"taxonomy":"product_brand","embeddable":true,"href":"http:\/\/basakcilastik.com.tr\/index.php?rest_route=%2Fwp%2Fv2%2Fproduct_brand&post=14036"},{"taxonomy":"product_cat","embeddable":true,"href":"http:\/\/basakcilastik.com.tr\/index.php?rest_route=%2Fwp%2Fv2%2Fproduct_cat&post=14036"},{"taxonomy":"product_tag","embeddable":true,"href":"http:\/\/basakcilastik.com.tr\/index.php?rest_route=%2Fwp%2Fv2%2Fproduct_tag&post=14036"}],"curies":[{"name":"wp","href":"https:\/\/api.w.org\/{rel}","templated":true}]}}