{"id":14026,"date":"2020-07-25T15:47:17","date_gmt":"2020-07-25T15:47:17","guid":{"rendered":"https:\/\/basakcilastik.com.tr\/?post_type=product&#038;p=14026"},"modified":"2020-07-25T15:47:18","modified_gmt":"2020-07-25T15:47:18","slug":"su-tutucu-frl-35","status":"publish","type":"product","link":"http:\/\/basakcilastik.com.tr\/?product=su-tutucu-frl-35","title":{"rendered":"SU TUTUCU FRL-35"},"content":{"rendered":"<table width=\"700\">\n<tbody>\n<tr>\n<td width=\"358\">\u00dcr\u00fcn Kodu<\/td>\n<td width=\"342\">FRL-3S<\/td>\n<\/tr>\n<tr>\n<td>G\u00f6vde Materyali<\/td>\n<td>ALUM\u0130N\u0130UM<\/td>\n<\/tr>\n<tr>\n<td>Y\u00fckseklik<\/td>\n<td>172 mm<\/td>\n<\/tr>\n<tr>\n<td>Hava giri\u015f ve \u00e7\u0131k\u0131\u015f\u0131<\/td>\n<td>1\/2\u201d<\/td>\n<\/tr>\n<tr>\n<td>A\u011f\u0131rl\u0131k<\/td>\n<td>0.75 kg<\/td>\n<\/tr>\n<tr>\n<td>Max.Bas\u0131n\u00e7<\/td>\n<td>16 bar<\/td>\n<\/tr>\n<tr>\n<td>Max \u0131s\u0131<\/td>\n<td>60 derece<\/td>\n<\/tr>\n<\/tbody>\n<\/table>\n<p>&nbsp;<\/p>\n<p>&nbsp;<\/p>\n","protected":false},"excerpt":{"rendered":"<p>\u00dcr\u00fcn Kodu FRL-3S G\u00f6vde Materyali ALUM\u0130N\u0130UM Y\u00fckseklik 172 mm Hava giri\u015f ve \u00e7\u0131k\u0131\u015f\u0131 1\/2\u201d A\u011f\u0131rl\u0131k 0.75 kg Max.Bas\u0131n\u00e7 16 bar Max \u0131s\u0131 60 derece &nbsp; &nbsp;<\/p>\n","protected":false},"featured_media":14029,"comment_status":"open","ping_status":"closed","template":"","meta":[],"product_brand":[],"product_cat":[15,90,109],"product_tag":[],"class_list":{"0":"post-14026","1":"product","2":"type-product","3":"status-publish","4":"has-post-thumbnail","6":"product_cat-genel","7":"product_cat-havali-aletler","8":"product_cat-sartlandiricilar","10":"first","11":"instock","12":"shipping-taxable","13":"product-type-simple"},"_links":{"self":[{"href":"http:\/\/basakcilastik.com.tr\/index.php?rest_route=\/wp\/v2\/product\/14026","targetHints":{"allow":["GET"]}}],"collection":[{"href":"http:\/\/basakcilastik.com.tr\/index.php?rest_route=\/wp\/v2\/product"}],"about":[{"href":"http:\/\/basakcilastik.com.tr\/index.php?rest_route=\/wp\/v2\/types\/product"}],"replies":[{"embeddable":true,"href":"http:\/\/basakcilastik.com.tr\/index.php?rest_route=%2Fwp%2Fv2%2Fcomments&post=14026"}],"wp:featuredmedia":[{"embeddable":true,"href":"http:\/\/basakcilastik.com.tr\/index.php?rest_route=\/wp\/v2\/media\/14029"}],"wp:attachment":[{"href":"http:\/\/basakcilastik.com.tr\/index.php?rest_route=%2Fwp%2Fv2%2Fmedia&parent=14026"}],"wp:term":[{"taxonomy":"product_brand","embeddable":true,"href":"http:\/\/basakcilastik.com.tr\/index.php?rest_route=%2Fwp%2Fv2%2Fproduct_brand&post=14026"},{"taxonomy":"product_cat","embeddable":true,"href":"http:\/\/basakcilastik.com.tr\/index.php?rest_route=%2Fwp%2Fv2%2Fproduct_cat&post=14026"},{"taxonomy":"product_tag","embeddable":true,"href":"http:\/\/basakcilastik.com.tr\/index.php?rest_route=%2Fwp%2Fv2%2Fproduct_tag&post=14026"}],"curies":[{"name":"wp","href":"https:\/\/api.w.org\/{rel}","templated":true}]}}