{"id":14020,"date":"2020-07-25T15:45:24","date_gmt":"2020-07-25T15:45:24","guid":{"rendered":"https:\/\/basakcilastik.com.tr\/?post_type=product&#038;p=14020"},"modified":"2020-07-25T15:45:25","modified_gmt":"2020-07-25T15:45:25","slug":"opt-p-3000-su-tutucu","status":"publish","type":"product","link":"http:\/\/basakcilastik.com.tr\/?product=opt-p-3000-su-tutucu","title":{"rendered":"OPT-P 3000 SU TUTUCU"},"content":{"rendered":"<p>OPT-P 3000 SU TUTUCU<\/p>\n<p>Uzunluk: 320 mm<br \/>\n\u00c7al\u0131\u015fma Bas\u0131nc\u0131: 1-70 kg\/cm2<br \/>\nMax. \u00c7al\u0131\u015fma Ak\u0131\u015f H\u0131z\u0131: 800 lt\/dk<br \/>\nMax. Bas\u0131nc\u0131: 14 bar<br \/>\nAk\u0131\u015fkan S\u0131cakl\u0131\u011f\u0131: 5-60\u00b0C<br \/>\nGiri\u015f Ba\u011flant\u0131s\u0131: 3\/4&#8243;<br \/>\n\u00c7\u0131k\u0131\u015f Ba\u011flant\u0131s\u0131: 3\/4&#8243;<br \/>\nNem Ayr\u0131\u015ft\u0131rma: %96<br \/>\nA\u011f\u0131rl\u0131k: 2.30 kg<\/p>\n<p>&nbsp;<\/p>\n","protected":false},"excerpt":{"rendered":"<p>OPT-P 3000 SU TUTUCU Uzunluk: 320 mm \u00c7al\u0131\u015fma Bas\u0131nc\u0131: 1-70 kg\/cm2 Max. \u00c7al\u0131\u015fma Ak\u0131\u015f H\u0131z\u0131: 800 lt\/dk Max. Bas\u0131nc\u0131: 14 bar Ak\u0131\u015fkan S\u0131cakl\u0131\u011f\u0131: 5-60\u00b0C Giri\u015f Ba\u011flant\u0131s\u0131: 3\/4&#8243; \u00c7\u0131k\u0131\u015f Ba\u011flant\u0131s\u0131: 3\/4&#8243; Nem Ayr\u0131\u015ft\u0131rma: %96 A\u011f\u0131rl\u0131k: 2.30 kg &nbsp;<\/p>\n","protected":false},"featured_media":14023,"comment_status":"open","ping_status":"closed","template":"","meta":[],"product_brand":[],"product_cat":[15,90,109],"product_tag":[],"class_list":{"0":"post-14020","1":"product","2":"type-product","3":"status-publish","4":"has-post-thumbnail","6":"product_cat-genel","7":"product_cat-havali-aletler","8":"product_cat-sartlandiricilar","10":"first","11":"instock","12":"shipping-taxable","13":"product-type-simple"},"_links":{"self":[{"href":"http:\/\/basakcilastik.com.tr\/index.php?rest_route=\/wp\/v2\/product\/14020","targetHints":{"allow":["GET"]}}],"collection":[{"href":"http:\/\/basakcilastik.com.tr\/index.php?rest_route=\/wp\/v2\/product"}],"about":[{"href":"http:\/\/basakcilastik.com.tr\/index.php?rest_route=\/wp\/v2\/types\/product"}],"replies":[{"embeddable":true,"href":"http:\/\/basakcilastik.com.tr\/index.php?rest_route=%2Fwp%2Fv2%2Fcomments&post=14020"}],"wp:featuredmedia":[{"embeddable":true,"href":"http:\/\/basakcilastik.com.tr\/index.php?rest_route=\/wp\/v2\/media\/14023"}],"wp:attachment":[{"href":"http:\/\/basakcilastik.com.tr\/index.php?rest_route=%2Fwp%2Fv2%2Fmedia&parent=14020"}],"wp:term":[{"taxonomy":"product_brand","embeddable":true,"href":"http:\/\/basakcilastik.com.tr\/index.php?rest_route=%2Fwp%2Fv2%2Fproduct_brand&post=14020"},{"taxonomy":"product_cat","embeddable":true,"href":"http:\/\/basakcilastik.com.tr\/index.php?rest_route=%2Fwp%2Fv2%2Fproduct_cat&post=14020"},{"taxonomy":"product_tag","embeddable":true,"href":"http:\/\/basakcilastik.com.tr\/index.php?rest_route=%2Fwp%2Fv2%2Fproduct_tag&post=14020"}],"curies":[{"name":"wp","href":"https:\/\/api.w.org\/{rel}","templated":true}]}}