{"id":14018,"date":"2020-07-25T15:44:53","date_gmt":"2020-07-25T15:44:53","guid":{"rendered":"https:\/\/basakcilastik.com.tr\/?post_type=product&#038;p=14018"},"modified":"2020-07-25T15:44:53","modified_gmt":"2020-07-25T15:44:53","slug":"opt-p-2001-su-tutucu-filtre","status":"publish","type":"product","link":"http:\/\/basakcilastik.com.tr\/?product=opt-p-2001-su-tutucu-filtre","title":{"rendered":"OPT-P 2001 SU TUTUCU F\u0130LTRE"},"content":{"rendered":"<p>OPT-P 2001 SU TUTUCU F\u0130LTRE<\/p>\n<p>Uzunluk: 320 mm<br \/>\n\u00c7al\u0131\u015fma Bas\u0131nc\u0131: 1-70 kg\/cm2<br \/>\nMax. \u00c7al\u0131\u015fma Ak\u0131\u015f H\u0131z\u0131: 1200 lt\/dk<br \/>\nMax. Bas\u0131nc\u0131: 8 bar<br \/>\nAk\u0131\u015fkan S\u0131cakl\u0131\u011f\u0131: 5-60\u00b0C<br \/>\nGiri Ba\u011flant\u0131s\u0131: 1\/2&#8243;<br \/>\n\u00c7\u0131k\u0131\u015f Ba\u011flant\u0131s\u0131: 1\/2&#8243;<br \/>\nA\u011f\u0131rl\u0131k: 2.30 kg<\/p>\n<p>&nbsp;<\/p>\n","protected":false},"excerpt":{"rendered":"<p>OPT-P 2001 SU TUTUCU F\u0130LTRE Uzunluk: 320 mm \u00c7al\u0131\u015fma Bas\u0131nc\u0131: 1-70 kg\/cm2 Max. \u00c7al\u0131\u015fma Ak\u0131\u015f H\u0131z\u0131: 1200 lt\/dk Max. Bas\u0131nc\u0131: 8 bar Ak\u0131\u015fkan S\u0131cakl\u0131\u011f\u0131: 5-60\u00b0C Giri Ba\u011flant\u0131s\u0131: 1\/2&#8243; \u00c7\u0131k\u0131\u015f Ba\u011flant\u0131s\u0131: 1\/2&#8243; A\u011f\u0131rl\u0131k: 2.30 kg &nbsp;<\/p>\n","protected":false},"featured_media":14021,"comment_status":"open","ping_status":"closed","template":"","meta":[],"product_brand":[],"product_cat":[15,90,109],"product_tag":[],"class_list":{"0":"post-14018","1":"product","2":"type-product","3":"status-publish","4":"has-post-thumbnail","6":"product_cat-genel","7":"product_cat-havali-aletler","8":"product_cat-sartlandiricilar","10":"first","11":"instock","12":"shipping-taxable","13":"product-type-simple"},"_links":{"self":[{"href":"http:\/\/basakcilastik.com.tr\/index.php?rest_route=\/wp\/v2\/product\/14018","targetHints":{"allow":["GET"]}}],"collection":[{"href":"http:\/\/basakcilastik.com.tr\/index.php?rest_route=\/wp\/v2\/product"}],"about":[{"href":"http:\/\/basakcilastik.com.tr\/index.php?rest_route=\/wp\/v2\/types\/product"}],"replies":[{"embeddable":true,"href":"http:\/\/basakcilastik.com.tr\/index.php?rest_route=%2Fwp%2Fv2%2Fcomments&post=14018"}],"wp:featuredmedia":[{"embeddable":true,"href":"http:\/\/basakcilastik.com.tr\/index.php?rest_route=\/wp\/v2\/media\/14021"}],"wp:attachment":[{"href":"http:\/\/basakcilastik.com.tr\/index.php?rest_route=%2Fwp%2Fv2%2Fmedia&parent=14018"}],"wp:term":[{"taxonomy":"product_brand","embeddable":true,"href":"http:\/\/basakcilastik.com.tr\/index.php?rest_route=%2Fwp%2Fv2%2Fproduct_brand&post=14018"},{"taxonomy":"product_cat","embeddable":true,"href":"http:\/\/basakcilastik.com.tr\/index.php?rest_route=%2Fwp%2Fv2%2Fproduct_cat&post=14018"},{"taxonomy":"product_tag","embeddable":true,"href":"http:\/\/basakcilastik.com.tr\/index.php?rest_route=%2Fwp%2Fv2%2Fproduct_tag&post=14018"}],"curies":[{"name":"wp","href":"https:\/\/api.w.org\/{rel}","templated":true}]}}