{"id":13996,"date":"2020-07-25T15:38:29","date_gmt":"2020-07-25T15:38:29","guid":{"rendered":"https:\/\/basakcilastik.com.tr\/?post_type=product&#038;p=13996"},"modified":"2020-07-25T15:38:29","modified_gmt":"2020-07-25T15:38:29","slug":"gude-41087-sartlandirici-filtre-regulator-yaglayici-34npt","status":"publish","type":"product","link":"http:\/\/basakcilastik.com.tr\/?product=gude-41087-sartlandirici-filtre-regulator-yaglayici-34npt","title":{"rendered":"G\u00dcDE 41087 \u015eartland\u0131r\u0131c\u0131 (Filtre + Reg\u00fclat\u00f6r + Ya\u011flay\u0131c\u0131) 34(N)PT"},"content":{"rendered":"<p>G\u00dcDE 41087 \u015eartland\u0131r\u0131c\u0131 (Filtre + Reg\u00fclat\u00f6r + Ya\u011flay\u0131c\u0131) 3\/4(N)PT<\/p>\n<p>&nbsp;<\/p>\n<ul>\n<li>Kombine filtre, reg\u00fclat\u00f6r ve ya\u011flay\u0131c\u0131<br \/>\n\u25cf Y\u00fcksek bas\u0131n\u00e7l\u0131 hatlarda ak\u0131\u015fkan bas\u0131nc\u0131n\u0131 g\u00fcvenli kontrol de\u011ferlerine d\u00fc\u015f\u00fcr\u00fcr<br \/>\n\u25cf Hava tanklar\u0131ndan tedarik edilen hava i\u00e7erisindeki rutubeti filtreler<br \/>\n\u25cf Kaynaklama operasyonlar\u0131nda, karavanlardaki s\u0131hhi tesisat hatlar\u0131nda, t\u0131p uygulamalar\u0131ndaki, hava ikmal hatlar\u0131ndaki<br \/>\nbas\u0131nc\u0131 reg\u00fcle eder.<br \/>\n\u25cf Tek bir \u00fcnite ile yerden, kurulum zaman\u0131ndan ve maliyetinden tasarruf sa\u011flar<br \/>\n\u25cf Kapal\u0131 bir ortam i\u00e7erisindeki veya hattaki ak\u0131\u015fkanlar\u0131n ve gazlar\u0131n ak\u0131m\u0131n\u0131 kontrol eder<\/li>\n<\/ul>\n<p><strong>A\u011f\u0131rl\u0131k(Kg)<\/strong><\/p>\n<p><strong>:<\/strong><\/p>\n<p>1.5<\/p>\n<p>&nbsp;<\/p>\n","protected":false},"excerpt":{"rendered":"<p>G\u00dcDE 41087 \u015eartland\u0131r\u0131c\u0131 (Filtre + Reg\u00fclat\u00f6r + Ya\u011flay\u0131c\u0131) 3\/4(N)PT &nbsp; Kombine filtre, reg\u00fclat\u00f6r ve ya\u011flay\u0131c\u0131 \u25cf Y\u00fcksek bas\u0131n\u00e7l\u0131 hatlarda ak\u0131\u015fkan bas\u0131nc\u0131n\u0131 g\u00fcvenli kontrol de\u011ferlerine d\u00fc\u015f\u00fcr\u00fcr \u25cf Hava tanklar\u0131ndan tedarik edilen hava i\u00e7erisindeki rutubeti filtreler \u25cf Kaynaklama operasyonlar\u0131nda, karavanlardaki s\u0131hhi tesisat hatlar\u0131nda, t\u0131p uygulamalar\u0131ndaki, hava ikmal hatlar\u0131ndaki bas\u0131nc\u0131 reg\u00fcle eder. \u25cf Tek bir \u00fcnite ile yerden, kurulum zaman\u0131ndan ve maliyetinden tasarruf [&hellip;]<\/p>\n","protected":false},"featured_media":14001,"comment_status":"open","ping_status":"closed","template":"","meta":[],"product_brand":[],"product_cat":[15,90,109],"product_tag":[],"class_list":{"0":"post-13996","1":"product","2":"type-product","3":"status-publish","4":"has-post-thumbnail","6":"product_cat-genel","7":"product_cat-havali-aletler","8":"product_cat-sartlandiricilar","10":"first","11":"instock","12":"shipping-taxable","13":"product-type-simple"},"_links":{"self":[{"href":"http:\/\/basakcilastik.com.tr\/index.php?rest_route=\/wp\/v2\/product\/13996","targetHints":{"allow":["GET"]}}],"collection":[{"href":"http:\/\/basakcilastik.com.tr\/index.php?rest_route=\/wp\/v2\/product"}],"about":[{"href":"http:\/\/basakcilastik.com.tr\/index.php?rest_route=\/wp\/v2\/types\/product"}],"replies":[{"embeddable":true,"href":"http:\/\/basakcilastik.com.tr\/index.php?rest_route=%2Fwp%2Fv2%2Fcomments&post=13996"}],"wp:featuredmedia":[{"embeddable":true,"href":"http:\/\/basakcilastik.com.tr\/index.php?rest_route=\/wp\/v2\/media\/14001"}],"wp:attachment":[{"href":"http:\/\/basakcilastik.com.tr\/index.php?rest_route=%2Fwp%2Fv2%2Fmedia&parent=13996"}],"wp:term":[{"taxonomy":"product_brand","embeddable":true,"href":"http:\/\/basakcilastik.com.tr\/index.php?rest_route=%2Fwp%2Fv2%2Fproduct_brand&post=13996"},{"taxonomy":"product_cat","embeddable":true,"href":"http:\/\/basakcilastik.com.tr\/index.php?rest_route=%2Fwp%2Fv2%2Fproduct_cat&post=13996"},{"taxonomy":"product_tag","embeddable":true,"href":"http:\/\/basakcilastik.com.tr\/index.php?rest_route=%2Fwp%2Fv2%2Fproduct_tag&post=13996"}],"curies":[{"name":"wp","href":"https:\/\/api.w.org\/{rel}","templated":true}]}}