{"id":13963,"date":"2020-07-25T00:00:08","date_gmt":"2020-07-25T00:00:08","guid":{"rendered":"https:\/\/basakcilastik.com.tr\/?post_type=product&#038;p=13963"},"modified":"2020-07-25T00:00:09","modified_gmt":"2020-07-25T00:00:09","slug":"yama-at-5044b-havali-somun-sikma-62-kg-7000-devir","status":"publish","type":"product","link":"http:\/\/basakcilastik.com.tr\/?product=yama-at-5044b-havali-somun-sikma-62-kg-7000-devir","title":{"rendered":"YAMA AT-5044B Haval\u0131 Somun S\u0131kma 62 Kg 7000 Devir"},"content":{"rendered":"<p>YAMA AT-5044B Haval\u0131 Somun S\u0131kma 62 Kg 7000 Devir<\/p>\n","protected":false},"excerpt":{"rendered":"<p>YAMA AT-5044B Haval\u0131 Somun S\u0131kma 62 Kg 7000 Devir<\/p>\n","protected":false},"featured_media":13966,"comment_status":"open","ping_status":"closed","template":"","meta":[],"product_brand":[],"product_cat":[15,90,108],"product_tag":[],"class_list":{"0":"post-13963","1":"product","2":"type-product","3":"status-publish","4":"has-post-thumbnail","6":"product_cat-genel","7":"product_cat-havali-aletler","8":"product_cat-somun-sikmalar","10":"first","11":"instock","12":"shipping-taxable","13":"product-type-simple"},"_links":{"self":[{"href":"http:\/\/basakcilastik.com.tr\/index.php?rest_route=\/wp\/v2\/product\/13963","targetHints":{"allow":["GET"]}}],"collection":[{"href":"http:\/\/basakcilastik.com.tr\/index.php?rest_route=\/wp\/v2\/product"}],"about":[{"href":"http:\/\/basakcilastik.com.tr\/index.php?rest_route=\/wp\/v2\/types\/product"}],"replies":[{"embeddable":true,"href":"http:\/\/basakcilastik.com.tr\/index.php?rest_route=%2Fwp%2Fv2%2Fcomments&post=13963"}],"wp:featuredmedia":[{"embeddable":true,"href":"http:\/\/basakcilastik.com.tr\/index.php?rest_route=\/wp\/v2\/media\/13966"}],"wp:attachment":[{"href":"http:\/\/basakcilastik.com.tr\/index.php?rest_route=%2Fwp%2Fv2%2Fmedia&parent=13963"}],"wp:term":[{"taxonomy":"product_brand","embeddable":true,"href":"http:\/\/basakcilastik.com.tr\/index.php?rest_route=%2Fwp%2Fv2%2Fproduct_brand&post=13963"},{"taxonomy":"product_cat","embeddable":true,"href":"http:\/\/basakcilastik.com.tr\/index.php?rest_route=%2Fwp%2Fv2%2Fproduct_cat&post=13963"},{"taxonomy":"product_tag","embeddable":true,"href":"http:\/\/basakcilastik.com.tr\/index.php?rest_route=%2Fwp%2Fv2%2Fproduct_tag&post=13963"}],"curies":[{"name":"wp","href":"https:\/\/api.w.org\/{rel}","templated":true}]}}