{"id":13957,"date":"2020-07-24T23:57:43","date_gmt":"2020-07-24T23:57:43","guid":{"rendered":"https:\/\/basakcilastik.com.tr\/?post_type=product&#038;p=13957"},"modified":"2020-07-24T23:57:44","modified_gmt":"2020-07-24T23:57:44","slug":"yama-at-5040b-kabzali-somun-sokme-12-39-kg","status":"publish","type":"product","link":"http:\/\/basakcilastik.com.tr\/?product=yama-at-5040b-kabzali-somun-sokme-12-39-kg","title":{"rendered":"YAMA AT-5040B Kabzal\u0131 Somun S\u00f6kme 12&#8221; 39 Kg"},"content":{"rendered":"<p>YAMA AT-5040B Kabzal\u0131 Somun S\u00f6kme 12&#8221; 39 Kg<\/p>\n","protected":false},"excerpt":{"rendered":"<p>YAMA AT-5040B Kabzal\u0131 Somun S\u00f6kme 12&#8221; 39 Kg<\/p>\n","protected":false},"featured_media":13960,"comment_status":"open","ping_status":"closed","template":"","meta":[],"product_brand":[],"product_cat":[15,90,108],"product_tag":[],"class_list":{"0":"post-13957","1":"product","2":"type-product","3":"status-publish","4":"has-post-thumbnail","6":"product_cat-genel","7":"product_cat-havali-aletler","8":"product_cat-somun-sikmalar","10":"first","11":"instock","12":"shipping-taxable","13":"product-type-simple"},"_links":{"self":[{"href":"http:\/\/basakcilastik.com.tr\/index.php?rest_route=\/wp\/v2\/product\/13957","targetHints":{"allow":["GET"]}}],"collection":[{"href":"http:\/\/basakcilastik.com.tr\/index.php?rest_route=\/wp\/v2\/product"}],"about":[{"href":"http:\/\/basakcilastik.com.tr\/index.php?rest_route=\/wp\/v2\/types\/product"}],"replies":[{"embeddable":true,"href":"http:\/\/basakcilastik.com.tr\/index.php?rest_route=%2Fwp%2Fv2%2Fcomments&post=13957"}],"wp:featuredmedia":[{"embeddable":true,"href":"http:\/\/basakcilastik.com.tr\/index.php?rest_route=\/wp\/v2\/media\/13960"}],"wp:attachment":[{"href":"http:\/\/basakcilastik.com.tr\/index.php?rest_route=%2Fwp%2Fv2%2Fmedia&parent=13957"}],"wp:term":[{"taxonomy":"product_brand","embeddable":true,"href":"http:\/\/basakcilastik.com.tr\/index.php?rest_route=%2Fwp%2Fv2%2Fproduct_brand&post=13957"},{"taxonomy":"product_cat","embeddable":true,"href":"http:\/\/basakcilastik.com.tr\/index.php?rest_route=%2Fwp%2Fv2%2Fproduct_cat&post=13957"},{"taxonomy":"product_tag","embeddable":true,"href":"http:\/\/basakcilastik.com.tr\/index.php?rest_route=%2Fwp%2Fv2%2Fproduct_tag&post=13957"}],"curies":[{"name":"wp","href":"https:\/\/api.w.org\/{rel}","templated":true}]}}