{"id":13955,"date":"2020-07-24T23:57:06","date_gmt":"2020-07-24T23:57:06","guid":{"rendered":"https:\/\/basakcilastik.com.tr\/?post_type=product&#038;p=13955"},"modified":"2020-07-24T23:57:06","modified_gmt":"2020-07-24T23:57:06","slug":"yama-at-5040-havali-somun-sikma-12-32-kg","status":"publish","type":"product","link":"http:\/\/basakcilastik.com.tr\/?product=yama-at-5040-havali-somun-sikma-12-32-kg","title":{"rendered":"Yama AT-5040 Haval\u0131 Somun S\u0131kma 12 &#8211; 32 KG"},"content":{"rendered":"<p>Yama AT-5040 Haval\u0131 Somun S\u0131kma 12 &#8211; 32 KG<\/p>\n","protected":false},"excerpt":{"rendered":"<p>Yama AT-5040 Haval\u0131 Somun S\u0131kma 12 &#8211; 32 KG<\/p>\n","protected":false},"featured_media":13958,"comment_status":"open","ping_status":"closed","template":"","meta":[],"product_brand":[],"product_cat":[15,90,108],"product_tag":[],"class_list":{"0":"post-13955","1":"product","2":"type-product","3":"status-publish","4":"has-post-thumbnail","6":"product_cat-genel","7":"product_cat-havali-aletler","8":"product_cat-somun-sikmalar","10":"first","11":"instock","12":"shipping-taxable","13":"product-type-simple"},"_links":{"self":[{"href":"http:\/\/basakcilastik.com.tr\/index.php?rest_route=\/wp\/v2\/product\/13955","targetHints":{"allow":["GET"]}}],"collection":[{"href":"http:\/\/basakcilastik.com.tr\/index.php?rest_route=\/wp\/v2\/product"}],"about":[{"href":"http:\/\/basakcilastik.com.tr\/index.php?rest_route=\/wp\/v2\/types\/product"}],"replies":[{"embeddable":true,"href":"http:\/\/basakcilastik.com.tr\/index.php?rest_route=%2Fwp%2Fv2%2Fcomments&post=13955"}],"wp:featuredmedia":[{"embeddable":true,"href":"http:\/\/basakcilastik.com.tr\/index.php?rest_route=\/wp\/v2\/media\/13958"}],"wp:attachment":[{"href":"http:\/\/basakcilastik.com.tr\/index.php?rest_route=%2Fwp%2Fv2%2Fmedia&parent=13955"}],"wp:term":[{"taxonomy":"product_brand","embeddable":true,"href":"http:\/\/basakcilastik.com.tr\/index.php?rest_route=%2Fwp%2Fv2%2Fproduct_brand&post=13955"},{"taxonomy":"product_cat","embeddable":true,"href":"http:\/\/basakcilastik.com.tr\/index.php?rest_route=%2Fwp%2Fv2%2Fproduct_cat&post=13955"},{"taxonomy":"product_tag","embeddable":true,"href":"http:\/\/basakcilastik.com.tr\/index.php?rest_route=%2Fwp%2Fv2%2Fproduct_tag&post=13955"}],"curies":[{"name":"wp","href":"https:\/\/api.w.org\/{rel}","templated":true}]}}