{"id":13947,"date":"2020-07-24T23:54:15","date_gmt":"2020-07-24T23:54:15","guid":{"rendered":"https:\/\/basakcilastik.com.tr\/?post_type=product&#038;p=13947"},"modified":"2020-07-24T23:54:16","modified_gmt":"2020-07-24T23:54:16","slug":"yama-at-5044-12-somun-sikma","status":"publish","type":"product","link":"http:\/\/basakcilastik.com.tr\/?product=yama-at-5044-12-somun-sikma","title":{"rendered":"Yama AT 5044 12&#8221; Somun S\u0131kma"},"content":{"rendered":"<p><strong><u>YAMA AT-5044 Kabzal\u0131 Somun S\u0131kma<\/u><\/strong><\/p>\n<p>&nbsp;<\/p>\n<p>Max\u0131mum Tork G\u00fcc\u00fc : 60,0 kg 450Ft\/Lb 610 N-m<br \/>\nCivata Kapasitesi : 16 mm<br \/>\nBo\u015ftaki Devri : 7.000 d\/dk<br \/>\n\u00c7al\u0131\u015fma Bas\u0131nc\u0131 : 6,5 bar 93-95 psi<br \/>\nHava Sarfiyat\u0131 : 230 lt\/dk<br \/>\n\u00d6nerilen Kompres\u00f6r : 3,0 hp &#8211; 300 lt en az<br \/>\nGiri\u015f Rekoru : 1\/4&#8243;<br \/>\nHortum \u0130\u00e7 \u00c7ap\u0131 : 3\/8&#8243;10mm<br \/>\nBoyu-A\u011f\u0131rl\u0131\u011f\u0131 : 146 mm &#8211; 2.500 gr<\/p>\n<p>&nbsp;<\/p>\n","protected":false},"excerpt":{"rendered":"<p>YAMA AT-5044 Kabzal\u0131 Somun S\u0131kma &nbsp; Max\u0131mum Tork G\u00fcc\u00fc : 60,0 kg 450Ft\/Lb 610 N-m Civata Kapasitesi : 16 mm Bo\u015ftaki Devri : 7.000 d\/dk \u00c7al\u0131\u015fma Bas\u0131nc\u0131 : 6,5 bar 93-95 psi Hava Sarfiyat\u0131 : 230 lt\/dk \u00d6nerilen Kompres\u00f6r : 3,0 hp &#8211; 300 lt en az Giri\u015f Rekoru : 1\/4&#8243; Hortum \u0130\u00e7 \u00c7ap\u0131 : 3\/8&#8243;10mm Boyu-A\u011f\u0131rl\u0131\u011f\u0131 : 146 mm [&hellip;]<\/p>\n","protected":false},"featured_media":13950,"comment_status":"open","ping_status":"closed","template":"","meta":[],"product_brand":[],"product_cat":[15,90,108],"product_tag":[],"class_list":{"0":"post-13947","1":"product","2":"type-product","3":"status-publish","4":"has-post-thumbnail","6":"product_cat-genel","7":"product_cat-havali-aletler","8":"product_cat-somun-sikmalar","10":"first","11":"instock","12":"shipping-taxable","13":"product-type-simple"},"_links":{"self":[{"href":"http:\/\/basakcilastik.com.tr\/index.php?rest_route=\/wp\/v2\/product\/13947","targetHints":{"allow":["GET"]}}],"collection":[{"href":"http:\/\/basakcilastik.com.tr\/index.php?rest_route=\/wp\/v2\/product"}],"about":[{"href":"http:\/\/basakcilastik.com.tr\/index.php?rest_route=\/wp\/v2\/types\/product"}],"replies":[{"embeddable":true,"href":"http:\/\/basakcilastik.com.tr\/index.php?rest_route=%2Fwp%2Fv2%2Fcomments&post=13947"}],"wp:featuredmedia":[{"embeddable":true,"href":"http:\/\/basakcilastik.com.tr\/index.php?rest_route=\/wp\/v2\/media\/13950"}],"wp:attachment":[{"href":"http:\/\/basakcilastik.com.tr\/index.php?rest_route=%2Fwp%2Fv2%2Fmedia&parent=13947"}],"wp:term":[{"taxonomy":"product_brand","embeddable":true,"href":"http:\/\/basakcilastik.com.tr\/index.php?rest_route=%2Fwp%2Fv2%2Fproduct_brand&post=13947"},{"taxonomy":"product_cat","embeddable":true,"href":"http:\/\/basakcilastik.com.tr\/index.php?rest_route=%2Fwp%2Fv2%2Fproduct_cat&post=13947"},{"taxonomy":"product_tag","embeddable":true,"href":"http:\/\/basakcilastik.com.tr\/index.php?rest_route=%2Fwp%2Fv2%2Fproduct_tag&post=13947"}],"curies":[{"name":"wp","href":"https:\/\/api.w.org\/{rel}","templated":true}]}}