{"id":13943,"date":"2020-07-24T23:52:50","date_gmt":"2020-07-24T23:52:50","guid":{"rendered":"https:\/\/basakcilastik.com.tr\/?post_type=product&#038;p=13943"},"modified":"2020-07-24T23:52:51","modified_gmt":"2020-07-24T23:52:51","slug":"yama-at-5030-38-havali-kelebek-somun-sikma","status":"publish","type":"product","link":"http:\/\/basakcilastik.com.tr\/?product=yama-at-5030-38-havali-kelebek-somun-sikma","title":{"rendered":"Yama AT 5030 38&#8221; Haval\u0131 Kelebek Somun S\u0131kma"},"content":{"rendered":"<p><strong>Yama AT 5030 3\/8&#8221; Haval\u0131 Kelebek Somun S\u0131kma<\/strong><\/p>\n<p><strong><u>YAMA AT-5030 Kelebek Somun S\u0131kma<\/u><\/strong><\/p>\n<table>\n<tbody>\n<tr>\n<td><strong>TORK G\u00dcC\u00dc<\/strong><\/td>\n<td><strong>10.2\u00a0KG\/CM\u00b2 (75 FT\/LB)<\/strong><\/td>\n<\/tr>\n<tr>\n<td><strong>C\u0130VATA KAPAS\u0130TES\u0130<\/strong><\/td>\n<td><strong>10\u00a0MM.<\/strong><\/td>\n<\/tr>\n<tr>\n<td><strong>\u00c7ALI\u015eMA MEKAN\u0130ZMASI<\/strong><\/td>\n<td><strong>TEK \u00c7EK\u0130\u00c7\u00a0(ONE HAMMER)<\/strong><\/td>\n<\/tr>\n<tr>\n<td><strong>BO\u015eTAK\u0130 DEV\u0130R SAYISI<\/strong><\/td>\n<td><strong>10,000 D\/DK.<\/strong><\/td>\n<\/tr>\n<tr>\n<td><strong>G\u0130R\u0130\u015e REKOR \u00d6L\u00c7\u00dcS\u00dc<\/strong><\/td>\n<td><strong>1\/4&#8243;<\/strong><\/td>\n<\/tr>\n<tr>\n<td><strong>BA\u011eLANACAK HAVA HORTUM \u00c7API<\/strong><\/td>\n<td><strong>3\/8&#8243; (9,5 MM.) EN K\u00dc\u00c7\u00dcK<\/strong><\/td>\n<\/tr>\n<tr>\n<td><strong>\u00c7ALI\u015eMA BASINCI<\/strong><\/td>\n<td><strong>7\u00a0BAR (100 PSI) EN FAZLA<\/strong><\/td>\n<\/tr>\n<tr>\n<td><strong>HAVA SARF\u0130YATI<\/strong><\/td>\n<td><strong>0,17 M\u00b3<\/strong><\/td>\n<\/tr>\n<tr>\n<td><strong>\u00d6NER\u0130LEN HAVA KOMPRES\u00d6R\u00dc<\/strong><\/td>\n<td><strong>2\u00a0HP &#8211; 200 (300 LT\/DK (EN AZ)<\/strong><\/td>\n<\/tr>\n<tr>\n<td><strong>BOYU VE A\u011eIRLI\u011eI<\/strong><\/td>\n<td><strong>140\u00a0MM. &#8211; 950 GRAM<\/strong><\/td>\n<\/tr>\n<tr>\n<td><strong>AMBALAJ<\/strong><\/td>\n<td><strong>TEKL\u0130 KARTON KUTUDA<\/strong><\/td>\n<\/tr>\n<\/tbody>\n<\/table>\n<p>&nbsp;<\/p>\n","protected":false},"excerpt":{"rendered":"<p>Yama AT 5030 3\/8&#8221; Haval\u0131 Kelebek Somun S\u0131kma YAMA AT-5030 Kelebek Somun S\u0131kma TORK G\u00dcC\u00dc 10.2\u00a0KG\/CM\u00b2 (75 FT\/LB) C\u0130VATA KAPAS\u0130TES\u0130 10\u00a0MM. \u00c7ALI\u015eMA MEKAN\u0130ZMASI TEK \u00c7EK\u0130\u00c7\u00a0(ONE HAMMER) BO\u015eTAK\u0130 DEV\u0130R SAYISI 10,000 D\/DK. G\u0130R\u0130\u015e REKOR \u00d6L\u00c7\u00dcS\u00dc 1\/4&#8243; BA\u011eLANACAK HAVA HORTUM \u00c7API 3\/8&#8243; (9,5 MM.) EN K\u00dc\u00c7\u00dcK \u00c7ALI\u015eMA BASINCI 7\u00a0BAR (100 PSI) EN FAZLA HAVA SARF\u0130YATI 0,17 M\u00b3 \u00d6NER\u0130LEN HAVA KOMPRES\u00d6R\u00dc 2\u00a0HP &#8211; [&hellip;]<\/p>\n","protected":false},"featured_media":13946,"comment_status":"open","ping_status":"closed","template":"","meta":[],"product_brand":[],"product_cat":[15,90,108],"product_tag":[],"class_list":{"0":"post-13943","1":"product","2":"type-product","3":"status-publish","4":"has-post-thumbnail","6":"product_cat-genel","7":"product_cat-havali-aletler","8":"product_cat-somun-sikmalar","10":"first","11":"instock","12":"shipping-taxable","13":"product-type-simple"},"_links":{"self":[{"href":"http:\/\/basakcilastik.com.tr\/index.php?rest_route=\/wp\/v2\/product\/13943","targetHints":{"allow":["GET"]}}],"collection":[{"href":"http:\/\/basakcilastik.com.tr\/index.php?rest_route=\/wp\/v2\/product"}],"about":[{"href":"http:\/\/basakcilastik.com.tr\/index.php?rest_route=\/wp\/v2\/types\/product"}],"replies":[{"embeddable":true,"href":"http:\/\/basakcilastik.com.tr\/index.php?rest_route=%2Fwp%2Fv2%2Fcomments&post=13943"}],"wp:featuredmedia":[{"embeddable":true,"href":"http:\/\/basakcilastik.com.tr\/index.php?rest_route=\/wp\/v2\/media\/13946"}],"wp:attachment":[{"href":"http:\/\/basakcilastik.com.tr\/index.php?rest_route=%2Fwp%2Fv2%2Fmedia&parent=13943"}],"wp:term":[{"taxonomy":"product_brand","embeddable":true,"href":"http:\/\/basakcilastik.com.tr\/index.php?rest_route=%2Fwp%2Fv2%2Fproduct_brand&post=13943"},{"taxonomy":"product_cat","embeddable":true,"href":"http:\/\/basakcilastik.com.tr\/index.php?rest_route=%2Fwp%2Fv2%2Fproduct_cat&post=13943"},{"taxonomy":"product_tag","embeddable":true,"href":"http:\/\/basakcilastik.com.tr\/index.php?rest_route=%2Fwp%2Fv2%2Fproduct_tag&post=13943"}],"curies":[{"name":"wp","href":"https:\/\/api.w.org\/{rel}","templated":true}]}}