{"id":13941,"date":"2020-07-24T23:52:16","date_gmt":"2020-07-24T23:52:16","guid":{"rendered":"https:\/\/basakcilastik.com.tr\/?post_type=product&#038;p=13941"},"modified":"2020-07-24T23:52:17","modified_gmt":"2020-07-24T23:52:17","slug":"wert-1855-havali-somun-sikma-seti-12-17-parca","status":"publish","type":"product","link":"http:\/\/basakcilastik.com.tr\/?product=wert-1855-havali-somun-sikma-seti-12-17-parca","title":{"rendered":"WERT 1855 Haval\u0131 Somun S\u0131kma Seti (12, 17 Par\u00e7a)"},"content":{"rendered":"<p>WERT 1855 Haval\u0131 Somun S\u0131kma Seti (1\/2&#8242;, 17 Par\u00e7a)<\/p>\n<p>&nbsp;<\/p>\n<ul>\n<li>Tek elle kullan\u0131labilen sa\u011f-sol haval\u0131 somun s\u0131kma seti, 17 par\u00e7a<br \/>\n\u25cf Presd\u00f6k\u00fcm al\u00fcminyum g\u00f6vdeli 1\/2&#8242; somun s\u0131kma<br \/>\n\u25cf A\u015f\u0131nmaya kar\u015f\u0131 \u00f6n ve arka k\u0131s\u0131mlarda kaz\u0131nma korumas\u0131<br \/>\n\u25cf Entegre hava reg\u00fclat\u00f6r\u00fc ile h\u0131z ve g\u00fc\u00e7 ayar\u0131<br \/>\n\u25cf Lastik de\u011fi\u015fimi, genel at\u00f6lye uygulamalar\u0131 i\u00e7in idea<br \/>\n\u25cf \u00d6n egzos<br \/>\n\u25cf D\u00f6rt kademeli tork ayar\u0131<br \/>\n\u25cf 10 adet krom vanadyum lokma<br \/>\n\u25cf 1 adet 5&#8242; uzatma kolu<br \/>\n\u25cf 1 adet 1\/4&#8242; ba\u011flant\u0131 soketi<br \/>\n\u25cf 1 adet 4mm allen anahtar\u0131<br \/>\n\u25cf 1 adet mini ya\u011flay\u0131c\u0131<br \/>\n\u25cf Ta\u015f\u0131ma \u00e7antas\u0131<br \/>\n\u25cf Soket giri\u015fi: 12,8mm<br \/>\n\u25cf Maksimum tork: 340Nm<br \/>\n\u25cf Bo\u015ftaki devir say\u0131s\u0131: 7000d\/dak<br \/>\n\u25cf \u00c7al\u0131\u015fma hava bas\u0131nc\u0131: 6,3bar<br \/>\n\u25cf Ortalama hava t\u00fcketimi: 0,240m3\/dak<br \/>\n\u25cf Hortum \u00f6l\u00e7\u00fcs\u00fc (i\u00e7 \u00e7ap): 9,5mm<br \/>\n\u25cf Hava giri\u015fi: 6,5 mm (N) PT<br \/>\n\u25cf A\u011f\u0131rl\u0131k: 3,5kg<\/li>\n<\/ul>\n<p><strong>A\u011f\u0131rl\u0131k(Kg)<\/strong><\/p>\n<p><strong>:<\/strong><\/p>\n<p>4.16<\/p>\n<p>&nbsp;<\/p>\n","protected":false},"excerpt":{"rendered":"<p>WERT 1855 Haval\u0131 Somun S\u0131kma Seti (1\/2&#8242;, 17 Par\u00e7a) &nbsp; Tek elle kullan\u0131labilen sa\u011f-sol haval\u0131 somun s\u0131kma seti, 17 par\u00e7a \u25cf Presd\u00f6k\u00fcm al\u00fcminyum g\u00f6vdeli 1\/2&#8242; somun s\u0131kma \u25cf A\u015f\u0131nmaya kar\u015f\u0131 \u00f6n ve arka k\u0131s\u0131mlarda kaz\u0131nma korumas\u0131 \u25cf Entegre hava reg\u00fclat\u00f6r\u00fc ile h\u0131z ve g\u00fc\u00e7 ayar\u0131 \u25cf Lastik de\u011fi\u015fimi, genel at\u00f6lye uygulamalar\u0131 i\u00e7in idea \u25cf \u00d6n egzos \u25cf D\u00f6rt kademeli tork [&hellip;]<\/p>\n","protected":false},"featured_media":13944,"comment_status":"open","ping_status":"closed","template":"","meta":[],"product_brand":[],"product_cat":[15,90,108],"product_tag":[],"class_list":{"0":"post-13941","1":"product","2":"type-product","3":"status-publish","4":"has-post-thumbnail","6":"product_cat-genel","7":"product_cat-havali-aletler","8":"product_cat-somun-sikmalar","10":"first","11":"instock","12":"shipping-taxable","13":"product-type-simple"},"_links":{"self":[{"href":"http:\/\/basakcilastik.com.tr\/index.php?rest_route=\/wp\/v2\/product\/13941","targetHints":{"allow":["GET"]}}],"collection":[{"href":"http:\/\/basakcilastik.com.tr\/index.php?rest_route=\/wp\/v2\/product"}],"about":[{"href":"http:\/\/basakcilastik.com.tr\/index.php?rest_route=\/wp\/v2\/types\/product"}],"replies":[{"embeddable":true,"href":"http:\/\/basakcilastik.com.tr\/index.php?rest_route=%2Fwp%2Fv2%2Fcomments&post=13941"}],"wp:featuredmedia":[{"embeddable":true,"href":"http:\/\/basakcilastik.com.tr\/index.php?rest_route=\/wp\/v2\/media\/13944"}],"wp:attachment":[{"href":"http:\/\/basakcilastik.com.tr\/index.php?rest_route=%2Fwp%2Fv2%2Fmedia&parent=13941"}],"wp:term":[{"taxonomy":"product_brand","embeddable":true,"href":"http:\/\/basakcilastik.com.tr\/index.php?rest_route=%2Fwp%2Fv2%2Fproduct_brand&post=13941"},{"taxonomy":"product_cat","embeddable":true,"href":"http:\/\/basakcilastik.com.tr\/index.php?rest_route=%2Fwp%2Fv2%2Fproduct_cat&post=13941"},{"taxonomy":"product_tag","embeddable":true,"href":"http:\/\/basakcilastik.com.tr\/index.php?rest_route=%2Fwp%2Fv2%2Fproduct_tag&post=13941"}],"curies":[{"name":"wp","href":"https:\/\/api.w.org\/{rel}","templated":true}]}}