{"id":13911,"date":"2020-07-24T23:41:09","date_gmt":"2020-07-24T23:41:09","guid":{"rendered":"https:\/\/basakcilastik.com.tr\/?post_type=product&#038;p=13911"},"modified":"2020-07-24T23:41:10","modified_gmt":"2020-07-24T23:41:10","slug":"sikistirmali-pulse-model-somun-sikma-sokmeler","status":"publish","type":"product","link":"http:\/\/basakcilastik.com.tr\/?product=sikistirmali-pulse-model-somun-sikma-sokmeler","title":{"rendered":"SIKI\u015eTIRMALI (PULSE) MODEL SOMUN SIKMA-S\u00d6KMELER"},"content":{"rendered":"<p>SIKI\u015eTIRMALI (PULSE) MODEL SOMUN SIKMA-S\u00d6KMELER<\/p>\n","protected":false},"excerpt":{"rendered":"<p>SIKI\u015eTIRMALI (PULSE) MODEL SOMUN SIKMA-S\u00d6KMELER<\/p>\n","protected":false},"featured_media":13914,"comment_status":"open","ping_status":"closed","template":"","meta":[],"product_brand":[],"product_cat":[15,90,108],"product_tag":[],"class_list":{"0":"post-13911","1":"product","2":"type-product","3":"status-publish","4":"has-post-thumbnail","6":"product_cat-genel","7":"product_cat-havali-aletler","8":"product_cat-somun-sikmalar","10":"first","11":"instock","12":"shipping-taxable","13":"product-type-simple"},"_links":{"self":[{"href":"http:\/\/basakcilastik.com.tr\/index.php?rest_route=\/wp\/v2\/product\/13911","targetHints":{"allow":["GET"]}}],"collection":[{"href":"http:\/\/basakcilastik.com.tr\/index.php?rest_route=\/wp\/v2\/product"}],"about":[{"href":"http:\/\/basakcilastik.com.tr\/index.php?rest_route=\/wp\/v2\/types\/product"}],"replies":[{"embeddable":true,"href":"http:\/\/basakcilastik.com.tr\/index.php?rest_route=%2Fwp%2Fv2%2Fcomments&post=13911"}],"wp:featuredmedia":[{"embeddable":true,"href":"http:\/\/basakcilastik.com.tr\/index.php?rest_route=\/wp\/v2\/media\/13914"}],"wp:attachment":[{"href":"http:\/\/basakcilastik.com.tr\/index.php?rest_route=%2Fwp%2Fv2%2Fmedia&parent=13911"}],"wp:term":[{"taxonomy":"product_brand","embeddable":true,"href":"http:\/\/basakcilastik.com.tr\/index.php?rest_route=%2Fwp%2Fv2%2Fproduct_brand&post=13911"},{"taxonomy":"product_cat","embeddable":true,"href":"http:\/\/basakcilastik.com.tr\/index.php?rest_route=%2Fwp%2Fv2%2Fproduct_cat&post=13911"},{"taxonomy":"product_tag","embeddable":true,"href":"http:\/\/basakcilastik.com.tr\/index.php?rest_route=%2Fwp%2Fv2%2Fproduct_tag&post=13911"}],"curies":[{"name":"wp","href":"https:\/\/api.w.org\/{rel}","templated":true}]}}