{"id":13815,"date":"2020-07-24T22:35:37","date_gmt":"2020-07-24T22:35:37","guid":{"rendered":"https:\/\/basakcilastik.com.tr\/?post_type=product&#038;p=13815"},"modified":"2020-07-24T22:35:37","modified_gmt":"2020-07-24T22:35:37","slug":"opt-p-316-1-somun-sokme","status":"publish","type":"product","link":"http:\/\/basakcilastik.com.tr\/?product=opt-p-316-1-somun-sokme","title":{"rendered":"OPT-P 316 1 SOMUN S\u00d6KME"},"content":{"rendered":"<p>OPT-P 316 1&#8243; SOMUN S\u00d6KME<\/p>\n<p><strong>Uzunluk: 300 mm<\/strong><br \/>\n<strong>Civata \u00c7ap\u0131: 38 mm<\/strong><br \/>\n<strong>Soket Karesi: 1&#8243;<\/strong><br \/>\n<strong>Max. Tork: 1.900 Nm<\/strong><br \/>\n<strong>Bo\u015fta Devir: 3.500 RPM<\/strong><br \/>\n<strong>Hava T\u00fcketimi: 312 lt\/dk<\/strong><br \/>\n<strong>Hava Giri\u015f Nipeli: 1\/2&#8243;<\/strong><br \/>\n<strong>Hortum \u00c7ap\u0131: 13.00 mm<\/strong><br \/>\n<strong>\u00c7al\u0131\u015fma Bas\u0131nc\u0131: 90-115 psi<\/strong><br \/>\n<strong>(6.2-8 at\u00fc)<\/strong><br \/>\n<strong>A\u011f\u0131rl\u0131k: 9.60 kg<\/strong><br \/>\n<strong>Koli Adedi: 2 adet<\/strong><\/p>\n<p>&nbsp;<\/p>\n<p>&nbsp;<\/p>\n","protected":false},"excerpt":{"rendered":"<p>OPT-P 316 1&#8243; SOMUN S\u00d6KME Uzunluk: 300 mm Civata \u00c7ap\u0131: 38 mm Soket Karesi: 1&#8243; Max. Tork: 1.900 Nm Bo\u015fta Devir: 3.500 RPM Hava T\u00fcketimi: 312 lt\/dk Hava Giri\u015f Nipeli: 1\/2&#8243; Hortum \u00c7ap\u0131: 13.00 mm \u00c7al\u0131\u015fma Bas\u0131nc\u0131: 90-115 psi (6.2-8 at\u00fc) A\u011f\u0131rl\u0131k: 9.60 kg Koli Adedi: 2 adet &nbsp; &nbsp;<\/p>\n","protected":false},"featured_media":13818,"comment_status":"open","ping_status":"closed","template":"","meta":[],"product_brand":[],"product_cat":[15,90,108],"product_tag":[],"class_list":{"0":"post-13815","1":"product","2":"type-product","3":"status-publish","4":"has-post-thumbnail","6":"product_cat-genel","7":"product_cat-havali-aletler","8":"product_cat-somun-sikmalar","10":"first","11":"instock","12":"shipping-taxable","13":"product-type-simple"},"_links":{"self":[{"href":"http:\/\/basakcilastik.com.tr\/index.php?rest_route=\/wp\/v2\/product\/13815","targetHints":{"allow":["GET"]}}],"collection":[{"href":"http:\/\/basakcilastik.com.tr\/index.php?rest_route=\/wp\/v2\/product"}],"about":[{"href":"http:\/\/basakcilastik.com.tr\/index.php?rest_route=\/wp\/v2\/types\/product"}],"replies":[{"embeddable":true,"href":"http:\/\/basakcilastik.com.tr\/index.php?rest_route=%2Fwp%2Fv2%2Fcomments&post=13815"}],"wp:featuredmedia":[{"embeddable":true,"href":"http:\/\/basakcilastik.com.tr\/index.php?rest_route=\/wp\/v2\/media\/13818"}],"wp:attachment":[{"href":"http:\/\/basakcilastik.com.tr\/index.php?rest_route=%2Fwp%2Fv2%2Fmedia&parent=13815"}],"wp:term":[{"taxonomy":"product_brand","embeddable":true,"href":"http:\/\/basakcilastik.com.tr\/index.php?rest_route=%2Fwp%2Fv2%2Fproduct_brand&post=13815"},{"taxonomy":"product_cat","embeddable":true,"href":"http:\/\/basakcilastik.com.tr\/index.php?rest_route=%2Fwp%2Fv2%2Fproduct_cat&post=13815"},{"taxonomy":"product_tag","embeddable":true,"href":"http:\/\/basakcilastik.com.tr\/index.php?rest_route=%2Fwp%2Fv2%2Fproduct_tag&post=13815"}],"curies":[{"name":"wp","href":"https:\/\/api.w.org\/{rel}","templated":true}]}}