{"id":13787,"date":"2020-07-24T22:25:18","date_gmt":"2020-07-24T22:25:18","guid":{"rendered":"https:\/\/basakcilastik.com.tr\/?post_type=product&#038;p=13787"},"modified":"2020-07-24T22:25:18","modified_gmt":"2020-07-24T22:25:18","slug":"opc-50138-38-somun-sokme","status":"publish","type":"product","link":"http:\/\/basakcilastik.com.tr\/?product=opc-50138-38-somun-sokme","title":{"rendered":"OPC 50138 38 SOMUN S\u00d6KME"},"content":{"rendered":"<p>OPC 50138 3\/8&#8243; SOMUN S\u00d6KME<\/p>\n<p><strong>Uzunluk: 127 mm<\/strong><br \/>\n<strong>Civata \u00c7ap\u0131: 8 mm<\/strong><br \/>\n<strong>Soket Karesi: 3\/8&#8243;<\/strong><br \/>\n<strong>Max. Tork: 70 Nm<\/strong><br \/>\n<strong>Bo\u015fta Devir: 12.000 RPM<\/strong><br \/>\n<strong>Hava T\u00fcketimi: 120 lt\/dk<\/strong><br \/>\n<strong>Hava Giri\u015f Nipeli: 1\/4&#8243;<\/strong><br \/>\n<strong>Hortum \u00c7ap\u0131: 8.00 mm<\/strong><br \/>\n<strong>\u00c7al\u0131\u015fma Bas\u0131nc\u0131: 90 psi (6.2 at\u00fc)<\/strong><br \/>\n<strong>A\u011f\u0131rl\u0131k: 0.73 kg<\/strong><br \/>\n<strong>Koli Adedi: 20 adet<\/strong><\/p>\n<p>&nbsp;<\/p>\n<p>&nbsp;<\/p>\n","protected":false},"excerpt":{"rendered":"<p>OPC 50138 3\/8&#8243; SOMUN S\u00d6KME Uzunluk: 127 mm Civata \u00c7ap\u0131: 8 mm Soket Karesi: 3\/8&#8243; Max. Tork: 70 Nm Bo\u015fta Devir: 12.000 RPM Hava T\u00fcketimi: 120 lt\/dk Hava Giri\u015f Nipeli: 1\/4&#8243; Hortum \u00c7ap\u0131: 8.00 mm \u00c7al\u0131\u015fma Bas\u0131nc\u0131: 90 psi (6.2 at\u00fc) A\u011f\u0131rl\u0131k: 0.73 kg Koli Adedi: 20 adet &nbsp; &nbsp;<\/p>\n","protected":false},"featured_media":13790,"comment_status":"open","ping_status":"closed","template":"","meta":[],"product_brand":[],"product_cat":[15,90,108],"product_tag":[],"class_list":{"0":"post-13787","1":"product","2":"type-product","3":"status-publish","4":"has-post-thumbnail","6":"product_cat-genel","7":"product_cat-havali-aletler","8":"product_cat-somun-sikmalar","10":"first","11":"instock","12":"shipping-taxable","13":"product-type-simple"},"_links":{"self":[{"href":"http:\/\/basakcilastik.com.tr\/index.php?rest_route=\/wp\/v2\/product\/13787","targetHints":{"allow":["GET"]}}],"collection":[{"href":"http:\/\/basakcilastik.com.tr\/index.php?rest_route=\/wp\/v2\/product"}],"about":[{"href":"http:\/\/basakcilastik.com.tr\/index.php?rest_route=\/wp\/v2\/types\/product"}],"replies":[{"embeddable":true,"href":"http:\/\/basakcilastik.com.tr\/index.php?rest_route=%2Fwp%2Fv2%2Fcomments&post=13787"}],"wp:featuredmedia":[{"embeddable":true,"href":"http:\/\/basakcilastik.com.tr\/index.php?rest_route=\/wp\/v2\/media\/13790"}],"wp:attachment":[{"href":"http:\/\/basakcilastik.com.tr\/index.php?rest_route=%2Fwp%2Fv2%2Fmedia&parent=13787"}],"wp:term":[{"taxonomy":"product_brand","embeddable":true,"href":"http:\/\/basakcilastik.com.tr\/index.php?rest_route=%2Fwp%2Fv2%2Fproduct_brand&post=13787"},{"taxonomy":"product_cat","embeddable":true,"href":"http:\/\/basakcilastik.com.tr\/index.php?rest_route=%2Fwp%2Fv2%2Fproduct_cat&post=13787"},{"taxonomy":"product_tag","embeddable":true,"href":"http:\/\/basakcilastik.com.tr\/index.php?rest_route=%2Fwp%2Fv2%2Fproduct_tag&post=13787"}],"curies":[{"name":"wp","href":"https:\/\/api.w.org\/{rel}","templated":true}]}}