{"id":13785,"date":"2020-07-24T22:24:41","date_gmt":"2020-07-24T22:24:41","guid":{"rendered":"https:\/\/basakcilastik.com.tr\/?post_type=product&#038;p=13785"},"modified":"2020-07-24T22:24:41","modified_gmt":"2020-07-24T22:24:41","slug":"nst-500m-12-kabzeli-mini-somun-sikma-sokme","status":"publish","type":"product","link":"http:\/\/basakcilastik.com.tr\/?product=nst-500m-12-kabzeli-mini-somun-sikma-sokme","title":{"rendered":"NST-500M 12 KABZEL\u0130 M\u0130N\u0130 SOMUN SIKMA-S\u00d6KME"},"content":{"rendered":"<p>NST-500M 12 KABZEL\u0130 M\u0130N\u0130 SOMUN SIKMA-S\u00d6KME<\/p>\n","protected":false},"excerpt":{"rendered":"<p>NST-500M 12 KABZEL\u0130 M\u0130N\u0130 SOMUN SIKMA-S\u00d6KME<\/p>\n","protected":false},"featured_media":13788,"comment_status":"open","ping_status":"closed","template":"","meta":[],"product_brand":[],"product_cat":[15,90,108],"product_tag":[],"class_list":{"0":"post-13785","1":"product","2":"type-product","3":"status-publish","4":"has-post-thumbnail","6":"product_cat-genel","7":"product_cat-havali-aletler","8":"product_cat-somun-sikmalar","10":"first","11":"instock","12":"shipping-taxable","13":"product-type-simple"},"_links":{"self":[{"href":"http:\/\/basakcilastik.com.tr\/index.php?rest_route=\/wp\/v2\/product\/13785","targetHints":{"allow":["GET"]}}],"collection":[{"href":"http:\/\/basakcilastik.com.tr\/index.php?rest_route=\/wp\/v2\/product"}],"about":[{"href":"http:\/\/basakcilastik.com.tr\/index.php?rest_route=\/wp\/v2\/types\/product"}],"replies":[{"embeddable":true,"href":"http:\/\/basakcilastik.com.tr\/index.php?rest_route=%2Fwp%2Fv2%2Fcomments&post=13785"}],"wp:featuredmedia":[{"embeddable":true,"href":"http:\/\/basakcilastik.com.tr\/index.php?rest_route=\/wp\/v2\/media\/13788"}],"wp:attachment":[{"href":"http:\/\/basakcilastik.com.tr\/index.php?rest_route=%2Fwp%2Fv2%2Fmedia&parent=13785"}],"wp:term":[{"taxonomy":"product_brand","embeddable":true,"href":"http:\/\/basakcilastik.com.tr\/index.php?rest_route=%2Fwp%2Fv2%2Fproduct_brand&post=13785"},{"taxonomy":"product_cat","embeddable":true,"href":"http:\/\/basakcilastik.com.tr\/index.php?rest_route=%2Fwp%2Fv2%2Fproduct_cat&post=13785"},{"taxonomy":"product_tag","embeddable":true,"href":"http:\/\/basakcilastik.com.tr\/index.php?rest_route=%2Fwp%2Fv2%2Fproduct_tag&post=13785"}],"curies":[{"name":"wp","href":"https:\/\/api.w.org\/{rel}","templated":true}]}}