{"id":13751,"date":"2020-07-24T22:06:44","date_gmt":"2020-07-24T22:06:44","guid":{"rendered":"https:\/\/basakcilastik.com.tr\/?post_type=product&#038;p=13751"},"modified":"2020-07-24T22:06:45","modified_gmt":"2020-07-24T22:06:45","slug":"kompozit-havali-somun-sokme-1","status":"publish","type":"product","link":"http:\/\/basakcilastik.com.tr\/?product=kompozit-havali-somun-sokme-1","title":{"rendered":"Kompozit Haval\u0131 Somun S\u00f6kme 1"},"content":{"rendered":"<ul>\n<li>Ergonomik yap\u0131s\u0131 ile tutu\u015f kolayl\u0131\u011f\u0131 sa\u011flar.<\/li>\n<li>Kompozit maddeden yap\u0131lm\u0131\u015f sa\u011flam g\u00f6vde.<\/li>\n<li>Kamyon,otob\u00fcs,dizel motor,tar\u0131m makinalar\u0131,arazi ara\u00e7lar\u0131 ve benzeri onar\u0131m i\u015fleri i\u00e7in kullan\u0131l\u0131r.<\/li>\n<\/ul>\n<table width=\"100%\">\n<tbody>\n<tr>\n<td width=\"148\"><strong>\u00a0\u00dcr\u00fcn Kodu<\/strong><\/td>\n<td width=\"159\"><strong>\u00a0\u00d6l\u00e7\u00fc<\/strong><\/td>\n<td width=\"173\"><strong>\u00a0Paket \/ Koli<\/strong><\/td>\n<\/tr>\n<tr>\n<td width=\"148\">\u00a0RHS2445<\/td>\n<td width=\"159\">\u00a02445 NM<\/td>\n<td width=\"173\">\u00a01 \/ 3 Pcs<\/td>\n<\/tr>\n<\/tbody>\n<\/table>\n<p>&nbsp;<\/p>\n","protected":false},"excerpt":{"rendered":"<p>Ergonomik yap\u0131s\u0131 ile tutu\u015f kolayl\u0131\u011f\u0131 sa\u011flar. Kompozit maddeden yap\u0131lm\u0131\u015f sa\u011flam g\u00f6vde. Kamyon,otob\u00fcs,dizel motor,tar\u0131m makinalar\u0131,arazi ara\u00e7lar\u0131 ve benzeri onar\u0131m i\u015fleri i\u00e7in kullan\u0131l\u0131r. \u00a0\u00dcr\u00fcn Kodu \u00a0\u00d6l\u00e7\u00fc \u00a0Paket \/ Koli \u00a0RHS2445 \u00a02445 NM \u00a01 \/ 3 Pcs &nbsp;<\/p>\n","protected":false},"featured_media":13754,"comment_status":"open","ping_status":"closed","template":"","meta":[],"product_brand":[],"product_cat":[15,90,108],"product_tag":[],"class_list":{"0":"post-13751","1":"product","2":"type-product","3":"status-publish","4":"has-post-thumbnail","6":"product_cat-genel","7":"product_cat-havali-aletler","8":"product_cat-somun-sikmalar","10":"first","11":"instock","12":"shipping-taxable","13":"product-type-simple"},"_links":{"self":[{"href":"http:\/\/basakcilastik.com.tr\/index.php?rest_route=\/wp\/v2\/product\/13751","targetHints":{"allow":["GET"]}}],"collection":[{"href":"http:\/\/basakcilastik.com.tr\/index.php?rest_route=\/wp\/v2\/product"}],"about":[{"href":"http:\/\/basakcilastik.com.tr\/index.php?rest_route=\/wp\/v2\/types\/product"}],"replies":[{"embeddable":true,"href":"http:\/\/basakcilastik.com.tr\/index.php?rest_route=%2Fwp%2Fv2%2Fcomments&post=13751"}],"wp:featuredmedia":[{"embeddable":true,"href":"http:\/\/basakcilastik.com.tr\/index.php?rest_route=\/wp\/v2\/media\/13754"}],"wp:attachment":[{"href":"http:\/\/basakcilastik.com.tr\/index.php?rest_route=%2Fwp%2Fv2%2Fmedia&parent=13751"}],"wp:term":[{"taxonomy":"product_brand","embeddable":true,"href":"http:\/\/basakcilastik.com.tr\/index.php?rest_route=%2Fwp%2Fv2%2Fproduct_brand&post=13751"},{"taxonomy":"product_cat","embeddable":true,"href":"http:\/\/basakcilastik.com.tr\/index.php?rest_route=%2Fwp%2Fv2%2Fproduct_cat&post=13751"},{"taxonomy":"product_tag","embeddable":true,"href":"http:\/\/basakcilastik.com.tr\/index.php?rest_route=%2Fwp%2Fv2%2Fproduct_tag&post=13751"}],"curies":[{"name":"wp","href":"https:\/\/api.w.org\/{rel}","templated":true}]}}