{"id":13634,"date":"2020-07-24T21:11:10","date_gmt":"2020-07-24T21:11:10","guid":{"rendered":"https:\/\/basakcilastik.com.tr\/?post_type=product&#038;p=13634"},"modified":"2020-07-24T21:11:11","modified_gmt":"2020-07-24T21:11:11","slug":"at-6212-gav-havali-somun-sokme-12","status":"publish","type":"product","link":"http:\/\/basakcilastik.com.tr\/?product=at-6212-gav-havali-somun-sokme-12","title":{"rendered":"AT-6212 GAV HAVALI SOMUN S\u00d6KME 12"},"content":{"rendered":"<table width=\"408\">\n<tbody>\n<tr>\n<td colspan=\"2\">\u0130K\u0130Z \u00c7EK\u0130\u00c7 \u00a0 \u00a0 \u00a0 \u00a0 \u00a0 \u00a0 \u00a0 KOMPOZ\u0130T G\u00d6VDE<\/td>\n<\/tr>\n<tr>\n<td>Civata \u00d6l\u00e7\u00fcs\u00fc<\/td>\n<td>\u00a019 mm<\/td>\n<\/tr>\n<tr>\n<td>Soket Karesi<\/td>\n<td>\u00a0 1\/2&#8243;<\/td>\n<\/tr>\n<tr>\n<td>Uzunluk<\/td>\n<td>\u00a0180 mm<\/td>\n<\/tr>\n<tr>\n<td>Bo\u015fta Devir<\/td>\n<td>\u00a08.000 RPM<\/td>\n<\/tr>\n<tr>\n<td>Maksimum Tork<\/td>\n<td>\u00a0 1.486 NM<\/td>\n<\/tr>\n<tr>\n<td>Hortum \u00d6l\u00e7\u00fcs\u00fc<\/td>\n<td>\u00a010 mm<\/td>\n<\/tr>\n<tr>\n<td>Hava T\u00fcketimi<\/td>\n<td>\u00a0120 LT\/DK<\/td>\n<\/tr>\n<tr>\n<td>\u00c7al\u0131\u015fma Bas\u0131nc\u0131<\/td>\n<td>\u00a06,3-8,0 AT\u00dc<\/td>\n<\/tr>\n<tr>\n<td>Hava Giri\u015f Nipeli<\/td>\n<td>\u00a0 1\/4&#8243;<\/td>\n<\/tr>\n<tr>\n<td>A\u011f\u0131rl\u0131k<\/td>\n<td>\u00a0 2,00 Kg<\/td>\n<\/tr>\n<\/tbody>\n<\/table>\n<p>&nbsp;<\/p>\n","protected":false},"excerpt":{"rendered":"<p>\u0130K\u0130Z \u00c7EK\u0130\u00c7 \u00a0 \u00a0 \u00a0 \u00a0 \u00a0 \u00a0 \u00a0 KOMPOZ\u0130T G\u00d6VDE Civata \u00d6l\u00e7\u00fcs\u00fc \u00a019 mm Soket Karesi \u00a0 1\/2&#8243; Uzunluk \u00a0180 mm Bo\u015fta Devir \u00a08.000 RPM Maksimum Tork \u00a0 1.486 NM Hortum \u00d6l\u00e7\u00fcs\u00fc \u00a010 mm Hava T\u00fcketimi \u00a0120 LT\/DK \u00c7al\u0131\u015fma Bas\u0131nc\u0131 \u00a06,3-8,0 AT\u00dc Hava Giri\u015f Nipeli \u00a0 1\/4&#8243; A\u011f\u0131rl\u0131k \u00a0 2,00 Kg &nbsp;<\/p>\n","protected":false},"featured_media":13637,"comment_status":"open","ping_status":"closed","template":"","meta":[],"product_brand":[],"product_cat":[15,90,108],"product_tag":[],"class_list":{"0":"post-13634","1":"product","2":"type-product","3":"status-publish","4":"has-post-thumbnail","6":"product_cat-genel","7":"product_cat-havali-aletler","8":"product_cat-somun-sikmalar","10":"first","11":"instock","12":"shipping-taxable","13":"product-type-simple"},"_links":{"self":[{"href":"http:\/\/basakcilastik.com.tr\/index.php?rest_route=\/wp\/v2\/product\/13634","targetHints":{"allow":["GET"]}}],"collection":[{"href":"http:\/\/basakcilastik.com.tr\/index.php?rest_route=\/wp\/v2\/product"}],"about":[{"href":"http:\/\/basakcilastik.com.tr\/index.php?rest_route=\/wp\/v2\/types\/product"}],"replies":[{"embeddable":true,"href":"http:\/\/basakcilastik.com.tr\/index.php?rest_route=%2Fwp%2Fv2%2Fcomments&post=13634"}],"wp:featuredmedia":[{"embeddable":true,"href":"http:\/\/basakcilastik.com.tr\/index.php?rest_route=\/wp\/v2\/media\/13637"}],"wp:attachment":[{"href":"http:\/\/basakcilastik.com.tr\/index.php?rest_route=%2Fwp%2Fv2%2Fmedia&parent=13634"}],"wp:term":[{"taxonomy":"product_brand","embeddable":true,"href":"http:\/\/basakcilastik.com.tr\/index.php?rest_route=%2Fwp%2Fv2%2Fproduct_brand&post=13634"},{"taxonomy":"product_cat","embeddable":true,"href":"http:\/\/basakcilastik.com.tr\/index.php?rest_route=%2Fwp%2Fv2%2Fproduct_cat&post=13634"},{"taxonomy":"product_tag","embeddable":true,"href":"http:\/\/basakcilastik.com.tr\/index.php?rest_route=%2Fwp%2Fv2%2Fproduct_tag&post=13634"}],"curies":[{"name":"wp","href":"https:\/\/api.w.org\/{rel}","templated":true}]}}