{"id":13557,"date":"2020-07-24T20:06:20","date_gmt":"2020-07-24T20:06:20","guid":{"rendered":"https:\/\/basakcilastik.com.tr\/?post_type=product&#038;p=13557"},"modified":"2020-07-24T20:06:21","modified_gmt":"2020-07-24T20:06:21","slug":"yama-havali-somunlu-percin-tabancasi-kabzali-12-mm","status":"publish","type":"product","link":"http:\/\/basakcilastik.com.tr\/?product=yama-havali-somunlu-percin-tabancasi-kabzali-12-mm","title":{"rendered":"YAMA Haval\u0131 Somunlu Per\u00e7in Tabancas\u0131 Kabzal\u0131 12 MM"},"content":{"rendered":"<p>YAMA Haval\u0131 Somunlu Per\u00e7in Tabancas\u0131 Kabzal\u0131 12 MM<\/p>\n","protected":false},"excerpt":{"rendered":"<p>YAMA Haval\u0131 Somunlu Per\u00e7in Tabancas\u0131 Kabzal\u0131 12 MM<\/p>\n","protected":false},"featured_media":13560,"comment_status":"open","ping_status":"closed","template":"","meta":[],"product_brand":[],"product_cat":[15,90,106],"product_tag":[],"class_list":{"0":"post-13557","1":"product","2":"type-product","3":"status-publish","4":"has-post-thumbnail","6":"product_cat-genel","7":"product_cat-havali-aletler","8":"product_cat-percin-tabancalari","10":"first","11":"instock","12":"shipping-taxable","13":"product-type-simple"},"_links":{"self":[{"href":"http:\/\/basakcilastik.com.tr\/index.php?rest_route=\/wp\/v2\/product\/13557","targetHints":{"allow":["GET"]}}],"collection":[{"href":"http:\/\/basakcilastik.com.tr\/index.php?rest_route=\/wp\/v2\/product"}],"about":[{"href":"http:\/\/basakcilastik.com.tr\/index.php?rest_route=\/wp\/v2\/types\/product"}],"replies":[{"embeddable":true,"href":"http:\/\/basakcilastik.com.tr\/index.php?rest_route=%2Fwp%2Fv2%2Fcomments&post=13557"}],"wp:featuredmedia":[{"embeddable":true,"href":"http:\/\/basakcilastik.com.tr\/index.php?rest_route=\/wp\/v2\/media\/13560"}],"wp:attachment":[{"href":"http:\/\/basakcilastik.com.tr\/index.php?rest_route=%2Fwp%2Fv2%2Fmedia&parent=13557"}],"wp:term":[{"taxonomy":"product_brand","embeddable":true,"href":"http:\/\/basakcilastik.com.tr\/index.php?rest_route=%2Fwp%2Fv2%2Fproduct_brand&post=13557"},{"taxonomy":"product_cat","embeddable":true,"href":"http:\/\/basakcilastik.com.tr\/index.php?rest_route=%2Fwp%2Fv2%2Fproduct_cat&post=13557"},{"taxonomy":"product_tag","embeddable":true,"href":"http:\/\/basakcilastik.com.tr\/index.php?rest_route=%2Fwp%2Fv2%2Fproduct_tag&post=13557"}],"curies":[{"name":"wp","href":"https:\/\/api.w.org\/{rel}","templated":true}]}}