{"id":13535,"date":"2020-07-24T19:59:27","date_gmt":"2020-07-24T19:59:27","guid":{"rendered":"https:\/\/basakcilastik.com.tr\/?post_type=product&#038;p=13535"},"modified":"2020-07-24T19:59:28","modified_gmt":"2020-07-24T19:59:28","slug":"yama-havali-hidrolik-percin-somun-pensi-m3-m12","status":"publish","type":"product","link":"http:\/\/basakcilastik.com.tr\/?product=yama-havali-hidrolik-percin-somun-pensi-m3-m12","title":{"rendered":"YAMA Haval\u0131 Hidrolik Per\u00e7in Somun Pensi M3-M12"},"content":{"rendered":"<p>YAMA Haval\u0131 Hidrolik Per\u00e7in Somun Pensi M3-M12<\/p>\n","protected":false},"excerpt":{"rendered":"<p>YAMA Haval\u0131 Hidrolik Per\u00e7in Somun Pensi M3-M12<\/p>\n","protected":false},"featured_media":13538,"comment_status":"open","ping_status":"closed","template":"","meta":[],"product_brand":[],"product_cat":[15,90,106],"product_tag":[],"class_list":{"0":"post-13535","1":"product","2":"type-product","3":"status-publish","4":"has-post-thumbnail","6":"product_cat-genel","7":"product_cat-havali-aletler","8":"product_cat-percin-tabancalari","10":"first","11":"instock","12":"shipping-taxable","13":"product-type-simple"},"_links":{"self":[{"href":"http:\/\/basakcilastik.com.tr\/index.php?rest_route=\/wp\/v2\/product\/13535","targetHints":{"allow":["GET"]}}],"collection":[{"href":"http:\/\/basakcilastik.com.tr\/index.php?rest_route=\/wp\/v2\/product"}],"about":[{"href":"http:\/\/basakcilastik.com.tr\/index.php?rest_route=\/wp\/v2\/types\/product"}],"replies":[{"embeddable":true,"href":"http:\/\/basakcilastik.com.tr\/index.php?rest_route=%2Fwp%2Fv2%2Fcomments&post=13535"}],"wp:featuredmedia":[{"embeddable":true,"href":"http:\/\/basakcilastik.com.tr\/index.php?rest_route=\/wp\/v2\/media\/13538"}],"wp:attachment":[{"href":"http:\/\/basakcilastik.com.tr\/index.php?rest_route=%2Fwp%2Fv2%2Fmedia&parent=13535"}],"wp:term":[{"taxonomy":"product_brand","embeddable":true,"href":"http:\/\/basakcilastik.com.tr\/index.php?rest_route=%2Fwp%2Fv2%2Fproduct_brand&post=13535"},{"taxonomy":"product_cat","embeddable":true,"href":"http:\/\/basakcilastik.com.tr\/index.php?rest_route=%2Fwp%2Fv2%2Fproduct_cat&post=13535"},{"taxonomy":"product_tag","embeddable":true,"href":"http:\/\/basakcilastik.com.tr\/index.php?rest_route=%2Fwp%2Fv2%2Fproduct_tag&post=13535"}],"curies":[{"name":"wp","href":"https:\/\/api.w.org\/{rel}","templated":true}]}}