{"id":13525,"date":"2020-07-24T19:56:22","date_gmt":"2020-07-24T19:56:22","guid":{"rendered":"https:\/\/basakcilastik.com.tr\/?post_type=product&#038;p=13525"},"modified":"2020-07-24T19:56:23","modified_gmt":"2020-07-24T19:56:23","slug":"yama-at-6061-5mm-somun-percin-tabancasi","status":"publish","type":"product","link":"http:\/\/basakcilastik.com.tr\/?product=yama-at-6061-5mm-somun-percin-tabancasi","title":{"rendered":"Yama AT 6061 5mm Somun Per\u00e7in Tabancas\u0131"},"content":{"rendered":"<p><strong><u>YAMA AT-6061 Per\u00e7in Somun Tabancas\u0131<\/u><\/strong><\/p>\n<table>\n<tbody>\n<tr>\n<td><strong>STANDART SOMUN BA\u015eLI\u011eI<\/strong><\/td>\n<td>6\u00a0MM.<\/td>\n<\/tr>\n<tr>\n<td><strong>SERBEST HIZI<\/strong><\/td>\n<td>600 D\/DK.<\/td>\n<\/tr>\n<tr>\n<td><strong>KULLANILAB\u0130L\u0130R SOMUN BA\u015eLIKLARI<\/strong><\/td>\n<td>M.3 &#8211; M.4 &#8211; M.5 &#8211; M.6\u00a0\u00a0(BA\u015eLIKLAR AYRI SATILIR)<\/td>\n<\/tr>\n<tr>\n<td><strong>BA\u015eLIK\u00a0BA\u011eLAMA S\u0130STEM\u0130<\/strong><\/td>\n<td>KOLAY\u00a0DE\u011e\u0130\u015eT\u0130R\u0130LEB\u0130L\u0130R<\/td>\n<\/tr>\n<tr>\n<td><strong>HAVA SARF\u0130YATI<\/strong><\/td>\n<td>226 Lt\/Dk<\/td>\n<\/tr>\n<tr>\n<td><strong>BOYU\/A\u011eIRLI\u011eI<\/strong><\/td>\n<td>200 mm. &#8211; 1.1 Kg.<\/td>\n<\/tr>\n<tr>\n<td><strong>AMBALAJ<\/strong><\/td>\n<td>TEKL\u0130 KARTON KUTUDA<\/td>\n<\/tr>\n<\/tbody>\n<\/table>\n<p>&nbsp;<\/p>\n","protected":false},"excerpt":{"rendered":"<p>YAMA AT-6061 Per\u00e7in Somun Tabancas\u0131 STANDART SOMUN BA\u015eLI\u011eI 6\u00a0MM. SERBEST HIZI 600 D\/DK. KULLANILAB\u0130L\u0130R SOMUN BA\u015eLIKLARI M.3 &#8211; M.4 &#8211; M.5 &#8211; M.6\u00a0\u00a0(BA\u015eLIKLAR AYRI SATILIR) BA\u015eLIK\u00a0BA\u011eLAMA S\u0130STEM\u0130 KOLAY\u00a0DE\u011e\u0130\u015eT\u0130R\u0130LEB\u0130L\u0130R HAVA SARF\u0130YATI 226 Lt\/Dk BOYU\/A\u011eIRLI\u011eI 200 mm. &#8211; 1.1 Kg. AMBALAJ TEKL\u0130 KARTON KUTUDA &nbsp;<\/p>\n","protected":false},"featured_media":13528,"comment_status":"open","ping_status":"closed","template":"","meta":[],"product_brand":[],"product_cat":[15,90,106],"product_tag":[],"class_list":{"0":"post-13525","1":"product","2":"type-product","3":"status-publish","4":"has-post-thumbnail","6":"product_cat-genel","7":"product_cat-havali-aletler","8":"product_cat-percin-tabancalari","10":"first","11":"instock","12":"shipping-taxable","13":"product-type-simple"},"_links":{"self":[{"href":"http:\/\/basakcilastik.com.tr\/index.php?rest_route=\/wp\/v2\/product\/13525","targetHints":{"allow":["GET"]}}],"collection":[{"href":"http:\/\/basakcilastik.com.tr\/index.php?rest_route=\/wp\/v2\/product"}],"about":[{"href":"http:\/\/basakcilastik.com.tr\/index.php?rest_route=\/wp\/v2\/types\/product"}],"replies":[{"embeddable":true,"href":"http:\/\/basakcilastik.com.tr\/index.php?rest_route=%2Fwp%2Fv2%2Fcomments&post=13525"}],"wp:featuredmedia":[{"embeddable":true,"href":"http:\/\/basakcilastik.com.tr\/index.php?rest_route=\/wp\/v2\/media\/13528"}],"wp:attachment":[{"href":"http:\/\/basakcilastik.com.tr\/index.php?rest_route=%2Fwp%2Fv2%2Fmedia&parent=13525"}],"wp:term":[{"taxonomy":"product_brand","embeddable":true,"href":"http:\/\/basakcilastik.com.tr\/index.php?rest_route=%2Fwp%2Fv2%2Fproduct_brand&post=13525"},{"taxonomy":"product_cat","embeddable":true,"href":"http:\/\/basakcilastik.com.tr\/index.php?rest_route=%2Fwp%2Fv2%2Fproduct_cat&post=13525"},{"taxonomy":"product_tag","embeddable":true,"href":"http:\/\/basakcilastik.com.tr\/index.php?rest_route=%2Fwp%2Fv2%2Fproduct_tag&post=13525"}],"curies":[{"name":"wp","href":"https:\/\/api.w.org\/{rel}","templated":true}]}}