{"id":13511,"date":"2020-07-24T19:50:50","date_gmt":"2020-07-24T19:50:50","guid":{"rendered":"https:\/\/basakcilastik.com.tr\/?post_type=product&#038;p=13511"},"modified":"2020-07-24T19:50:50","modified_gmt":"2020-07-24T19:50:50","slug":"sg-0123r-0122r1-0122r2-0122r3-0122r4-percin-cekici","status":"publish","type":"product","link":"http:\/\/basakcilastik.com.tr\/?product=sg-0123r-0122r1-0122r2-0122r3-0122r4-percin-cekici","title":{"rendered":"SG-0123R-0122R1-0122R2-0122R3-0122R4 PER\u00c7\u0130N \u00c7EK\u0130C\u0130"},"content":{"rendered":"<p>SG-0123R-0122R1-0122R2-0122R3-0122R4 PER\u00c7\u0130N \u00c7EK\u0130C\u0130<\/p>\n","protected":false},"excerpt":{"rendered":"<p>SG-0123R-0122R1-0122R2-0122R3-0122R4 PER\u00c7\u0130N \u00c7EK\u0130C\u0130<\/p>\n","protected":false},"featured_media":13514,"comment_status":"open","ping_status":"closed","template":"","meta":[],"product_brand":[],"product_cat":[15,90,106],"product_tag":[],"class_list":{"0":"post-13511","1":"product","2":"type-product","3":"status-publish","4":"has-post-thumbnail","6":"product_cat-genel","7":"product_cat-havali-aletler","8":"product_cat-percin-tabancalari","10":"first","11":"instock","12":"shipping-taxable","13":"product-type-simple"},"_links":{"self":[{"href":"http:\/\/basakcilastik.com.tr\/index.php?rest_route=\/wp\/v2\/product\/13511","targetHints":{"allow":["GET"]}}],"collection":[{"href":"http:\/\/basakcilastik.com.tr\/index.php?rest_route=\/wp\/v2\/product"}],"about":[{"href":"http:\/\/basakcilastik.com.tr\/index.php?rest_route=\/wp\/v2\/types\/product"}],"replies":[{"embeddable":true,"href":"http:\/\/basakcilastik.com.tr\/index.php?rest_route=%2Fwp%2Fv2%2Fcomments&post=13511"}],"wp:featuredmedia":[{"embeddable":true,"href":"http:\/\/basakcilastik.com.tr\/index.php?rest_route=\/wp\/v2\/media\/13514"}],"wp:attachment":[{"href":"http:\/\/basakcilastik.com.tr\/index.php?rest_route=%2Fwp%2Fv2%2Fmedia&parent=13511"}],"wp:term":[{"taxonomy":"product_brand","embeddable":true,"href":"http:\/\/basakcilastik.com.tr\/index.php?rest_route=%2Fwp%2Fv2%2Fproduct_brand&post=13511"},{"taxonomy":"product_cat","embeddable":true,"href":"http:\/\/basakcilastik.com.tr\/index.php?rest_route=%2Fwp%2Fv2%2Fproduct_cat&post=13511"},{"taxonomy":"product_tag","embeddable":true,"href":"http:\/\/basakcilastik.com.tr\/index.php?rest_route=%2Fwp%2Fv2%2Fproduct_tag&post=13511"}],"curies":[{"name":"wp","href":"https:\/\/api.w.org\/{rel}","templated":true}]}}