{"id":13507,"date":"2020-07-24T19:48:54","date_gmt":"2020-07-24T19:48:54","guid":{"rendered":"https:\/\/basakcilastik.com.tr\/?post_type=product&#038;p=13507"},"modified":"2020-07-24T19:48:55","modified_gmt":"2020-07-24T19:48:55","slug":"rg-5-havalipercin-tabancasi","status":"publish","type":"product","link":"http:\/\/basakcilastik.com.tr\/?product=rg-5-havalipercin-tabancasi","title":{"rendered":"RG-5 HAVALIPER\u00c7\u0130N TABANCASI"},"content":{"rendered":"<table width=\"700\">\n<tbody>\n<tr>\n<td colspan=\"2\"><strong>RG-5 HAVALIPER\u00c7\u0130N TABANCASI<\/strong><\/td>\n<\/tr>\n<tr>\n<td colspan=\"2\">&nbsp;<\/p>\n<p><strong>Seri per\u00e7inleme i\u015flerinde g\u00fc\u00e7l\u00fc yard\u0131mc\u0131n\u0131z.<\/strong><\/p>\n<ul>\n<li>Kolay e g\u00fcvenli kullan\u0131m<\/li>\n<\/ul>\n<p><strong>Kullan\u0131m alanlar\u0131:<\/strong><\/p>\n<p>Per\u00e7inleme gereken yerlerde, genel montaj i\u015flerinde.<\/td>\n<\/tr>\n<tr>\n<td width=\"162\">\u00dcr\u00fcn Kodu<\/td>\n<td width=\"155\">RG-5<\/td>\n<\/tr>\n<tr>\n<td>Kullan\u0131lan Per\u00e7in<\/td>\n<td>\u00c7elik Vakumlu<\/td>\n<\/tr>\n<tr>\n<td>Hareket Uzunlu\u011fu<\/td>\n<td>20 mm<\/td>\n<\/tr>\n<tr>\n<td>Y\u00fckseklik<\/td>\n<td>273 mm<\/td>\n<\/tr>\n<tr>\n<td>\u00a0Mekanizma<\/td>\n<td>standart<\/td>\n<\/tr>\n<tr>\n<td>A\u011f\u0131rl\u0131k<\/td>\n<td>1.30 kg<\/td>\n<\/tr>\n<tr>\n<td>\u00c7ekme G\u00fcc\u00fc<\/td>\n<td>10 Kn<\/td>\n<\/tr>\n<tr>\n<td>Uzunluk<\/td>\n<td>230 mm<\/td>\n<\/tr>\n<tr>\n<td>Kullan\u0131labilen per\u00e7in \u00f6l\u00e7\u00fcleri<\/td>\n<td>3,2-6,4 mm<\/td>\n<\/tr>\n<tr>\n<td>\u00c7al\u0131\u015fma Bas\u0131nc\u0131<\/td>\n<td>5-7 bar<\/td>\n<\/tr>\n<tr>\n<td>Minumum Hortum \u00d6l\u00e7\u00fcs\u00fc<\/td>\n<td>10 mm<\/td>\n<\/tr>\n<tr>\n<td>Hava T\u00fcketimi<\/td>\n<td>220 1\/min<\/td>\n<\/tr>\n<\/tbody>\n<\/table>\n","protected":false},"excerpt":{"rendered":"<p>RG-5 HAVALIPER\u00c7\u0130N TABANCASI &nbsp; Seri per\u00e7inleme i\u015flerinde g\u00fc\u00e7l\u00fc yard\u0131mc\u0131n\u0131z. Kolay e g\u00fcvenli kullan\u0131m Kullan\u0131m alanlar\u0131: Per\u00e7inleme gereken yerlerde, genel montaj i\u015flerinde. \u00dcr\u00fcn Kodu RG-5 Kullan\u0131lan Per\u00e7in \u00c7elik Vakumlu Hareket Uzunlu\u011fu 20 mm Y\u00fckseklik 273 mm \u00a0Mekanizma standart A\u011f\u0131rl\u0131k 1.30 kg \u00c7ekme G\u00fcc\u00fc 10 Kn Uzunluk 230 mm Kullan\u0131labilen per\u00e7in \u00f6l\u00e7\u00fcleri 3,2-6,4 mm \u00c7al\u0131\u015fma Bas\u0131nc\u0131 5-7 bar Minumum Hortum \u00d6l\u00e7\u00fcs\u00fc 10 [&hellip;]<\/p>\n","protected":false},"featured_media":13510,"comment_status":"open","ping_status":"closed","template":"","meta":[],"product_brand":[],"product_cat":[15,90,106],"product_tag":[],"class_list":{"0":"post-13507","1":"product","2":"type-product","3":"status-publish","4":"has-post-thumbnail","6":"product_cat-genel","7":"product_cat-havali-aletler","8":"product_cat-percin-tabancalari","10":"first","11":"instock","12":"shipping-taxable","13":"product-type-simple"},"_links":{"self":[{"href":"http:\/\/basakcilastik.com.tr\/index.php?rest_route=\/wp\/v2\/product\/13507","targetHints":{"allow":["GET"]}}],"collection":[{"href":"http:\/\/basakcilastik.com.tr\/index.php?rest_route=\/wp\/v2\/product"}],"about":[{"href":"http:\/\/basakcilastik.com.tr\/index.php?rest_route=\/wp\/v2\/types\/product"}],"replies":[{"embeddable":true,"href":"http:\/\/basakcilastik.com.tr\/index.php?rest_route=%2Fwp%2Fv2%2Fcomments&post=13507"}],"wp:featuredmedia":[{"embeddable":true,"href":"http:\/\/basakcilastik.com.tr\/index.php?rest_route=\/wp\/v2\/media\/13510"}],"wp:attachment":[{"href":"http:\/\/basakcilastik.com.tr\/index.php?rest_route=%2Fwp%2Fv2%2Fmedia&parent=13507"}],"wp:term":[{"taxonomy":"product_brand","embeddable":true,"href":"http:\/\/basakcilastik.com.tr\/index.php?rest_route=%2Fwp%2Fv2%2Fproduct_brand&post=13507"},{"taxonomy":"product_cat","embeddable":true,"href":"http:\/\/basakcilastik.com.tr\/index.php?rest_route=%2Fwp%2Fv2%2Fproduct_cat&post=13507"},{"taxonomy":"product_tag","embeddable":true,"href":"http:\/\/basakcilastik.com.tr\/index.php?rest_route=%2Fwp%2Fv2%2Fproduct_tag&post=13507"}],"curies":[{"name":"wp","href":"https:\/\/api.w.org\/{rel}","templated":true}]}}