{"id":13499,"date":"2020-07-24T19:45:52","date_gmt":"2020-07-24T19:45:52","guid":{"rendered":"https:\/\/basakcilastik.com.tr\/?post_type=product&#038;p=13499"},"modified":"2020-07-24T19:45:52","modified_gmt":"2020-07-24T19:45:52","slug":"os-1510-gav-havali-vakumlu-pop-percin","status":"publish","type":"product","link":"http:\/\/basakcilastik.com.tr\/?product=os-1510-gav-havali-vakumlu-pop-percin","title":{"rendered":"OS-1510 GAV HAVALI VAKUMLU POP PER\u00c7\u0130N"},"content":{"rendered":"<table width=\"300\">\n<tbody>\n<tr>\n<td colspan=\"2\">VAKUMLU<\/td>\n<\/tr>\n<tr>\n<td>\u00c7ekme Kapasitesi<\/td>\n<td>\u00a07.0KN.<\/td>\n<\/tr>\n<tr>\n<td>Per\u00e7in \u00d6l\u00e7\u00fcs\u00fc<\/td>\n<td>\u00a02,4-3,2-4,0-4,8 mm<\/td>\n<\/tr>\n<tr>\n<td>Per\u00e7in Materyali<\/td>\n<td>\u00a0Al\u00fc. &#8211; \u00c7elik<\/td>\n<\/tr>\n<tr>\n<td>Uzunluk<\/td>\n<td>\u00a0270 mm<\/td>\n<\/tr>\n<tr>\n<td>Hortum \u00d6l\u00e7\u00fcs\u00fc<\/td>\n<td>\u00a08 mm<\/td>\n<\/tr>\n<tr>\n<td>Hava T\u00fcketimi<\/td>\n<td>\u00a060 LT\/DK<\/td>\n<\/tr>\n<tr>\n<td>\u00c7al\u0131\u015fma Bas\u0131nc\u0131<\/td>\n<td>\u00a05,0-7,0 AT\u00dc<\/td>\n<\/tr>\n<tr>\n<td>Hava Giri\u015f Nipeli<\/td>\n<td>\u00a01\/4&#8243;<\/td>\n<\/tr>\n<tr>\n<td>A\u011f\u0131rl\u0131k<\/td>\n<td>\u00a01,35 Kg<\/td>\n<\/tr>\n<\/tbody>\n<\/table>\n<p>&nbsp;<\/p>\n","protected":false},"excerpt":{"rendered":"<p>VAKUMLU \u00c7ekme Kapasitesi \u00a07.0KN. Per\u00e7in \u00d6l\u00e7\u00fcs\u00fc \u00a02,4-3,2-4,0-4,8 mm Per\u00e7in Materyali \u00a0Al\u00fc. &#8211; \u00c7elik Uzunluk \u00a0270 mm Hortum \u00d6l\u00e7\u00fcs\u00fc \u00a08 mm Hava T\u00fcketimi \u00a060 LT\/DK \u00c7al\u0131\u015fma Bas\u0131nc\u0131 \u00a05,0-7,0 AT\u00dc Hava Giri\u015f Nipeli \u00a01\/4&#8243; A\u011f\u0131rl\u0131k \u00a01,35 Kg &nbsp;<\/p>\n","protected":false},"featured_media":13502,"comment_status":"open","ping_status":"closed","template":"","meta":[],"product_brand":[],"product_cat":[15,90,106],"product_tag":[],"class_list":{"0":"post-13499","1":"product","2":"type-product","3":"status-publish","4":"has-post-thumbnail","6":"product_cat-genel","7":"product_cat-havali-aletler","8":"product_cat-percin-tabancalari","10":"first","11":"instock","12":"shipping-taxable","13":"product-type-simple"},"_links":{"self":[{"href":"http:\/\/basakcilastik.com.tr\/index.php?rest_route=\/wp\/v2\/product\/13499","targetHints":{"allow":["GET"]}}],"collection":[{"href":"http:\/\/basakcilastik.com.tr\/index.php?rest_route=\/wp\/v2\/product"}],"about":[{"href":"http:\/\/basakcilastik.com.tr\/index.php?rest_route=\/wp\/v2\/types\/product"}],"replies":[{"embeddable":true,"href":"http:\/\/basakcilastik.com.tr\/index.php?rest_route=%2Fwp%2Fv2%2Fcomments&post=13499"}],"wp:featuredmedia":[{"embeddable":true,"href":"http:\/\/basakcilastik.com.tr\/index.php?rest_route=\/wp\/v2\/media\/13502"}],"wp:attachment":[{"href":"http:\/\/basakcilastik.com.tr\/index.php?rest_route=%2Fwp%2Fv2%2Fmedia&parent=13499"}],"wp:term":[{"taxonomy":"product_brand","embeddable":true,"href":"http:\/\/basakcilastik.com.tr\/index.php?rest_route=%2Fwp%2Fv2%2Fproduct_brand&post=13499"},{"taxonomy":"product_cat","embeddable":true,"href":"http:\/\/basakcilastik.com.tr\/index.php?rest_route=%2Fwp%2Fv2%2Fproduct_cat&post=13499"},{"taxonomy":"product_tag","embeddable":true,"href":"http:\/\/basakcilastik.com.tr\/index.php?rest_route=%2Fwp%2Fv2%2Fproduct_tag&post=13499"}],"curies":[{"name":"wp","href":"https:\/\/api.w.org\/{rel}","templated":true}]}}