{"id":13429,"date":"2020-07-24T16:32:35","date_gmt":"2020-07-24T16:32:35","guid":{"rendered":"https:\/\/basakcilastik.com.tr\/?post_type=product&#038;p=13429"},"modified":"2020-07-24T16:32:36","modified_gmt":"2020-07-24T16:32:36","slug":"atek-nitrokit-nitrojen-jeneratoru","status":"publish","type":"product","link":"http:\/\/basakcilastik.com.tr\/?product=atek-nitrokit-nitrojen-jeneratoru","title":{"rendered":"ATEK N\u0130TROK\u0130T N\u0130TROJEN JENERAT\u00d6R\u00dc"},"content":{"rendered":"<p><strong>\u00d6ZELL\u0130KLER<\/strong><\/p>\n<table width=\"555\">\n<tbody>\n<tr>\n<td><strong>\u00dcr\u00fcn Kodu<\/strong><\/td>\n<td>78 00<\/td>\n<\/tr>\n<tr>\n<td>Nitrojen \u00fcretim kapasitesi<\/td>\n<td>1000\/h<\/td>\n<\/tr>\n<tr>\n<td>Nitrojen Safl\u0131\u011f\u0131<\/td>\n<td>%98<\/td>\n<\/tr>\n<tr>\n<td>\u00c7al\u0131\u015fma bas\u0131nc\u0131<\/td>\n<td>8-10 bar<\/td>\n<\/tr>\n<tr>\n<td>Tank Kapasitesi<\/td>\n<td>25 lt<\/td>\n<\/tr>\n<\/tbody>\n<\/table>\n<p>&nbsp;<\/p>\n","protected":false},"excerpt":{"rendered":"<p>\u00d6ZELL\u0130KLER \u00dcr\u00fcn Kodu 78 00 Nitrojen \u00fcretim kapasitesi 1000\/h Nitrojen Safl\u0131\u011f\u0131 %98 \u00c7al\u0131\u015fma bas\u0131nc\u0131 8-10 bar Tank Kapasitesi 25 lt &nbsp;<\/p>\n","protected":false},"featured_media":13430,"comment_status":"open","ping_status":"closed","template":"","meta":[],"product_brand":[],"product_cat":[15,90,105],"product_tag":[],"class_list":{"0":"post-13429","1":"product","2":"type-product","3":"status-publish","4":"has-post-thumbnail","6":"product_cat-genel","7":"product_cat-havali-aletler","8":"product_cat-nitrojen-jeneratorleri","10":"first","11":"instock","12":"shipping-taxable","13":"product-type-simple"},"_links":{"self":[{"href":"http:\/\/basakcilastik.com.tr\/index.php?rest_route=\/wp\/v2\/product\/13429","targetHints":{"allow":["GET"]}}],"collection":[{"href":"http:\/\/basakcilastik.com.tr\/index.php?rest_route=\/wp\/v2\/product"}],"about":[{"href":"http:\/\/basakcilastik.com.tr\/index.php?rest_route=\/wp\/v2\/types\/product"}],"replies":[{"embeddable":true,"href":"http:\/\/basakcilastik.com.tr\/index.php?rest_route=%2Fwp%2Fv2%2Fcomments&post=13429"}],"wp:featuredmedia":[{"embeddable":true,"href":"http:\/\/basakcilastik.com.tr\/index.php?rest_route=\/wp\/v2\/media\/13430"}],"wp:attachment":[{"href":"http:\/\/basakcilastik.com.tr\/index.php?rest_route=%2Fwp%2Fv2%2Fmedia&parent=13429"}],"wp:term":[{"taxonomy":"product_brand","embeddable":true,"href":"http:\/\/basakcilastik.com.tr\/index.php?rest_route=%2Fwp%2Fv2%2Fproduct_brand&post=13429"},{"taxonomy":"product_cat","embeddable":true,"href":"http:\/\/basakcilastik.com.tr\/index.php?rest_route=%2Fwp%2Fv2%2Fproduct_cat&post=13429"},{"taxonomy":"product_tag","embeddable":true,"href":"http:\/\/basakcilastik.com.tr\/index.php?rest_route=%2Fwp%2Fv2%2Fproduct_tag&post=13429"}],"curies":[{"name":"wp","href":"https:\/\/api.w.org\/{rel}","templated":true}]}}