{"id":13427,"date":"2020-07-24T16:33:06","date_gmt":"2020-07-24T16:33:06","guid":{"rendered":"https:\/\/basakcilastik.com.tr\/?post_type=product&#038;p=13427"},"modified":"2020-07-24T16:33:07","modified_gmt":"2020-07-24T16:33:07","slug":"atek-nitrotower-nitrojen-jeneratoru","status":"publish","type":"product","link":"http:\/\/basakcilastik.com.tr\/?product=atek-nitrotower-nitrojen-jeneratoru","title":{"rendered":"ATEK N\u0130TROTOWER N\u0130TROJEN JENERAT\u00d6R\u00dc"},"content":{"rendered":"<p>ATEK N\u0130TROTOWER N\u0130TROJEN JENERAT\u00d6R\u00dc<\/p>\n","protected":false},"excerpt":{"rendered":"<p>ATEK N\u0130TROTOWER N\u0130TROJEN JENERAT\u00d6R\u00dc<\/p>\n","protected":false},"featured_media":13432,"comment_status":"open","ping_status":"closed","template":"","meta":[],"product_brand":[],"product_cat":[15,90,105],"product_tag":[],"class_list":{"0":"post-13427","1":"product","2":"type-product","3":"status-publish","4":"has-post-thumbnail","6":"product_cat-genel","7":"product_cat-havali-aletler","8":"product_cat-nitrojen-jeneratorleri","10":"first","11":"instock","12":"shipping-taxable","13":"product-type-simple"},"_links":{"self":[{"href":"http:\/\/basakcilastik.com.tr\/index.php?rest_route=\/wp\/v2\/product\/13427","targetHints":{"allow":["GET"]}}],"collection":[{"href":"http:\/\/basakcilastik.com.tr\/index.php?rest_route=\/wp\/v2\/product"}],"about":[{"href":"http:\/\/basakcilastik.com.tr\/index.php?rest_route=\/wp\/v2\/types\/product"}],"replies":[{"embeddable":true,"href":"http:\/\/basakcilastik.com.tr\/index.php?rest_route=%2Fwp%2Fv2%2Fcomments&post=13427"}],"wp:featuredmedia":[{"embeddable":true,"href":"http:\/\/basakcilastik.com.tr\/index.php?rest_route=\/wp\/v2\/media\/13432"}],"wp:attachment":[{"href":"http:\/\/basakcilastik.com.tr\/index.php?rest_route=%2Fwp%2Fv2%2Fmedia&parent=13427"}],"wp:term":[{"taxonomy":"product_brand","embeddable":true,"href":"http:\/\/basakcilastik.com.tr\/index.php?rest_route=%2Fwp%2Fv2%2Fproduct_brand&post=13427"},{"taxonomy":"product_cat","embeddable":true,"href":"http:\/\/basakcilastik.com.tr\/index.php?rest_route=%2Fwp%2Fv2%2Fproduct_cat&post=13427"},{"taxonomy":"product_tag","embeddable":true,"href":"http:\/\/basakcilastik.com.tr\/index.php?rest_route=%2Fwp%2Fv2%2Fproduct_tag&post=13427"}],"curies":[{"name":"wp","href":"https:\/\/api.w.org\/{rel}","templated":true}]}}