{"id":13415,"date":"2020-07-24T16:28:56","date_gmt":"2020-07-24T16:28:56","guid":{"rendered":"https:\/\/basakcilastik.com.tr\/?post_type=product&#038;p=13415"},"modified":"2020-07-24T16:28:56","modified_gmt":"2020-07-24T16:28:56","slug":"yama-at-4038-duz-matkap","status":"publish","type":"product","link":"http:\/\/basakcilastik.com.tr\/?product=yama-at-4038-duz-matkap","title":{"rendered":"Yama AT 4038 D\u00fcz Matkap"},"content":{"rendered":"<p><strong><u>YAMA AT-4038 D\u00fcz Matkap<\/u><\/strong><\/p>\n<p>\u00dcr\u00fcn Tan\u0131t\u0131m\u0131 10 mm D\u00dcZ T\u0130P: 2,600 Devir Sa\u011fa Tek Y\u00f6n<\/p>\n<p>Hava Giri\u015f Rekoru Di\u015f \u00d6l\u00e7\u00fcs\u00fc: \u00bc&#8221;<\/p>\n<p>Ba\u011flanacak Hava Hortum \u00c7ap\u0131: 3\/8&#8243;<\/p>\n<p>Dakikada Hava T\u00fcketimi: 170 Litre<\/p>\n<p>\u00d6nerilen Hava Kompres\u00f6r\u00fc: 2 HP \u2013 200 LT. (En Az)<\/p>\n<p>Boyu ve A\u011f\u0131rl\u0131\u011f\u0131: 203 mm \u2013 900 gram<\/p>\n<p>&nbsp;<\/p>\n","protected":false},"excerpt":{"rendered":"<p>YAMA AT-4038 D\u00fcz Matkap \u00dcr\u00fcn Tan\u0131t\u0131m\u0131 10 mm D\u00dcZ T\u0130P: 2,600 Devir Sa\u011fa Tek Y\u00f6n Hava Giri\u015f Rekoru Di\u015f \u00d6l\u00e7\u00fcs\u00fc: \u00bc&#8221; Ba\u011flanacak Hava Hortum \u00c7ap\u0131: 3\/8&#8243; Dakikada Hava T\u00fcketimi: 170 Litre \u00d6nerilen Hava Kompres\u00f6r\u00fc: 2 HP \u2013 200 LT. (En Az) Boyu ve A\u011f\u0131rl\u0131\u011f\u0131: 203 mm \u2013 900 gram &nbsp;<\/p>\n","protected":false},"featured_media":13418,"comment_status":"open","ping_status":"closed","template":"","meta":[],"product_brand":[],"product_cat":[15,90,104],"product_tag":[],"class_list":{"0":"post-13415","1":"product","2":"type-product","3":"status-publish","4":"has-post-thumbnail","6":"product_cat-genel","7":"product_cat-havali-aletler","8":"product_cat-matkaplar-havali-aletler","10":"first","11":"instock","12":"shipping-taxable","13":"product-type-simple"},"_links":{"self":[{"href":"http:\/\/basakcilastik.com.tr\/index.php?rest_route=\/wp\/v2\/product\/13415","targetHints":{"allow":["GET"]}}],"collection":[{"href":"http:\/\/basakcilastik.com.tr\/index.php?rest_route=\/wp\/v2\/product"}],"about":[{"href":"http:\/\/basakcilastik.com.tr\/index.php?rest_route=\/wp\/v2\/types\/product"}],"replies":[{"embeddable":true,"href":"http:\/\/basakcilastik.com.tr\/index.php?rest_route=%2Fwp%2Fv2%2Fcomments&post=13415"}],"wp:featuredmedia":[{"embeddable":true,"href":"http:\/\/basakcilastik.com.tr\/index.php?rest_route=\/wp\/v2\/media\/13418"}],"wp:attachment":[{"href":"http:\/\/basakcilastik.com.tr\/index.php?rest_route=%2Fwp%2Fv2%2Fmedia&parent=13415"}],"wp:term":[{"taxonomy":"product_brand","embeddable":true,"href":"http:\/\/basakcilastik.com.tr\/index.php?rest_route=%2Fwp%2Fv2%2Fproduct_brand&post=13415"},{"taxonomy":"product_cat","embeddable":true,"href":"http:\/\/basakcilastik.com.tr\/index.php?rest_route=%2Fwp%2Fv2%2Fproduct_cat&post=13415"},{"taxonomy":"product_tag","embeddable":true,"href":"http:\/\/basakcilastik.com.tr\/index.php?rest_route=%2Fwp%2Fv2%2Fproduct_tag&post=13415"}],"curies":[{"name":"wp","href":"https:\/\/api.w.org\/{rel}","templated":true}]}}