{"id":13413,"date":"2020-07-24T16:28:24","date_gmt":"2020-07-24T16:28:24","guid":{"rendered":"https:\/\/basakcilastik.com.tr\/?post_type=product&#038;p=13413"},"modified":"2020-07-24T16:28:25","modified_gmt":"2020-07-24T16:28:25","slug":"yama-at-4031-sag-sol-matkap","status":"publish","type":"product","link":"http:\/\/basakcilastik.com.tr\/?product=yama-at-4031-sag-sol-matkap","title":{"rendered":"Yama AT 4031 Sa\u011f-Sol Matkap"},"content":{"rendered":"<p><strong><u>YAMA AT-4031 Sa\u011f-Sol \u00a0Kabzal\u0131 Matkap<\/u><\/strong><\/p>\n<p>&nbsp;<\/p>\n<table>\n<tbody>\n<tr>\n<td><strong>KAPAS\u0130TES\u0130<\/strong><\/td>\n<td><strong>10 MM. (3\/8&#8243;)<\/strong><\/td>\n<\/tr>\n<tr>\n<td><strong>\u00c7ALI\u015eMA Y\u00d6N\u00dc<\/strong><\/td>\n<td><strong>SA\u011eA VE SOLA<\/strong><\/td>\n<\/tr>\n<tr>\n<td><strong>BO\u015eTAK\u0130 DEV\u0130R SAYISI<\/strong><\/td>\n<td><strong>900 &#8211; 1,800 D\/DK.<\/strong><\/td>\n<\/tr>\n<tr>\n<td><strong>G\u0130R\u0130\u015e REKOR \u00d6L\u00c7\u00dcS\u00dc<\/strong><\/td>\n<td><strong>1\/4&#8243;<\/strong><\/td>\n<\/tr>\n<tr>\n<td><strong>BA\u011eLANACAK HAVA HORTUM \u00c7API<\/strong><\/td>\n<td><strong>3\/8&#8243; (9,5 MM.)<\/strong><\/td>\n<\/tr>\n<tr>\n<td><strong>\u00c7ALI\u015eMA BASINCI<\/strong><\/td>\n<td><strong>7 BAR (100 PSI) EN FAZLA<\/strong><\/td>\n<\/tr>\n<tr>\n<td><strong>HAVA SARF\u0130YATI<\/strong><\/td>\n<td><strong>170\u00a0LT\/DK.<\/strong><\/td>\n<\/tr>\n<tr>\n<td><strong>\u00d6NER\u0130LEN HAVA KOMPRES\u00d6R\u00dc<\/strong><\/td>\n<td><strong>3\u00a0HP &#8211; 200 LT\/DK (EN AZ)<\/strong><\/td>\n<\/tr>\n<tr>\n<td><strong>BOYU VE A\u011eIRLI\u011eI<\/strong><\/td>\n<td><strong>185\u00a0MM. &#8211; 960 GRAM<\/strong><\/td>\n<\/tr>\n<tr>\n<td><strong>AMBALAJ<\/strong><\/td>\n<td><strong>TEKL\u0130 KARTON KUTUDA<\/strong><\/td>\n<\/tr>\n<tr>\n<td><strong>KOL\u0130DE<\/strong><\/td>\n<td><strong>10\u00a0ADET<\/strong><\/td>\n<\/tr>\n<\/tbody>\n<\/table>\n<p>&nbsp;<\/p>\n","protected":false},"excerpt":{"rendered":"<p>YAMA AT-4031 Sa\u011f-Sol \u00a0Kabzal\u0131 Matkap &nbsp; KAPAS\u0130TES\u0130 10 MM. (3\/8&#8243;) \u00c7ALI\u015eMA Y\u00d6N\u00dc SA\u011eA VE SOLA BO\u015eTAK\u0130 DEV\u0130R SAYISI 900 &#8211; 1,800 D\/DK. G\u0130R\u0130\u015e REKOR \u00d6L\u00c7\u00dcS\u00dc 1\/4&#8243; BA\u011eLANACAK HAVA HORTUM \u00c7API 3\/8&#8243; (9,5 MM.) \u00c7ALI\u015eMA BASINCI 7 BAR (100 PSI) EN FAZLA HAVA SARF\u0130YATI 170\u00a0LT\/DK. \u00d6NER\u0130LEN HAVA KOMPRES\u00d6R\u00dc 3\u00a0HP &#8211; 200 LT\/DK (EN AZ) BOYU VE A\u011eIRLI\u011eI 185\u00a0MM. &#8211; 960 GRAM [&hellip;]<\/p>\n","protected":false},"featured_media":13416,"comment_status":"open","ping_status":"closed","template":"","meta":[],"product_brand":[],"product_cat":[15,90,104],"product_tag":[],"class_list":{"0":"post-13413","1":"product","2":"type-product","3":"status-publish","4":"has-post-thumbnail","6":"product_cat-genel","7":"product_cat-havali-aletler","8":"product_cat-matkaplar-havali-aletler","10":"first","11":"instock","12":"shipping-taxable","13":"product-type-simple"},"_links":{"self":[{"href":"http:\/\/basakcilastik.com.tr\/index.php?rest_route=\/wp\/v2\/product\/13413","targetHints":{"allow":["GET"]}}],"collection":[{"href":"http:\/\/basakcilastik.com.tr\/index.php?rest_route=\/wp\/v2\/product"}],"about":[{"href":"http:\/\/basakcilastik.com.tr\/index.php?rest_route=\/wp\/v2\/types\/product"}],"replies":[{"embeddable":true,"href":"http:\/\/basakcilastik.com.tr\/index.php?rest_route=%2Fwp%2Fv2%2Fcomments&post=13413"}],"wp:featuredmedia":[{"embeddable":true,"href":"http:\/\/basakcilastik.com.tr\/index.php?rest_route=\/wp\/v2\/media\/13416"}],"wp:attachment":[{"href":"http:\/\/basakcilastik.com.tr\/index.php?rest_route=%2Fwp%2Fv2%2Fmedia&parent=13413"}],"wp:term":[{"taxonomy":"product_brand","embeddable":true,"href":"http:\/\/basakcilastik.com.tr\/index.php?rest_route=%2Fwp%2Fv2%2Fproduct_brand&post=13413"},{"taxonomy":"product_cat","embeddable":true,"href":"http:\/\/basakcilastik.com.tr\/index.php?rest_route=%2Fwp%2Fv2%2Fproduct_cat&post=13413"},{"taxonomy":"product_tag","embeddable":true,"href":"http:\/\/basakcilastik.com.tr\/index.php?rest_route=%2Fwp%2Fv2%2Fproduct_tag&post=13413"}],"curies":[{"name":"wp","href":"https:\/\/api.w.org\/{rel}","templated":true}]}}