{"id":13411,"date":"2020-07-24T16:27:48","date_gmt":"2020-07-24T16:27:48","guid":{"rendered":"https:\/\/basakcilastik.com.tr\/?post_type=product&#038;p=13411"},"modified":"2020-07-24T16:27:49","modified_gmt":"2020-07-24T16:27:49","slug":"wert-1852-havali-sag-sol-matkap-38","status":"publish","type":"product","link":"http:\/\/basakcilastik.com.tr\/?product=wert-1852-havali-sag-sol-matkap-38","title":{"rendered":"WERT 1852 Haval\u0131 Sa\u011f-Sol Matkap (38\u2019\u2019)"},"content":{"rendered":"<p>WERT 1852 Haval\u0131 Sa\u011f-Sol Matkap (3\/8\u2019\u2019)<\/p>\n<p>&nbsp;<\/p>\n<ul>\n<li>Hafif ve a\u011f\u0131r i\u015fler i\u00e7in ideal g\u00fc\u00e7l\u00fc haval\u0131 matkap<br \/>\n\u25cf Hafif kolay ta\u015f\u0131n\u0131r al\u00fcminyum hazne, ergonomik kavray\u0131\u015fl\u0131<br \/>\n\u25cf Tek elle kullan\u0131m i\u00e7in ileri-geri kolu<br \/>\n\u25cf Kolay ba\u015flamak i\u00e7in ayarlanabilir h\u0131z valfi<br \/>\n\u25cf Delme, bileme ve dairesel kesimler i\u00e7in uygundur<br \/>\n\u25cf Tutacaktan egzoslu<br \/>\n\u25cf Anahtarl\u0131 mandren<br \/>\n\u25cf Karton kutulu<br \/>\n\u25cf Mandren \u00f6l\u00e7\u00fcs\u00fc: 3\/8\u2019\u2019 (10 mm)<br \/>\n\u25cf Bo\u015ftaki devir say\u0131s\u0131: 1800d\/dak<br \/>\n\u25cf \u00c7al\u0131\u015fma hava bas\u0131nc\u0131: 90Psi \/ 6,3Bar<br \/>\n\u25cf Ortalama hava t\u00fcketimi: 0,170m3\/dak<br \/>\n\u25cf Hortum \u00f6l\u00e7\u00fcs\u00fc (i\u00e7 \u00e7ap): 9,5mm<br \/>\n\u25cf Hava giri\u015fi: 6,5 mm (N) PT<br \/>\n\u25cf A\u011f\u0131rl\u0131k: 1,11kg<\/li>\n<\/ul>\n<p><strong>A\u011f\u0131rl\u0131k(Kg)<\/strong><\/p>\n<p><strong>:<\/strong><\/p>\n<p>1.28<\/p>\n<p>&nbsp;<\/p>\n","protected":false},"excerpt":{"rendered":"<p>WERT 1852 Haval\u0131 Sa\u011f-Sol Matkap (3\/8\u2019\u2019) &nbsp; Hafif ve a\u011f\u0131r i\u015fler i\u00e7in ideal g\u00fc\u00e7l\u00fc haval\u0131 matkap \u25cf Hafif kolay ta\u015f\u0131n\u0131r al\u00fcminyum hazne, ergonomik kavray\u0131\u015fl\u0131 \u25cf Tek elle kullan\u0131m i\u00e7in ileri-geri kolu \u25cf Kolay ba\u015flamak i\u00e7in ayarlanabilir h\u0131z valfi \u25cf Delme, bileme ve dairesel kesimler i\u00e7in uygundur \u25cf Tutacaktan egzoslu \u25cf Anahtarl\u0131 mandren \u25cf Karton kutulu \u25cf Mandren \u00f6l\u00e7\u00fcs\u00fc: 3\/8\u2019\u2019 (10 [&hellip;]<\/p>\n","protected":false},"featured_media":13414,"comment_status":"open","ping_status":"closed","template":"","meta":[],"product_brand":[],"product_cat":[15,90,104],"product_tag":[],"class_list":{"0":"post-13411","1":"product","2":"type-product","3":"status-publish","4":"has-post-thumbnail","6":"product_cat-genel","7":"product_cat-havali-aletler","8":"product_cat-matkaplar-havali-aletler","10":"first","11":"instock","12":"shipping-taxable","13":"product-type-simple"},"_links":{"self":[{"href":"http:\/\/basakcilastik.com.tr\/index.php?rest_route=\/wp\/v2\/product\/13411","targetHints":{"allow":["GET"]}}],"collection":[{"href":"http:\/\/basakcilastik.com.tr\/index.php?rest_route=\/wp\/v2\/product"}],"about":[{"href":"http:\/\/basakcilastik.com.tr\/index.php?rest_route=\/wp\/v2\/types\/product"}],"replies":[{"embeddable":true,"href":"http:\/\/basakcilastik.com.tr\/index.php?rest_route=%2Fwp%2Fv2%2Fcomments&post=13411"}],"wp:featuredmedia":[{"embeddable":true,"href":"http:\/\/basakcilastik.com.tr\/index.php?rest_route=\/wp\/v2\/media\/13414"}],"wp:attachment":[{"href":"http:\/\/basakcilastik.com.tr\/index.php?rest_route=%2Fwp%2Fv2%2Fmedia&parent=13411"}],"wp:term":[{"taxonomy":"product_brand","embeddable":true,"href":"http:\/\/basakcilastik.com.tr\/index.php?rest_route=%2Fwp%2Fv2%2Fproduct_brand&post=13411"},{"taxonomy":"product_cat","embeddable":true,"href":"http:\/\/basakcilastik.com.tr\/index.php?rest_route=%2Fwp%2Fv2%2Fproduct_cat&post=13411"},{"taxonomy":"product_tag","embeddable":true,"href":"http:\/\/basakcilastik.com.tr\/index.php?rest_route=%2Fwp%2Fv2%2Fproduct_tag&post=13411"}],"curies":[{"name":"wp","href":"https:\/\/api.w.org\/{rel}","templated":true}]}}