{"id":13353,"date":"2020-07-24T16:07:36","date_gmt":"2020-07-24T16:07:36","guid":{"rendered":"https:\/\/basakcilastik.com.tr\/?post_type=product&#038;p=13353"},"modified":"2020-07-24T16:07:37","modified_gmt":"2020-07-24T16:07:37","slug":"os-3900-gav-havali-matkap-16mm","status":"publish","type":"product","link":"http:\/\/basakcilastik.com.tr\/?product=os-3900-gav-havali-matkap-16mm","title":{"rendered":"OS-3900 GAV HAVALI MATKAP 16MM"},"content":{"rendered":"<table width=\"300\">\n<tbody>\n<tr>\n<td colspan=\"2\">ANAHTARLI MANDREN \u00a0END\u00dcSTR\u0130YEL<\/td>\n<\/tr>\n<tr>\n<td>Mandren Kapasitesi<\/td>\n<td>\u00a016 mm<\/td>\n<\/tr>\n<tr>\n<td>Uzunluk<\/td>\n<td>\u00a0420 mm<\/td>\n<\/tr>\n<tr>\n<td>Bo\u015fta Devir<\/td>\n<td>\u00a01.000 RPM<\/td>\n<\/tr>\n<tr>\n<td>Hortum \u00d6l\u00e7\u00fcs\u00fc<\/td>\n<td>\u00a013 mm<\/td>\n<\/tr>\n<tr>\n<td>Hava T\u00fcketimi<\/td>\n<td>\u00a0300 LT\/DK<\/td>\n<\/tr>\n<tr>\n<td>\u00c7al\u0131\u015fma Bas\u0131nc\u0131<\/td>\n<td>\u00a06,3-8,0 AT\u00dc<\/td>\n<\/tr>\n<tr>\n<td>Hava Giri\u015f Nipeli<\/td>\n<td>\u00a03\/8&#8243;<\/td>\n<\/tr>\n<tr>\n<td>A\u011f\u0131rl\u0131k<\/td>\n<td>\u00a04,20 Kg<\/td>\n<\/tr>\n<\/tbody>\n<\/table>\n<p>&nbsp;<\/p>\n","protected":false},"excerpt":{"rendered":"<p>ANAHTARLI MANDREN \u00a0END\u00dcSTR\u0130YEL Mandren Kapasitesi \u00a016 mm Uzunluk \u00a0420 mm Bo\u015fta Devir \u00a01.000 RPM Hortum \u00d6l\u00e7\u00fcs\u00fc \u00a013 mm Hava T\u00fcketimi \u00a0300 LT\/DK \u00c7al\u0131\u015fma Bas\u0131nc\u0131 \u00a06,3-8,0 AT\u00dc Hava Giri\u015f Nipeli \u00a03\/8&#8243; A\u011f\u0131rl\u0131k \u00a04,20 Kg &nbsp;<\/p>\n","protected":false},"featured_media":13356,"comment_status":"open","ping_status":"closed","template":"","meta":[],"product_brand":[],"product_cat":[15,90,104],"product_tag":[],"class_list":{"0":"post-13353","1":"product","2":"type-product","3":"status-publish","4":"has-post-thumbnail","6":"product_cat-genel","7":"product_cat-havali-aletler","8":"product_cat-matkaplar-havali-aletler","10":"first","11":"instock","12":"shipping-taxable","13":"product-type-simple"},"_links":{"self":[{"href":"http:\/\/basakcilastik.com.tr\/index.php?rest_route=\/wp\/v2\/product\/13353","targetHints":{"allow":["GET"]}}],"collection":[{"href":"http:\/\/basakcilastik.com.tr\/index.php?rest_route=\/wp\/v2\/product"}],"about":[{"href":"http:\/\/basakcilastik.com.tr\/index.php?rest_route=\/wp\/v2\/types\/product"}],"replies":[{"embeddable":true,"href":"http:\/\/basakcilastik.com.tr\/index.php?rest_route=%2Fwp%2Fv2%2Fcomments&post=13353"}],"wp:featuredmedia":[{"embeddable":true,"href":"http:\/\/basakcilastik.com.tr\/index.php?rest_route=\/wp\/v2\/media\/13356"}],"wp:attachment":[{"href":"http:\/\/basakcilastik.com.tr\/index.php?rest_route=%2Fwp%2Fv2%2Fmedia&parent=13353"}],"wp:term":[{"taxonomy":"product_brand","embeddable":true,"href":"http:\/\/basakcilastik.com.tr\/index.php?rest_route=%2Fwp%2Fv2%2Fproduct_brand&post=13353"},{"taxonomy":"product_cat","embeddable":true,"href":"http:\/\/basakcilastik.com.tr\/index.php?rest_route=%2Fwp%2Fv2%2Fproduct_cat&post=13353"},{"taxonomy":"product_tag","embeddable":true,"href":"http:\/\/basakcilastik.com.tr\/index.php?rest_route=%2Fwp%2Fv2%2Fproduct_tag&post=13353"}],"curies":[{"name":"wp","href":"https:\/\/api.w.org\/{rel}","templated":true}]}}