{"id":13335,"date":"2020-07-24T15:58:39","date_gmt":"2020-07-24T15:58:39","guid":{"rendered":"https:\/\/basakcilastik.com.tr\/?post_type=product&#038;p=13335"},"modified":"2020-07-24T15:58:39","modified_gmt":"2020-07-24T15:58:39","slug":"opt-208-6-5-mm-matkap","status":"publish","type":"product","link":"http:\/\/basakcilastik.com.tr\/?product=opt-208-6-5-mm-matkap","title":{"rendered":"OPT 208 6.5 MM MATKAP"},"content":{"rendered":"<p>OPT 208 6.5 MM MATKAP<\/p>\n<p><strong>Uzunluk: 150 mm<\/strong><br \/>\n<strong>Mandren Kap.: 6.5 mm<\/strong><br \/>\n<strong>Mandren Ba.: 3\/8 24 UNF<\/strong><br \/>\n<strong>Bo\u015fta Devir: 6.500 RPM<\/strong><br \/>\n<strong>Hava T\u00fcketimi: 170 lt\/dk<\/strong><br \/>\n<strong>Hava Giri\u015f Nipeli: 1\/4&#8243;<\/strong><br \/>\n<strong>Hortum \u00c7ap\u0131: 10.00 mm<\/strong><br \/>\n<strong>\u00c7al\u0131\u015fma Bas\u0131nc\u0131: 90 psi (6.2 at\u00fc)<\/strong><br \/>\n<strong>A\u011f\u0131rl\u0131k: 0.60 kg<\/strong><\/p>\n<p>&nbsp;<\/p>\n","protected":false},"excerpt":{"rendered":"<p>OPT 208 6.5 MM MATKAP Uzunluk: 150 mm Mandren Kap.: 6.5 mm Mandren Ba.: 3\/8 24 UNF Bo\u015fta Devir: 6.500 RPM Hava T\u00fcketimi: 170 lt\/dk Hava Giri\u015f Nipeli: 1\/4&#8243; Hortum \u00c7ap\u0131: 10.00 mm \u00c7al\u0131\u015fma Bas\u0131nc\u0131: 90 psi (6.2 at\u00fc) A\u011f\u0131rl\u0131k: 0.60 kg &nbsp;<\/p>\n","protected":false},"featured_media":13338,"comment_status":"open","ping_status":"closed","template":"","meta":[],"product_brand":[],"product_cat":[15,90,104],"product_tag":[],"class_list":{"0":"post-13335","1":"product","2":"type-product","3":"status-publish","4":"has-post-thumbnail","6":"product_cat-genel","7":"product_cat-havali-aletler","8":"product_cat-matkaplar-havali-aletler","10":"first","11":"instock","12":"shipping-taxable","13":"product-type-simple"},"_links":{"self":[{"href":"http:\/\/basakcilastik.com.tr\/index.php?rest_route=\/wp\/v2\/product\/13335","targetHints":{"allow":["GET"]}}],"collection":[{"href":"http:\/\/basakcilastik.com.tr\/index.php?rest_route=\/wp\/v2\/product"}],"about":[{"href":"http:\/\/basakcilastik.com.tr\/index.php?rest_route=\/wp\/v2\/types\/product"}],"replies":[{"embeddable":true,"href":"http:\/\/basakcilastik.com.tr\/index.php?rest_route=%2Fwp%2Fv2%2Fcomments&post=13335"}],"wp:featuredmedia":[{"embeddable":true,"href":"http:\/\/basakcilastik.com.tr\/index.php?rest_route=\/wp\/v2\/media\/13338"}],"wp:attachment":[{"href":"http:\/\/basakcilastik.com.tr\/index.php?rest_route=%2Fwp%2Fv2%2Fmedia&parent=13335"}],"wp:term":[{"taxonomy":"product_brand","embeddable":true,"href":"http:\/\/basakcilastik.com.tr\/index.php?rest_route=%2Fwp%2Fv2%2Fproduct_brand&post=13335"},{"taxonomy":"product_cat","embeddable":true,"href":"http:\/\/basakcilastik.com.tr\/index.php?rest_route=%2Fwp%2Fv2%2Fproduct_cat&post=13335"},{"taxonomy":"product_tag","embeddable":true,"href":"http:\/\/basakcilastik.com.tr\/index.php?rest_route=%2Fwp%2Fv2%2Fproduct_tag&post=13335"}],"curies":[{"name":"wp","href":"https:\/\/api.w.org\/{rel}","templated":true}]}}