{"id":13329,"date":"2020-07-24T15:56:58","date_gmt":"2020-07-24T15:56:58","guid":{"rendered":"https:\/\/basakcilastik.com.tr\/?post_type=product&#038;p=13329"},"modified":"2020-07-24T15:56:59","modified_gmt":"2020-07-24T15:56:59","slug":"opc-20301-endustriyel-matkap","status":"publish","type":"product","link":"http:\/\/basakcilastik.com.tr\/?product=opc-20301-endustriyel-matkap","title":{"rendered":"OPC 20301 END\u00dcSTR\u0130YEL MATKAP"},"content":{"rendered":"<p>OPC 20301<\/p>\n<p><strong>G\u00fc\u00e7: 0.5 kW<\/strong><br \/>\n<strong>Bo\u015fta Devir: 2.100 RPM<\/strong><br \/>\n<strong>Hortum \u00c7ap\u0131: 10.00 mm<\/strong><br \/>\n<strong>Hava Giri\u015f Nipeli: 1\/4&#8243;<\/strong><br \/>\n<strong>Hava T\u00fcketimi: 113 lt\/dk<\/strong><br \/>\n<strong>Ses \u015eiddeti: 88 dB(A)<\/strong><br \/>\n<strong>\u00c7al\u0131\u015fma Bas\u0131nc\u0131: 6.3 bar<\/strong><br \/>\n<strong>A\u011f\u0131rl\u0131k: 1.04 kg<\/strong><br \/>\n<strong>Mandren Kap. 10 mm<\/strong><\/p>\n<p>&nbsp;<\/p>\n","protected":false},"excerpt":{"rendered":"<p>OPC 20301 G\u00fc\u00e7: 0.5 kW Bo\u015fta Devir: 2.100 RPM Hortum \u00c7ap\u0131: 10.00 mm Hava Giri\u015f Nipeli: 1\/4&#8243; Hava T\u00fcketimi: 113 lt\/dk Ses \u015eiddeti: 88 dB(A) \u00c7al\u0131\u015fma Bas\u0131nc\u0131: 6.3 bar A\u011f\u0131rl\u0131k: 1.04 kg Mandren Kap. 10 mm &nbsp;<\/p>\n","protected":false},"featured_media":13332,"comment_status":"open","ping_status":"closed","template":"","meta":[],"product_brand":[],"product_cat":[15,90,104],"product_tag":[],"class_list":{"0":"post-13329","1":"product","2":"type-product","3":"status-publish","4":"has-post-thumbnail","6":"product_cat-genel","7":"product_cat-havali-aletler","8":"product_cat-matkaplar-havali-aletler","10":"first","11":"instock","12":"shipping-taxable","13":"product-type-simple"},"_links":{"self":[{"href":"http:\/\/basakcilastik.com.tr\/index.php?rest_route=\/wp\/v2\/product\/13329","targetHints":{"allow":["GET"]}}],"collection":[{"href":"http:\/\/basakcilastik.com.tr\/index.php?rest_route=\/wp\/v2\/product"}],"about":[{"href":"http:\/\/basakcilastik.com.tr\/index.php?rest_route=\/wp\/v2\/types\/product"}],"replies":[{"embeddable":true,"href":"http:\/\/basakcilastik.com.tr\/index.php?rest_route=%2Fwp%2Fv2%2Fcomments&post=13329"}],"wp:featuredmedia":[{"embeddable":true,"href":"http:\/\/basakcilastik.com.tr\/index.php?rest_route=\/wp\/v2\/media\/13332"}],"wp:attachment":[{"href":"http:\/\/basakcilastik.com.tr\/index.php?rest_route=%2Fwp%2Fv2%2Fmedia&parent=13329"}],"wp:term":[{"taxonomy":"product_brand","embeddable":true,"href":"http:\/\/basakcilastik.com.tr\/index.php?rest_route=%2Fwp%2Fv2%2Fproduct_brand&post=13329"},{"taxonomy":"product_cat","embeddable":true,"href":"http:\/\/basakcilastik.com.tr\/index.php?rest_route=%2Fwp%2Fv2%2Fproduct_cat&post=13329"},{"taxonomy":"product_tag","embeddable":true,"href":"http:\/\/basakcilastik.com.tr\/index.php?rest_route=%2Fwp%2Fv2%2Fproduct_tag&post=13329"}],"curies":[{"name":"wp","href":"https:\/\/api.w.org\/{rel}","templated":true}]}}