{"id":13307,"date":"2020-07-24T15:50:25","date_gmt":"2020-07-24T15:50:25","guid":{"rendered":"https:\/\/basakcilastik.com.tr\/?post_type=product&#038;p=13307"},"modified":"2020-07-24T15:50:25","modified_gmt":"2020-07-24T15:50:25","slug":"havali-matkap-supra-mandrenli-pg-30304s","status":"publish","type":"product","link":"http:\/\/basakcilastik.com.tr\/?product=havali-matkap-supra-mandrenli-pg-30304s","title":{"rendered":"Haval\u0131 Matkap Supra Mandrenli &#8211; PG 30304S"},"content":{"rendered":"<p><strong>\u00dcr\u00fcn Teknik Bilgileri<\/strong><\/p>\n<table width=\"100%\">\n<tbody>\n<tr>\n<td width=\"50%\"><strong>Delme Kapasitesi<\/strong><\/td>\n<td width=\"50%\"><strong>10mm<\/strong><\/td>\n<\/tr>\n<tr>\n<td><strong>Serbest Devir d\/d<\/strong><\/td>\n<td><strong>1800<\/strong><\/td>\n<\/tr>\n<tr>\n<td><strong>Hava Bas\u0131nc\u0131 kg\/cm2<\/strong><\/td>\n<td><strong>6,5<\/strong><\/td>\n<\/tr>\n<tr>\n<td><strong>Hava Sarfiyat\u0131 M3\/d<\/strong><\/td>\n<td><strong>170<\/strong><\/td>\n<\/tr>\n<tr>\n<td><strong>Hava Ba\u011flant\u0131s\u0131<\/strong><\/td>\n<td><strong>1\/4&#8243;<\/strong><\/td>\n<\/tr>\n<tr>\n<td><strong>Kesintisiz \u00c7al\u0131\u015fma Komp.<\/strong><\/td>\n<td><strong>2 HP<\/strong><\/td>\n<\/tr>\n<tr>\n<td><strong>Uzunlu\u011fu<\/strong><\/td>\n<td><strong>165<\/strong><\/td>\n<\/tr>\n<tr>\n<td><strong>A\u011f\u0131rl\u0131\u011f\u0131 kg<\/strong><\/td>\n<td><strong>1,130<\/strong><\/td>\n<\/tr>\n<\/tbody>\n<\/table>\n<p>&nbsp;<\/p>\n","protected":false},"excerpt":{"rendered":"<p>\u00dcr\u00fcn Teknik Bilgileri Delme Kapasitesi 10mm Serbest Devir d\/d 1800 Hava Bas\u0131nc\u0131 kg\/cm2 6,5 Hava Sarfiyat\u0131 M3\/d 170 Hava Ba\u011flant\u0131s\u0131 1\/4&#8243; Kesintisiz \u00c7al\u0131\u015fma Komp. 2 HP Uzunlu\u011fu 165 A\u011f\u0131rl\u0131\u011f\u0131 kg 1,130 &nbsp;<\/p>\n","protected":false},"featured_media":13310,"comment_status":"open","ping_status":"closed","template":"","meta":[],"product_brand":[],"product_cat":[15,90,104],"product_tag":[],"class_list":{"0":"post-13307","1":"product","2":"type-product","3":"status-publish","4":"has-post-thumbnail","6":"product_cat-genel","7":"product_cat-havali-aletler","8":"product_cat-matkaplar-havali-aletler","10":"first","11":"instock","12":"shipping-taxable","13":"product-type-simple"},"_links":{"self":[{"href":"http:\/\/basakcilastik.com.tr\/index.php?rest_route=\/wp\/v2\/product\/13307","targetHints":{"allow":["GET"]}}],"collection":[{"href":"http:\/\/basakcilastik.com.tr\/index.php?rest_route=\/wp\/v2\/product"}],"about":[{"href":"http:\/\/basakcilastik.com.tr\/index.php?rest_route=\/wp\/v2\/types\/product"}],"replies":[{"embeddable":true,"href":"http:\/\/basakcilastik.com.tr\/index.php?rest_route=%2Fwp%2Fv2%2Fcomments&post=13307"}],"wp:featuredmedia":[{"embeddable":true,"href":"http:\/\/basakcilastik.com.tr\/index.php?rest_route=\/wp\/v2\/media\/13310"}],"wp:attachment":[{"href":"http:\/\/basakcilastik.com.tr\/index.php?rest_route=%2Fwp%2Fv2%2Fmedia&parent=13307"}],"wp:term":[{"taxonomy":"product_brand","embeddable":true,"href":"http:\/\/basakcilastik.com.tr\/index.php?rest_route=%2Fwp%2Fv2%2Fproduct_brand&post=13307"},{"taxonomy":"product_cat","embeddable":true,"href":"http:\/\/basakcilastik.com.tr\/index.php?rest_route=%2Fwp%2Fv2%2Fproduct_cat&post=13307"},{"taxonomy":"product_tag","embeddable":true,"href":"http:\/\/basakcilastik.com.tr\/index.php?rest_route=%2Fwp%2Fv2%2Fproduct_tag&post=13307"}],"curies":[{"name":"wp","href":"https:\/\/api.w.org\/{rel}","templated":true}]}}