{"id":13303,"date":"2020-07-24T15:48:52","date_gmt":"2020-07-24T15:48:52","guid":{"rendered":"https:\/\/basakcilastik.com.tr\/?post_type=product&#038;p=13303"},"modified":"2020-07-24T15:48:53","modified_gmt":"2020-07-24T15:48:53","slug":"havali-duz-matkap-10-mm-pg-39304","status":"publish","type":"product","link":"http:\/\/basakcilastik.com.tr\/?product=havali-duz-matkap-10-mm-pg-39304","title":{"rendered":"Haval\u0131 D\u00fcz Matkap 10 mm PG &#8211; 39304"},"content":{"rendered":"<p><strong>\u00dcr\u00fcn Teknik Bilgileri<\/strong><\/p>\n<table width=\"100%\">\n<tbody>\n<tr>\n<td width=\"394\"><strong>Delme Kapasitesi<\/strong><\/td>\n<td width=\"392\"><strong>10mm<\/strong><\/td>\n<\/tr>\n<tr>\n<td><strong>Serbest Devir d\/d<\/strong><\/td>\n<td><strong>4500<\/strong><\/td>\n<\/tr>\n<tr>\n<td><strong>Hava Bas\u0131nc\u0131 kg\/cm2<\/strong><\/td>\n<td><strong>6,5<\/strong><\/td>\n<\/tr>\n<tr>\n<td><strong>Hava Sarfiyat\u0131 M3\/d<\/strong><\/td>\n<td><strong>170<\/strong><\/td>\n<\/tr>\n<tr>\n<td><strong>Hava Ba\u011flant\u0131s\u0131<\/strong><\/td>\n<td><strong>1\/4&#8243;<\/strong><\/td>\n<\/tr>\n<tr>\n<td><strong>Kesintisiz \u00c7al\u0131\u015fma Komp.<\/strong><\/td>\n<td><strong>2 HP<\/strong><\/td>\n<\/tr>\n<tr>\n<td><strong>Uzunlu\u011fu<\/strong><\/td>\n<td><strong>192<\/strong><\/td>\n<\/tr>\n<tr>\n<td><strong>A\u011f\u0131rl\u0131\u011f\u0131<\/strong><\/td>\n<td><strong>0,90<\/strong><\/td>\n<\/tr>\n<\/tbody>\n<\/table>\n<p>&nbsp;<\/p>\n","protected":false},"excerpt":{"rendered":"<p>\u00dcr\u00fcn Teknik Bilgileri Delme Kapasitesi 10mm Serbest Devir d\/d 4500 Hava Bas\u0131nc\u0131 kg\/cm2 6,5 Hava Sarfiyat\u0131 M3\/d 170 Hava Ba\u011flant\u0131s\u0131 1\/4&#8243; Kesintisiz \u00c7al\u0131\u015fma Komp. 2 HP Uzunlu\u011fu 192 A\u011f\u0131rl\u0131\u011f\u0131 0,90 &nbsp;<\/p>\n","protected":false},"featured_media":13306,"comment_status":"open","ping_status":"closed","template":"","meta":[],"product_brand":[],"product_cat":[15,90,104],"product_tag":[],"class_list":{"0":"post-13303","1":"product","2":"type-product","3":"status-publish","4":"has-post-thumbnail","6":"product_cat-genel","7":"product_cat-havali-aletler","8":"product_cat-matkaplar-havali-aletler","10":"first","11":"instock","12":"shipping-taxable","13":"product-type-simple"},"_links":{"self":[{"href":"http:\/\/basakcilastik.com.tr\/index.php?rest_route=\/wp\/v2\/product\/13303","targetHints":{"allow":["GET"]}}],"collection":[{"href":"http:\/\/basakcilastik.com.tr\/index.php?rest_route=\/wp\/v2\/product"}],"about":[{"href":"http:\/\/basakcilastik.com.tr\/index.php?rest_route=\/wp\/v2\/types\/product"}],"replies":[{"embeddable":true,"href":"http:\/\/basakcilastik.com.tr\/index.php?rest_route=%2Fwp%2Fv2%2Fcomments&post=13303"}],"wp:featuredmedia":[{"embeddable":true,"href":"http:\/\/basakcilastik.com.tr\/index.php?rest_route=\/wp\/v2\/media\/13306"}],"wp:attachment":[{"href":"http:\/\/basakcilastik.com.tr\/index.php?rest_route=%2Fwp%2Fv2%2Fmedia&parent=13303"}],"wp:term":[{"taxonomy":"product_brand","embeddable":true,"href":"http:\/\/basakcilastik.com.tr\/index.php?rest_route=%2Fwp%2Fv2%2Fproduct_brand&post=13303"},{"taxonomy":"product_cat","embeddable":true,"href":"http:\/\/basakcilastik.com.tr\/index.php?rest_route=%2Fwp%2Fv2%2Fproduct_cat&post=13303"},{"taxonomy":"product_tag","embeddable":true,"href":"http:\/\/basakcilastik.com.tr\/index.php?rest_route=%2Fwp%2Fv2%2Fproduct_tag&post=13303"}],"curies":[{"name":"wp","href":"https:\/\/api.w.org\/{rel}","templated":true}]}}