{"id":13291,"date":"2020-07-24T15:44:42","date_gmt":"2020-07-24T15:44:42","guid":{"rendered":"https:\/\/basakcilastik.com.tr\/?post_type=product&#038;p=13291"},"modified":"2020-07-24T15:44:43","modified_gmt":"2020-07-24T15:44:43","slug":"frd-23r-21s-frd-32r-11s-22-32mm-kose-matkabi","status":"publish","type":"product","link":"http:\/\/basakcilastik.com.tr\/?product=frd-23r-21s-frd-32r-11s-22-32mm-kose-matkabi","title":{"rendered":"FRD 23R-21S FRD 32R-11S 22-32mm K\u00d6\u015eE MATKABI"},"content":{"rendered":"<p>FRD 23R-21S FRD 32R-11S 22-32mm K\u00d6\u015eE MATKABI<\/p>\n","protected":false},"excerpt":{"rendered":"<p>FRD 23R-21S FRD 32R-11S 22-32mm K\u00d6\u015eE MATKABI<\/p>\n","protected":false},"featured_media":13292,"comment_status":"open","ping_status":"closed","template":"","meta":[],"product_brand":[],"product_cat":[15,90,104],"product_tag":[],"class_list":{"0":"post-13291","1":"product","2":"type-product","3":"status-publish","4":"has-post-thumbnail","6":"product_cat-genel","7":"product_cat-havali-aletler","8":"product_cat-matkaplar-havali-aletler","10":"first","11":"instock","12":"shipping-taxable","13":"product-type-simple"},"_links":{"self":[{"href":"http:\/\/basakcilastik.com.tr\/index.php?rest_route=\/wp\/v2\/product\/13291","targetHints":{"allow":["GET"]}}],"collection":[{"href":"http:\/\/basakcilastik.com.tr\/index.php?rest_route=\/wp\/v2\/product"}],"about":[{"href":"http:\/\/basakcilastik.com.tr\/index.php?rest_route=\/wp\/v2\/types\/product"}],"replies":[{"embeddable":true,"href":"http:\/\/basakcilastik.com.tr\/index.php?rest_route=%2Fwp%2Fv2%2Fcomments&post=13291"}],"wp:featuredmedia":[{"embeddable":true,"href":"http:\/\/basakcilastik.com.tr\/index.php?rest_route=\/wp\/v2\/media\/13292"}],"wp:attachment":[{"href":"http:\/\/basakcilastik.com.tr\/index.php?rest_route=%2Fwp%2Fv2%2Fmedia&parent=13291"}],"wp:term":[{"taxonomy":"product_brand","embeddable":true,"href":"http:\/\/basakcilastik.com.tr\/index.php?rest_route=%2Fwp%2Fv2%2Fproduct_brand&post=13291"},{"taxonomy":"product_cat","embeddable":true,"href":"http:\/\/basakcilastik.com.tr\/index.php?rest_route=%2Fwp%2Fv2%2Fproduct_cat&post=13291"},{"taxonomy":"product_tag","embeddable":true,"href":"http:\/\/basakcilastik.com.tr\/index.php?rest_route=%2Fwp%2Fv2%2Fproduct_tag&post=13291"}],"curies":[{"name":"wp","href":"https:\/\/api.w.org\/{rel}","templated":true}]}}