{"id":13259,"date":"2020-07-24T15:34:36","date_gmt":"2020-07-24T15:34:36","guid":{"rendered":"https:\/\/basakcilastik.com.tr\/?post_type=product&#038;p=13259"},"modified":"2020-07-24T15:34:36","modified_gmt":"2020-07-24T15:34:36","slug":"corghi-ac-988","status":"publish","type":"product","link":"http:\/\/basakcilastik.com.tr\/?product=corghi-ac-988","title":{"rendered":"CORGHI AC 988"},"content":{"rendered":"<p><strong>\u00d6ZELL\u0130KLER<\/strong><\/p>\n<table width=\"555\">\n<tbody>\n<tr>\n<td><strong>\u00dcr\u00fcn Kodu<\/strong><\/td>\n<td>A\/C 988<\/td>\n<\/tr>\n<tr>\n<td>Gaz Tipi<\/td>\n<td>R-134a<\/td>\n<\/tr>\n<tr>\n<td>Cihaz \u00c7al\u0131\u015fma S\u0131cakl\u0131\u011f\u0131<\/td>\n<td>5-50\u00b0 C<\/td>\n<\/tr>\n<tr>\n<td>Gaz Tank Kapasitesi<\/td>\n<td>12kg<\/td>\n<\/tr>\n<tr>\n<td>Ya\u011f Tank\u0131<\/td>\n<td>2x180ml<\/td>\n<\/tr>\n<tr>\n<td>Hortum Uzunlu\u011fu<\/td>\n<td>300cm SAE-J2196<\/td>\n<\/tr>\n<tr>\n<td>G\u00fc\u00e7 Kayna\u011f\u0131<\/td>\n<td>220v 50hz &#8211; 240v 60hz<\/td>\n<\/tr>\n<tr>\n<td>Klima Ya\u011f\u0131<\/td>\n<td>1g Brim<\/td>\n<\/tr>\n<tr>\n<td>Cihaz \u00d6l\u00e7\u00fcleri<\/td>\n<td>1000 x 563 x 482 mm<\/td>\n<\/tr>\n<tr>\n<td>Cihaz A\u011f\u0131rl\u0131\u011f\u0131<\/td>\n<td>65kg<\/td>\n<\/tr>\n<\/tbody>\n<\/table>\n<p>&nbsp;<\/p>\n","protected":false},"excerpt":{"rendered":"<p>\u00d6ZELL\u0130KLER \u00dcr\u00fcn Kodu A\/C 988 Gaz Tipi R-134a Cihaz \u00c7al\u0131\u015fma S\u0131cakl\u0131\u011f\u0131 5-50\u00b0 C Gaz Tank Kapasitesi 12kg Ya\u011f Tank\u0131 2x180ml Hortum Uzunlu\u011fu 300cm SAE-J2196 G\u00fc\u00e7 Kayna\u011f\u0131 220v 50hz &#8211; 240v 60hz Klima Ya\u011f\u0131 1g Brim Cihaz \u00d6l\u00e7\u00fcleri 1000 x 563 x 482 mm Cihaz A\u011f\u0131rl\u0131\u011f\u0131 65kg &nbsp;<\/p>\n","protected":false},"featured_media":13262,"comment_status":"open","ping_status":"closed","template":"","meta":[],"product_brand":[],"product_cat":[15,90,103],"product_tag":[],"class_list":{"0":"post-13259","1":"product","2":"type-product","3":"status-publish","4":"has-post-thumbnail","6":"product_cat-genel","7":"product_cat-havali-aletler","8":"product_cat-klima-test-cihazlari","10":"first","11":"instock","12":"shipping-taxable","13":"product-type-simple"},"_links":{"self":[{"href":"http:\/\/basakcilastik.com.tr\/index.php?rest_route=\/wp\/v2\/product\/13259","targetHints":{"allow":["GET"]}}],"collection":[{"href":"http:\/\/basakcilastik.com.tr\/index.php?rest_route=\/wp\/v2\/product"}],"about":[{"href":"http:\/\/basakcilastik.com.tr\/index.php?rest_route=\/wp\/v2\/types\/product"}],"replies":[{"embeddable":true,"href":"http:\/\/basakcilastik.com.tr\/index.php?rest_route=%2Fwp%2Fv2%2Fcomments&post=13259"}],"wp:featuredmedia":[{"embeddable":true,"href":"http:\/\/basakcilastik.com.tr\/index.php?rest_route=\/wp\/v2\/media\/13262"}],"wp:attachment":[{"href":"http:\/\/basakcilastik.com.tr\/index.php?rest_route=%2Fwp%2Fv2%2Fmedia&parent=13259"}],"wp:term":[{"taxonomy":"product_brand","embeddable":true,"href":"http:\/\/basakcilastik.com.tr\/index.php?rest_route=%2Fwp%2Fv2%2Fproduct_brand&post=13259"},{"taxonomy":"product_cat","embeddable":true,"href":"http:\/\/basakcilastik.com.tr\/index.php?rest_route=%2Fwp%2Fv2%2Fproduct_cat&post=13259"},{"taxonomy":"product_tag","embeddable":true,"href":"http:\/\/basakcilastik.com.tr\/index.php?rest_route=%2Fwp%2Fv2%2Fproduct_tag&post=13259"}],"curies":[{"name":"wp","href":"https:\/\/api.w.org\/{rel}","templated":true}]}}