{"id":13251,"date":"2020-07-24T15:31:34","date_gmt":"2020-07-24T15:31:34","guid":{"rendered":"https:\/\/basakcilastik.com.tr\/?post_type=product&#038;p=13251"},"modified":"2020-07-24T15:31:35","modified_gmt":"2020-07-24T15:31:35","slug":"opt-p-kc-16-3-kilavuz-cekme","status":"publish","type":"product","link":"http:\/\/basakcilastik.com.tr\/?product=opt-p-kc-16-3-kilavuz-cekme","title":{"rendered":"OPT-P KC 16-3 KILAVUZ \u00c7EKME"},"content":{"rendered":"<p>OPT-P KC 16-3 KILAVUZ \u00c7EKME<\/p>\n<p><strong>Uzunluk: 200 mm<\/strong><br \/>\n<strong>Pens \u00c7ap\u0131: 3-16 mm<\/strong><br \/>\n<strong>Bo\u015fta Devir: 300 RPM<\/strong><br \/>\n<strong>Hava T\u00fcketimi: 285 lt\/dk<\/strong><br \/>\n<strong>Hava Giri\u015f Nipeli: 3\/8&#8243;<\/strong><br \/>\n<strong>Hortum \u00c7ap\u0131: 11.00 mm<\/strong><br \/>\n<strong>\u00c7al\u0131\u015fma Bas\u0131nc\u0131: 90 psi (6.2 at\u00fc)<\/strong><br \/>\n<strong>A\u011f\u0131rl\u0131k: 2.40 kg<\/strong><\/p>\n<p>&nbsp;<\/p>\n","protected":false},"excerpt":{"rendered":"<p>OPT-P KC 16-3 KILAVUZ \u00c7EKME Uzunluk: 200 mm Pens \u00c7ap\u0131: 3-16 mm Bo\u015fta Devir: 300 RPM Hava T\u00fcketimi: 285 lt\/dk Hava Giri\u015f Nipeli: 3\/8&#8243; Hortum \u00c7ap\u0131: 11.00 mm \u00c7al\u0131\u015fma Bas\u0131nc\u0131: 90 psi (6.2 at\u00fc) A\u011f\u0131rl\u0131k: 2.40 kg &nbsp;<\/p>\n","protected":false},"featured_media":13254,"comment_status":"open","ping_status":"closed","template":"","meta":[],"product_brand":[],"product_cat":[15,90,102],"product_tag":[],"class_list":{"0":"post-13251","1":"product","2":"type-product","3":"status-publish","4":"has-post-thumbnail","6":"product_cat-genel","7":"product_cat-havali-aletler","8":"product_cat-klavuz-cekmeler","10":"first","11":"instock","12":"shipping-taxable","13":"product-type-simple"},"_links":{"self":[{"href":"http:\/\/basakcilastik.com.tr\/index.php?rest_route=\/wp\/v2\/product\/13251","targetHints":{"allow":["GET"]}}],"collection":[{"href":"http:\/\/basakcilastik.com.tr\/index.php?rest_route=\/wp\/v2\/product"}],"about":[{"href":"http:\/\/basakcilastik.com.tr\/index.php?rest_route=\/wp\/v2\/types\/product"}],"replies":[{"embeddable":true,"href":"http:\/\/basakcilastik.com.tr\/index.php?rest_route=%2Fwp%2Fv2%2Fcomments&post=13251"}],"wp:featuredmedia":[{"embeddable":true,"href":"http:\/\/basakcilastik.com.tr\/index.php?rest_route=\/wp\/v2\/media\/13254"}],"wp:attachment":[{"href":"http:\/\/basakcilastik.com.tr\/index.php?rest_route=%2Fwp%2Fv2%2Fmedia&parent=13251"}],"wp:term":[{"taxonomy":"product_brand","embeddable":true,"href":"http:\/\/basakcilastik.com.tr\/index.php?rest_route=%2Fwp%2Fv2%2Fproduct_brand&post=13251"},{"taxonomy":"product_cat","embeddable":true,"href":"http:\/\/basakcilastik.com.tr\/index.php?rest_route=%2Fwp%2Fv2%2Fproduct_cat&post=13251"},{"taxonomy":"product_tag","embeddable":true,"href":"http:\/\/basakcilastik.com.tr\/index.php?rest_route=%2Fwp%2Fv2%2Fproduct_tag&post=13251"}],"curies":[{"name":"wp","href":"https:\/\/api.w.org\/{rel}","templated":true}]}}