{"id":13247,"date":"2020-07-24T15:30:26","date_gmt":"2020-07-24T15:30:26","guid":{"rendered":"https:\/\/basakcilastik.com.tr\/?post_type=product&#038;p=13247"},"modified":"2020-07-24T15:30:27","modified_gmt":"2020-07-24T15:30:27","slug":"opt-p-hm32-k-kilavuz-cekme","status":"publish","type":"product","link":"http:\/\/basakcilastik.com.tr\/?product=opt-p-hm32-k-kilavuz-cekme","title":{"rendered":"OPT-P HM32-K KILAVUZ \u00c7EKME"},"content":{"rendered":"<p>OPT-P HM32-K KILAVUZ \u00c7EKME<\/p>\n<p><strong>Kapasite: M4-M32<\/strong><br \/>\n<strong>Devir: 0-200 RPM<\/strong><br \/>\n<strong>A\u011f\u0131rl\u0131k: 22 kg<\/strong><br \/>\n<strong>Motor: 5 HP<\/strong><br \/>\n<strong>Hidrolik Bas\u0131n\u00e7: 140 Bar<\/strong><br \/>\n<strong>Elektrik Giri\u015fi: 3mx380 V\/50 Hz<\/strong><br \/>\n<strong>Koli Adedi: 1 adet<\/strong><\/p>\n<p><strong>Standart aksesuarlar<\/strong><br \/>\n<strong>Hidrolik k\u0131lavuz \u00e7ekme mili<\/strong><br \/>\n<strong>Paralel kol<\/strong><br \/>\n<strong>Masa montaj kolonu<\/strong><br \/>\n<strong>6 adet k\u0131lavuz mili<\/strong><br \/>\n<strong>Hidrolik motor-hidrolik pompa hidrolik kasa<\/strong><br \/>\n<strong>Elektrik kontrol devresi<\/strong><\/p>\n<p>&nbsp;<\/p>\n","protected":false},"excerpt":{"rendered":"<p>OPT-P HM32-K KILAVUZ \u00c7EKME Kapasite: M4-M32 Devir: 0-200 RPM A\u011f\u0131rl\u0131k: 22 kg Motor: 5 HP Hidrolik Bas\u0131n\u00e7: 140 Bar Elektrik Giri\u015fi: 3mx380 V\/50 Hz Koli Adedi: 1 adet Standart aksesuarlar Hidrolik k\u0131lavuz \u00e7ekme mili Paralel kol Masa montaj kolonu 6 adet k\u0131lavuz mili Hidrolik motor-hidrolik pompa hidrolik kasa Elektrik kontrol devresi &nbsp;<\/p>\n","protected":false},"featured_media":13250,"comment_status":"open","ping_status":"closed","template":"","meta":[],"product_brand":[],"product_cat":[15,90,102],"product_tag":[],"class_list":{"0":"post-13247","1":"product","2":"type-product","3":"status-publish","4":"has-post-thumbnail","6":"product_cat-genel","7":"product_cat-havali-aletler","8":"product_cat-klavuz-cekmeler","10":"first","11":"instock","12":"shipping-taxable","13":"product-type-simple"},"_links":{"self":[{"href":"http:\/\/basakcilastik.com.tr\/index.php?rest_route=\/wp\/v2\/product\/13247","targetHints":{"allow":["GET"]}}],"collection":[{"href":"http:\/\/basakcilastik.com.tr\/index.php?rest_route=\/wp\/v2\/product"}],"about":[{"href":"http:\/\/basakcilastik.com.tr\/index.php?rest_route=\/wp\/v2\/types\/product"}],"replies":[{"embeddable":true,"href":"http:\/\/basakcilastik.com.tr\/index.php?rest_route=%2Fwp%2Fv2%2Fcomments&post=13247"}],"wp:featuredmedia":[{"embeddable":true,"href":"http:\/\/basakcilastik.com.tr\/index.php?rest_route=\/wp\/v2\/media\/13250"}],"wp:attachment":[{"href":"http:\/\/basakcilastik.com.tr\/index.php?rest_route=%2Fwp%2Fv2%2Fmedia&parent=13247"}],"wp:term":[{"taxonomy":"product_brand","embeddable":true,"href":"http:\/\/basakcilastik.com.tr\/index.php?rest_route=%2Fwp%2Fv2%2Fproduct_brand&post=13247"},{"taxonomy":"product_cat","embeddable":true,"href":"http:\/\/basakcilastik.com.tr\/index.php?rest_route=%2Fwp%2Fv2%2Fproduct_cat&post=13247"},{"taxonomy":"product_tag","embeddable":true,"href":"http:\/\/basakcilastik.com.tr\/index.php?rest_route=%2Fwp%2Fv2%2Fproduct_tag&post=13247"}],"curies":[{"name":"wp","href":"https:\/\/api.w.org\/{rel}","templated":true}]}}