{"id":13241,"date":"2020-07-24T15:28:45","date_gmt":"2020-07-24T15:28:45","guid":{"rendered":"https:\/\/basakcilastik.com.tr\/?post_type=product&#038;p=13241"},"modified":"2020-07-24T15:28:46","modified_gmt":"2020-07-24T15:28:46","slug":"opt-p-3-16k-kilavuz-cekme","status":"publish","type":"product","link":"http:\/\/basakcilastik.com.tr\/?product=opt-p-3-16k-kilavuz-cekme","title":{"rendered":"OPT-P 3-16K KILAVUZ \u00c7EKME"},"content":{"rendered":"<p>OPT-P 3-16K KILAVUZ \u00c7EKME<\/p>\n<p><strong>Kapasite: M3-M16<\/strong><br \/>\n<strong>Devir: 300 RPM<\/strong><br \/>\n<strong>\u00c7al\u0131\u015fma mesafesi: Rmax=1400 mm<\/strong><br \/>\n<strong>Rmin=200 mm<\/strong><br \/>\n<strong>A\u011f\u0131rl\u0131k: 20 kg<\/strong><br \/>\n<strong>Koli Adedi: 1 adet<\/strong><\/p>\n<p><strong>Standart aksesuarlar<\/strong><br \/>\n<strong>Haval\u0131 k\u0131lavuz \u00e7ekme mili<\/strong><br \/>\n<strong>Paralel kol<\/strong><br \/>\n<strong>Masa montaj kolonu<\/strong><br \/>\n<strong>\u015eartland\u0131r\u0131c\u0131<\/strong><br \/>\n<strong>Radyal vin\u00e7 kolu-kol eri\u015fimini 500 mm y\u00fckseltir<\/strong><br \/>\n<strong>Yedek pens: M6-M8-M10-M12-M14-M16<\/strong><\/p>\n<p>&nbsp;<\/p>\n","protected":false},"excerpt":{"rendered":"<p>OPT-P 3-16K KILAVUZ \u00c7EKME Kapasite: M3-M16 Devir: 300 RPM \u00c7al\u0131\u015fma mesafesi: Rmax=1400 mm Rmin=200 mm A\u011f\u0131rl\u0131k: 20 kg Koli Adedi: 1 adet Standart aksesuarlar Haval\u0131 k\u0131lavuz \u00e7ekme mili Paralel kol Masa montaj kolonu \u015eartland\u0131r\u0131c\u0131 Radyal vin\u00e7 kolu-kol eri\u015fimini 500 mm y\u00fckseltir Yedek pens: M6-M8-M10-M12-M14-M16 &nbsp;<\/p>\n","protected":false},"featured_media":13244,"comment_status":"open","ping_status":"closed","template":"","meta":[],"product_brand":[],"product_cat":[15,90,102],"product_tag":[],"class_list":{"0":"post-13241","1":"product","2":"type-product","3":"status-publish","4":"has-post-thumbnail","6":"product_cat-genel","7":"product_cat-havali-aletler","8":"product_cat-klavuz-cekmeler","10":"first","11":"instock","12":"shipping-taxable","13":"product-type-simple"},"_links":{"self":[{"href":"http:\/\/basakcilastik.com.tr\/index.php?rest_route=\/wp\/v2\/product\/13241","targetHints":{"allow":["GET"]}}],"collection":[{"href":"http:\/\/basakcilastik.com.tr\/index.php?rest_route=\/wp\/v2\/product"}],"about":[{"href":"http:\/\/basakcilastik.com.tr\/index.php?rest_route=\/wp\/v2\/types\/product"}],"replies":[{"embeddable":true,"href":"http:\/\/basakcilastik.com.tr\/index.php?rest_route=%2Fwp%2Fv2%2Fcomments&post=13241"}],"wp:featuredmedia":[{"embeddable":true,"href":"http:\/\/basakcilastik.com.tr\/index.php?rest_route=\/wp\/v2\/media\/13244"}],"wp:attachment":[{"href":"http:\/\/basakcilastik.com.tr\/index.php?rest_route=%2Fwp%2Fv2%2Fmedia&parent=13241"}],"wp:term":[{"taxonomy":"product_brand","embeddable":true,"href":"http:\/\/basakcilastik.com.tr\/index.php?rest_route=%2Fwp%2Fv2%2Fproduct_brand&post=13241"},{"taxonomy":"product_cat","embeddable":true,"href":"http:\/\/basakcilastik.com.tr\/index.php?rest_route=%2Fwp%2Fv2%2Fproduct_cat&post=13241"},{"taxonomy":"product_tag","embeddable":true,"href":"http:\/\/basakcilastik.com.tr\/index.php?rest_route=%2Fwp%2Fv2%2Fproduct_tag&post=13241"}],"curies":[{"name":"wp","href":"https:\/\/api.w.org\/{rel}","templated":true}]}}