{"id":13020,"date":"2020-07-24T12:12:03","date_gmt":"2020-07-24T12:12:03","guid":{"rendered":"https:\/\/basakcilastik.com.tr\/?post_type=product&#038;p=13020"},"modified":"2020-07-24T12:12:04","modified_gmt":"2020-07-24T12:12:04","slug":"duz-tel-firca","status":"publish","type":"product","link":"http:\/\/basakcilastik.com.tr\/?product=duz-tel-firca","title":{"rendered":"D\u00dcZ TEL FIR\u00c7A"},"content":{"rendered":"<p>D\u00dcZ TEL FIR\u00c7A<\/p>\n","protected":false},"excerpt":{"rendered":"<p>D\u00dcZ TEL FIR\u00c7A<\/p>\n","protected":false},"featured_media":13023,"comment_status":"open","ping_status":"closed","template":"","meta":[],"product_brand":[],"product_cat":[15,90,101],"product_tag":[],"class_list":{"0":"post-13020","1":"product","2":"type-product","3":"status-publish","4":"has-post-thumbnail","6":"product_cat-genel","7":"product_cat-havali-aletler","8":"product_cat-kaplinler","10":"first","11":"instock","12":"shipping-taxable","13":"product-type-simple"},"_links":{"self":[{"href":"http:\/\/basakcilastik.com.tr\/index.php?rest_route=\/wp\/v2\/product\/13020","targetHints":{"allow":["GET"]}}],"collection":[{"href":"http:\/\/basakcilastik.com.tr\/index.php?rest_route=\/wp\/v2\/product"}],"about":[{"href":"http:\/\/basakcilastik.com.tr\/index.php?rest_route=\/wp\/v2\/types\/product"}],"replies":[{"embeddable":true,"href":"http:\/\/basakcilastik.com.tr\/index.php?rest_route=%2Fwp%2Fv2%2Fcomments&post=13020"}],"wp:featuredmedia":[{"embeddable":true,"href":"http:\/\/basakcilastik.com.tr\/index.php?rest_route=\/wp\/v2\/media\/13023"}],"wp:attachment":[{"href":"http:\/\/basakcilastik.com.tr\/index.php?rest_route=%2Fwp%2Fv2%2Fmedia&parent=13020"}],"wp:term":[{"taxonomy":"product_brand","embeddable":true,"href":"http:\/\/basakcilastik.com.tr\/index.php?rest_route=%2Fwp%2Fv2%2Fproduct_brand&post=13020"},{"taxonomy":"product_cat","embeddable":true,"href":"http:\/\/basakcilastik.com.tr\/index.php?rest_route=%2Fwp%2Fv2%2Fproduct_cat&post=13020"},{"taxonomy":"product_tag","embeddable":true,"href":"http:\/\/basakcilastik.com.tr\/index.php?rest_route=%2Fwp%2Fv2%2Fproduct_tag&post=13020"}],"curies":[{"name":"wp","href":"https:\/\/api.w.org\/{rel}","templated":true}]}}