{"id":12955,"date":"2020-07-23T22:39:45","date_gmt":"2020-07-23T22:39:45","guid":{"rendered":"https:\/\/basakcilastik.com.tr\/?post_type=product&#038;p=12955"},"modified":"2020-07-23T22:39:45","modified_gmt":"2020-07-23T22:39:45","slug":"sappower-havali-el-aletleri-mikro-havali-kalipci-taslama-dg-m5","status":"publish","type":"product","link":"http:\/\/basakcilastik.com.tr\/?product=sappower-havali-el-aletleri-mikro-havali-kalipci-taslama-dg-m5","title":{"rendered":"SAPPOWER HAVALI EL ALETLER\u0130 M\u0130KRO HAVALI KALIP\u00c7I  TA\u015eLAMA DG-M5"},"content":{"rendered":"<table width=\"700\">\n<tbody>\n<tr>\n<td colspan=\"2\"><strong>SAPPOWER HAVALI EL ALETLER\u0130 M\u0130KRO HAVALI KALIP\u00c7I \u00a0TA\u015eLAMA DG-M5<\/strong><\/td>\n<\/tr>\n<tr>\n<td colspan=\"2\"><strong>Mikro tip kal\u0131p\u00e7\u0131 ta\u015flama makinas\u0131<\/strong><\/p>\n<ul>\n<li><strong>Hafif tip al\u00fcminyum g\u00f6vde<\/strong><\/li>\n<\/ul>\n<p>\u200bKullan\u0131m Alanlar\u0131<\/p>\n<p>K\u00fc\u00e7\u00fck \u00e7apl\u0131 kal\u0131p parlatma ve ta\u015flama i\u015flerinde.<\/p>\n<p>&nbsp;<\/td>\n<\/tr>\n<tr>\n<td width=\"162\">\u00dcr\u00fcn Kodu<\/td>\n<td width=\"155\">DG-M5<\/td>\n<\/tr>\n<tr>\n<td>G\u00f6vde Materyali<\/td>\n<td>ALUM\u0130N\u0130UM<\/td>\n<\/tr>\n<tr>\n<td>U\u00e7 kapasitesi<\/td>\n<td>3 mm<\/td>\n<\/tr>\n<tr>\n<td>Max.S\u0131kma Torkum<\/td>\n<td>&#8211;<\/td>\n<\/tr>\n<tr>\n<td>\u00a0Mekanizma<\/td>\n<td>standart<\/td>\n<\/tr>\n<tr>\n<td>Bo\u015fta Devir<\/td>\n<td>54000 rpm<\/td>\n<\/tr>\n<tr>\n<td>Uzunluk<\/td>\n<td>134 mm<\/td>\n<\/tr>\n<tr>\n<td>A\u011f\u0131rl\u0131k<\/td>\n<td>0.20 kg<\/td>\n<\/tr>\n<tr>\n<td>\u00c7al\u0131\u015fma Bas\u0131nc\u0131<\/td>\n<td>6.3 bar<\/td>\n<\/tr>\n<tr>\n<td>Minumum Hortum \u00d6l\u00e7\u00fcs\u00fc<\/td>\n<td>8 mm<\/td>\n<\/tr>\n<tr>\n<td>Hava T\u00fcketimi<\/td>\n<td>57 1\/min<\/td>\n<\/tr>\n<\/tbody>\n<\/table>\n","protected":false},"excerpt":{"rendered":"<p>SAPPOWER HAVALI EL ALETLER\u0130 M\u0130KRO HAVALI KALIP\u00c7I \u00a0TA\u015eLAMA DG-M5 Mikro tip kal\u0131p\u00e7\u0131 ta\u015flama makinas\u0131 Hafif tip al\u00fcminyum g\u00f6vde \u200bKullan\u0131m Alanlar\u0131 K\u00fc\u00e7\u00fck \u00e7apl\u0131 kal\u0131p parlatma ve ta\u015flama i\u015flerinde. &nbsp; \u00dcr\u00fcn Kodu DG-M5 G\u00f6vde Materyali ALUM\u0130N\u0130UM U\u00e7 kapasitesi 3 mm Max.S\u0131kma Torkum &#8211; \u00a0Mekanizma standart Bo\u015fta Devir 54000 rpm Uzunluk 134 mm A\u011f\u0131rl\u0131k 0.20 kg \u00c7al\u0131\u015fma Bas\u0131nc\u0131 6.3 bar Minumum Hortum \u00d6l\u00e7\u00fcs\u00fc [&hellip;]<\/p>\n","protected":false},"featured_media":12958,"comment_status":"open","ping_status":"closed","template":"","meta":[],"product_brand":[],"product_cat":[15,90,100],"product_tag":[],"class_list":{"0":"post-12955","1":"product","2":"type-product","3":"status-publish","4":"has-post-thumbnail","6":"product_cat-genel","7":"product_cat-havali-aletler","8":"product_cat-kalipci-taslamalar-havali-aletler","10":"first","11":"instock","12":"shipping-taxable","13":"product-type-simple"},"_links":{"self":[{"href":"http:\/\/basakcilastik.com.tr\/index.php?rest_route=\/wp\/v2\/product\/12955","targetHints":{"allow":["GET"]}}],"collection":[{"href":"http:\/\/basakcilastik.com.tr\/index.php?rest_route=\/wp\/v2\/product"}],"about":[{"href":"http:\/\/basakcilastik.com.tr\/index.php?rest_route=\/wp\/v2\/types\/product"}],"replies":[{"embeddable":true,"href":"http:\/\/basakcilastik.com.tr\/index.php?rest_route=%2Fwp%2Fv2%2Fcomments&post=12955"}],"wp:featuredmedia":[{"embeddable":true,"href":"http:\/\/basakcilastik.com.tr\/index.php?rest_route=\/wp\/v2\/media\/12958"}],"wp:attachment":[{"href":"http:\/\/basakcilastik.com.tr\/index.php?rest_route=%2Fwp%2Fv2%2Fmedia&parent=12955"}],"wp:term":[{"taxonomy":"product_brand","embeddable":true,"href":"http:\/\/basakcilastik.com.tr\/index.php?rest_route=%2Fwp%2Fv2%2Fproduct_brand&post=12955"},{"taxonomy":"product_cat","embeddable":true,"href":"http:\/\/basakcilastik.com.tr\/index.php?rest_route=%2Fwp%2Fv2%2Fproduct_cat&post=12955"},{"taxonomy":"product_tag","embeddable":true,"href":"http:\/\/basakcilastik.com.tr\/index.php?rest_route=%2Fwp%2Fv2%2Fproduct_tag&post=12955"}],"curies":[{"name":"wp","href":"https:\/\/api.w.org\/{rel}","templated":true}]}}