{"id":12931,"date":"2020-07-23T22:30:56","date_gmt":"2020-07-23T22:30:56","guid":{"rendered":"https:\/\/basakcilastik.com.tr\/?post_type=product&#038;p=12931"},"modified":"2020-07-23T22:30:56","modified_gmt":"2020-07-23T22:30:56","slug":"os-5261-gav-havali-kalipci-taslama","status":"publish","type":"product","link":"http:\/\/basakcilastik.com.tr\/?product=os-5261-gav-havali-kalipci-taslama","title":{"rendered":"OS-5261 GAV Haval\u0131 Kal\u0131p\u00e7\u0131 Ta\u015flama"},"content":{"rendered":"<table width=\"300\">\n<tbody>\n<tr>\n<td colspan=\"2\">END\u00dcSTR\u0130YEL\u00a0\u00a0\u00a0\u00a0\u00a0\u00a0 \u00d6NDEN EGZOZ<\/td>\n<\/tr>\n<tr>\n<td>Pens \u00c7ap\u0131<\/td>\n<td>\u00a06 mm (3mm*)<\/td>\n<\/tr>\n<tr>\n<td>Uzakl\u0131k<\/td>\n<td>\u00a0300 mm<\/td>\n<\/tr>\n<tr>\n<td>Bo\u015fta Devir<\/td>\n<td>\u00a024.000 RPM<\/td>\n<\/tr>\n<tr>\n<td>G\u00fc\u00e7<\/td>\n<td>\u00a00.35 HP<\/td>\n<\/tr>\n<tr>\n<td>Hortum \u00d6l\u00e7\u00fcs\u00fc<\/td>\n<td>\u00a010 mm<\/td>\n<\/tr>\n<tr>\n<td>Hava T\u00fcketimi<\/td>\n<td>\u00a0180 LT\/DK<\/td>\n<\/tr>\n<tr>\n<td>\u00c7al\u0131\u015fma Bas\u0131nc\u0131<\/td>\n<td>\u00a06,3-8,0 AT\u00dc<\/td>\n<\/tr>\n<tr>\n<td>Hava Giri\u015f Nipeli<\/td>\n<td>\u00a01\/4&#8243;<\/td>\n<\/tr>\n<tr>\n<td>A\u011f\u0131rl\u0131k<\/td>\n<td>\u00a01.00 Kg<\/td>\n<\/tr>\n<\/tbody>\n<\/table>\n<p>&nbsp;<\/p>\n","protected":false},"excerpt":{"rendered":"<p>END\u00dcSTR\u0130YEL\u00a0\u00a0\u00a0\u00a0\u00a0\u00a0 \u00d6NDEN EGZOZ Pens \u00c7ap\u0131 \u00a06 mm (3mm*) Uzakl\u0131k \u00a0300 mm Bo\u015fta Devir \u00a024.000 RPM G\u00fc\u00e7 \u00a00.35 HP Hortum \u00d6l\u00e7\u00fcs\u00fc \u00a010 mm Hava T\u00fcketimi \u00a0180 LT\/DK \u00c7al\u0131\u015fma Bas\u0131nc\u0131 \u00a06,3-8,0 AT\u00dc Hava Giri\u015f Nipeli \u00a01\/4&#8243; A\u011f\u0131rl\u0131k \u00a01.00 Kg &nbsp;<\/p>\n","protected":false},"featured_media":12934,"comment_status":"open","ping_status":"closed","template":"","meta":[],"product_brand":[],"product_cat":[15,90,100],"product_tag":[],"class_list":{"0":"post-12931","1":"product","2":"type-product","3":"status-publish","4":"has-post-thumbnail","6":"product_cat-genel","7":"product_cat-havali-aletler","8":"product_cat-kalipci-taslamalar-havali-aletler","10":"first","11":"instock","12":"shipping-taxable","13":"product-type-simple"},"_links":{"self":[{"href":"http:\/\/basakcilastik.com.tr\/index.php?rest_route=\/wp\/v2\/product\/12931","targetHints":{"allow":["GET"]}}],"collection":[{"href":"http:\/\/basakcilastik.com.tr\/index.php?rest_route=\/wp\/v2\/product"}],"about":[{"href":"http:\/\/basakcilastik.com.tr\/index.php?rest_route=\/wp\/v2\/types\/product"}],"replies":[{"embeddable":true,"href":"http:\/\/basakcilastik.com.tr\/index.php?rest_route=%2Fwp%2Fv2%2Fcomments&post=12931"}],"wp:featuredmedia":[{"embeddable":true,"href":"http:\/\/basakcilastik.com.tr\/index.php?rest_route=\/wp\/v2\/media\/12934"}],"wp:attachment":[{"href":"http:\/\/basakcilastik.com.tr\/index.php?rest_route=%2Fwp%2Fv2%2Fmedia&parent=12931"}],"wp:term":[{"taxonomy":"product_brand","embeddable":true,"href":"http:\/\/basakcilastik.com.tr\/index.php?rest_route=%2Fwp%2Fv2%2Fproduct_brand&post=12931"},{"taxonomy":"product_cat","embeddable":true,"href":"http:\/\/basakcilastik.com.tr\/index.php?rest_route=%2Fwp%2Fv2%2Fproduct_cat&post=12931"},{"taxonomy":"product_tag","embeddable":true,"href":"http:\/\/basakcilastik.com.tr\/index.php?rest_route=%2Fwp%2Fv2%2Fproduct_tag&post=12931"}],"curies":[{"name":"wp","href":"https:\/\/api.w.org\/{rel}","templated":true}]}}