{"id":12912,"date":"2020-07-23T22:02:58","date_gmt":"2020-07-23T22:02:58","guid":{"rendered":"https:\/\/basakcilastik.com.tr\/?post_type=product&#038;p=12912"},"modified":"2020-07-23T22:02:58","modified_gmt":"2020-07-23T22:02:58","slug":"opt-p-6345-35-endustriyel-turbinli-kalipci-taslama","status":"publish","type":"product","link":"http:\/\/basakcilastik.com.tr\/?product=opt-p-6345-35-endustriyel-turbinli-kalipci-taslama","title":{"rendered":"OPT-P 6345-35 END\u00dcSTR\u0130YEL T\u00dcRB\u0130NL\u0130 KALIP\u00c7I TA\u015eLAMA"},"content":{"rendered":"<p>OPT-P 6345-35<\/p>\n<p><strong>Pens \u00c7ap\u0131: 3 mm<\/strong><br \/>\n<strong>Ta\u015f \u00c7ap\u0131: 30 mm<\/strong><br \/>\n<strong>G\u00fc\u00e7: 0.32 kW<\/strong><br \/>\n<strong>Bo\u015fta Devir: 35.000 RPM<\/strong><br \/>\n<strong>Hortum \u00c7ap\u0131: 8.00 mm<\/strong><br \/>\n<strong>Hava Giri\u015f Nipeli: 1\/4&#8243;<\/strong><br \/>\n<strong>Hava T\u00fcketimi: 340 lt\/dk<\/strong><br \/>\n<strong>Ses \u015eiddeti: 72 dB(A)<\/strong><br \/>\n<strong>\u00c7al\u0131\u015fma Bas\u0131nc\u0131: 6.3 bar<\/strong><br \/>\n<strong>A\u011f\u0131rl\u0131k: 0.26 kg<\/strong><\/p>\n<p>&nbsp;<\/p>\n","protected":false},"excerpt":{"rendered":"<p>OPT-P 6345-35 Pens \u00c7ap\u0131: 3 mm Ta\u015f \u00c7ap\u0131: 30 mm G\u00fc\u00e7: 0.32 kW Bo\u015fta Devir: 35.000 RPM Hortum \u00c7ap\u0131: 8.00 mm Hava Giri\u015f Nipeli: 1\/4&#8243; Hava T\u00fcketimi: 340 lt\/dk Ses \u015eiddeti: 72 dB(A) \u00c7al\u0131\u015fma Bas\u0131nc\u0131: 6.3 bar A\u011f\u0131rl\u0131k: 0.26 kg &nbsp;<\/p>\n","protected":false},"featured_media":12915,"comment_status":"open","ping_status":"closed","template":"","meta":[],"product_brand":[],"product_cat":[15,90,100],"product_tag":[],"class_list":{"0":"post-12912","1":"product","2":"type-product","3":"status-publish","4":"has-post-thumbnail","6":"product_cat-genel","7":"product_cat-havali-aletler","8":"product_cat-kalipci-taslamalar-havali-aletler","10":"first","11":"instock","12":"shipping-taxable","13":"product-type-simple"},"_links":{"self":[{"href":"http:\/\/basakcilastik.com.tr\/index.php?rest_route=\/wp\/v2\/product\/12912","targetHints":{"allow":["GET"]}}],"collection":[{"href":"http:\/\/basakcilastik.com.tr\/index.php?rest_route=\/wp\/v2\/product"}],"about":[{"href":"http:\/\/basakcilastik.com.tr\/index.php?rest_route=\/wp\/v2\/types\/product"}],"replies":[{"embeddable":true,"href":"http:\/\/basakcilastik.com.tr\/index.php?rest_route=%2Fwp%2Fv2%2Fcomments&post=12912"}],"wp:featuredmedia":[{"embeddable":true,"href":"http:\/\/basakcilastik.com.tr\/index.php?rest_route=\/wp\/v2\/media\/12915"}],"wp:attachment":[{"href":"http:\/\/basakcilastik.com.tr\/index.php?rest_route=%2Fwp%2Fv2%2Fmedia&parent=12912"}],"wp:term":[{"taxonomy":"product_brand","embeddable":true,"href":"http:\/\/basakcilastik.com.tr\/index.php?rest_route=%2Fwp%2Fv2%2Fproduct_brand&post=12912"},{"taxonomy":"product_cat","embeddable":true,"href":"http:\/\/basakcilastik.com.tr\/index.php?rest_route=%2Fwp%2Fv2%2Fproduct_cat&post=12912"},{"taxonomy":"product_tag","embeddable":true,"href":"http:\/\/basakcilastik.com.tr\/index.php?rest_route=%2Fwp%2Fv2%2Fproduct_tag&post=12912"}],"curies":[{"name":"wp","href":"https:\/\/api.w.org\/{rel}","templated":true}]}}