{"id":12822,"date":"2020-07-23T21:15:14","date_gmt":"2020-07-23T21:15:14","guid":{"rendered":"https:\/\/basakcilastik.com.tr\/?post_type=product&#038;p=12822"},"modified":"2020-07-23T21:15:15","modified_gmt":"2020-07-23T21:15:15","slug":"dg-y-sappower-havali-el-aletleri-havali-kalipci-taslama","status":"publish","type":"product","link":"http:\/\/basakcilastik.com.tr\/?product=dg-y-sappower-havali-el-aletleri-havali-kalipci-taslama","title":{"rendered":"DG-Y  SAPPOWER HAVALI EL ALETLER\u0130 HAVALI KALIP\u00c7I TA\u015eLAMA"},"content":{"rendered":"<table width=\"700\">\n<tbody>\n<tr>\n<td colspan=\"2\">DG-Y<strong>\u00a0\u00a0SAPPOWER HAVALI EL ALETLER\u0130 HAVALI KALIP\u00c7I TA\u015eLAMA<\/strong><\/td>\n<\/tr>\n<tr>\n<td colspan=\"2\"><strong>Y\u00fcksek tip kal\u0131p\u00e7\u0131 ta\u015flama makinas\u0131\u00a0<\/strong><\/p>\n<ul>\n<li>Hafif tip al\u00fcminyum g\u00f6vde<\/li>\n<li><\/li>\n<\/ul>\n<p><strong>Kullan\u0131m Alanlar\u0131 :K\u00fc\u00e7\u00fck \u00e7apl\u0131 kal\u0131p parlatma ve ta\u015flama i\u015flerinde ara\u00e7lar\u0131n lastik onar\u0131mlar\u0131nda pvc al\u00fcminyum do\u011frama at\u00f6lyesinde.<\/strong><\/p>\n<p>&nbsp;<\/td>\n<\/tr>\n<tr>\n<td width=\"162\"><strong>\u00dcr\u00fcn Kodu<\/strong><\/td>\n<td width=\"155\">DG-Y<\/td>\n<\/tr>\n<tr>\n<td><strong>G\u00f6vde Materyali<\/strong><\/td>\n<td>ALUM\u0130N\u0130UM<\/td>\n<\/tr>\n<tr>\n<td><strong>U\u00e7 Kapasitesi<\/strong><\/td>\n<td>6 mm<\/td>\n<\/tr>\n<tr>\n<td><strong>Bo\u015fte Devir<\/strong><\/td>\n<td>2200 rpm<\/td>\n<\/tr>\n<tr>\n<td><strong>\u00a0Mekanizma<\/strong><\/td>\n<td>Standart<\/td>\n<\/tr>\n<tr>\n<td><strong>G\u00fc\u00e7<\/strong><\/td>\n<td>0.43 hp<\/td>\n<\/tr>\n<tr>\n<td><strong>Max s\u0131kma torku<\/strong><\/td>\n<td>0.4-4.5 nm<\/td>\n<\/tr>\n<tr>\n<td><strong>Uzunluk<\/strong><\/td>\n<td>178 mm<\/td>\n<\/tr>\n<tr>\n<td><strong>A\u011f\u0131rl\u0131k<\/strong><\/td>\n<td>0.60 kg<\/td>\n<\/tr>\n<tr>\n<td><strong>\u00c7al\u0131\u015fma Bas\u0131nc\u0131<\/strong><\/td>\n<td>6.3 bar<\/td>\n<\/tr>\n<tr>\n<td><strong>Minumum Hortum \u00d6l\u00e7\u00fcs\u00fc<\/strong><\/td>\n<td>8 mm<\/td>\n<\/tr>\n<tr>\n<td><strong>Hava T\u00fcketimi<\/strong><\/td>\n<td>113 1 1\/min<\/td>\n<\/tr>\n<\/tbody>\n<\/table>\n","protected":false},"excerpt":{"rendered":"<p>DG-Y\u00a0\u00a0SAPPOWER HAVALI EL ALETLER\u0130 HAVALI KALIP\u00c7I TA\u015eLAMA Y\u00fcksek tip kal\u0131p\u00e7\u0131 ta\u015flama makinas\u0131\u00a0 Hafif tip al\u00fcminyum g\u00f6vde Kullan\u0131m Alanlar\u0131 :K\u00fc\u00e7\u00fck \u00e7apl\u0131 kal\u0131p parlatma ve ta\u015flama i\u015flerinde ara\u00e7lar\u0131n lastik onar\u0131mlar\u0131nda pvc al\u00fcminyum do\u011frama at\u00f6lyesinde. &nbsp; \u00dcr\u00fcn Kodu DG-Y G\u00f6vde Materyali ALUM\u0130N\u0130UM U\u00e7 Kapasitesi 6 mm Bo\u015fte Devir 2200 rpm \u00a0Mekanizma Standart G\u00fc\u00e7 0.43 hp Max s\u0131kma torku 0.4-4.5 nm Uzunluk 178 mm [&hellip;]<\/p>\n","protected":false},"featured_media":12825,"comment_status":"open","ping_status":"closed","template":"","meta":[],"product_brand":[],"product_cat":[15,90,100],"product_tag":[],"class_list":{"0":"post-12822","1":"product","2":"type-product","3":"status-publish","4":"has-post-thumbnail","6":"product_cat-genel","7":"product_cat-havali-aletler","8":"product_cat-kalipci-taslamalar-havali-aletler","10":"first","11":"instock","12":"shipping-taxable","13":"product-type-simple"},"_links":{"self":[{"href":"http:\/\/basakcilastik.com.tr\/index.php?rest_route=\/wp\/v2\/product\/12822","targetHints":{"allow":["GET"]}}],"collection":[{"href":"http:\/\/basakcilastik.com.tr\/index.php?rest_route=\/wp\/v2\/product"}],"about":[{"href":"http:\/\/basakcilastik.com.tr\/index.php?rest_route=\/wp\/v2\/types\/product"}],"replies":[{"embeddable":true,"href":"http:\/\/basakcilastik.com.tr\/index.php?rest_route=%2Fwp%2Fv2%2Fcomments&post=12822"}],"wp:featuredmedia":[{"embeddable":true,"href":"http:\/\/basakcilastik.com.tr\/index.php?rest_route=\/wp\/v2\/media\/12825"}],"wp:attachment":[{"href":"http:\/\/basakcilastik.com.tr\/index.php?rest_route=%2Fwp%2Fv2%2Fmedia&parent=12822"}],"wp:term":[{"taxonomy":"product_brand","embeddable":true,"href":"http:\/\/basakcilastik.com.tr\/index.php?rest_route=%2Fwp%2Fv2%2Fproduct_brand&post=12822"},{"taxonomy":"product_cat","embeddable":true,"href":"http:\/\/basakcilastik.com.tr\/index.php?rest_route=%2Fwp%2Fv2%2Fproduct_cat&post=12822"},{"taxonomy":"product_tag","embeddable":true,"href":"http:\/\/basakcilastik.com.tr\/index.php?rest_route=%2Fwp%2Fv2%2Fproduct_tag&post=12822"}],"curies":[{"name":"wp","href":"https:\/\/api.w.org\/{rel}","templated":true}]}}